{"id":10885,"date":"2020-07-14T02:35:41","date_gmt":"2020-07-14T02:35:41","guid":{"rendered":"https:\/\/haitises.com\/?post_type=product&#038;p=10885"},"modified":"2024-04-16T01:40:10","modified_gmt":"2024-04-16T01:40:10","slug":"excursion-de-ballenas-2021-desde-los-hoteles-de-punta-cana-a-la-bahia-de-samana-cayo-levantado-bacardi-island","status":"publish","type":"product","link":"https:\/\/reservandoaventuras.com\/ur\/private\/excursion-de-ballenas-2021-desde-los-hoteles-de-punta-cana-a-la-bahia-de-samana-cayo-levantado-bacardi-island\/","title":{"rendered":"Excursi\u00f3n de Ballenas 2022 desde los hoteles de Punta Cana a la Bah\u00eda de Saman\u00e1 + Cayo Levantado (Bacardi Island)."},"content":{"rendered":"<div class=\"vc_row wpb_row vc_row-fluid\" ><div class=\"wpb_column vc_column_container vc_col-sm-12\"><div class=\"vc_column-inner\"><div class=\"wpb_wrapper\"><div class=\"mkdf-section-title-holder\" style=\"text-align: left\">\n\t<div class=\"mkdf-st-inner\">\n\t\t\t\t\t<h5 class=\"mkdf-st-subtitle\" >\n\t\t\t\tRecogida en hoteles + Cayo Levantado (Bacardi Island).\t\t\t<\/h5>\n\t\t\t\t\t\t\t<h3 class=\"mkdf-st-title\" >\n\t\t\t\tExcursi\u00f3n de Ballenas 2021 desde Punta Cana a la Bah\u00eda de Saman\u00e1\t\t\t<\/h3>\n\t\t\t\t\t<\/div>\n<\/div><\/div><\/div><\/div><\/div><div class=\"vc_row wpb_row vc_row-fluid\" ><div class=\"wpb_column vc_column_container vc_col-sm-12\"><div class=\"vc_column-inner\"><div class=\"wpb_wrapper\">\n\t<div class=\"wpb_text_column wpb_content_element\" >\n\t\t<div class=\"wpb_wrapper\">\n\t\t\t<div class=\"vc_row wpb_row vc_row-fluid\">\n<div class=\"wpb_column vc_column_container vc_col-sm-12\">\n<div class=\"vc_column-inner\">\n<div class=\"wpb_wrapper\">\n<div class=\"wpb_text_column wpb_content_element\">\n<div class=\"wpb_wrapper\">\n<div class=\"vc_row wpb_row vc_row-fluid\">\n<div class=\"wpb_column vc_column_container vc_col-sm-12\">\n<div class=\"vc_column-inner\">\n<div class=\"wpb_wrapper\">\n<div class=\"wpb_text_column wpb_content_element\">\n<div class=\"wpb_wrapper\"><\/div>\n<\/div>\n<\/div>\n<\/div>\n<\/div>\n<\/div>\n<\/div>\n<\/div>\n<\/div>\n<\/div>\n<\/div>\n<\/div>\n<div class=\"vc_row wpb_row vc_row-fluid\">\n<div class=\"wpb_column vc_column_container vc_col-sm-12\">\n<div class=\"vc_column-inner\">\n<div class=\"wpb_wrapper\">\n<div class=\"wpb_text_column wpb_content_element\">\n<div class=\"wpb_wrapper\">\n<h3>\u062a\u0641\u0635\u06cc\u0644<\/h3>\n<p>Ballena Punta Cana, avistamiento de ballenas en la Bah\u00eda de Saman\u00e1 y visita Cayo Levantado durante esta excursi\u00f3n de d\u00eda completo desde los hoteles de Punta Cana. Viaje a la bah\u00eda de Saman\u00e1 a bordo de un c\u00f3modo autob\u00fas con aire acondicionado, luego transfiera a un catamar\u00e1n en barco en Miches. Navegue en aguas abiertas para buscar las manadas de ballenas jorobadas que visitan para reproducirse y tener sus cr\u00edas en el \u00e1rea. Aprenda sobre el comportamiento y la biolog\u00eda de estos mam\u00edferos marinos de su gu\u00eda experto naturalista. Contin\u00fae hacia Cayo Levantado, o la isla Bacardi, para almorzar en la playa y darse un chapuz\u00f3n en las aguas azules antes de regresar a Punta Cana.<\/p>\n<p><strong>\u0646\u0648\u0679:<\/strong> Este recorrido puede incluir o no la parada en la cascada de Lim\u00f3n. Para reservar el mismo viaje con las cascadas, HAGA CLIC AQU\u00cd.<\/p>\n<ul>\n<li>Avistamiento de ballenas<\/li>\n<li>Entradas al Observatorio<\/li>\n<li>\u0633\u0627\u062d\u0644 \u0633\u0645\u0646\u062f\u0631 \u067e\u0631 \u0628\u0648\u0641\u06d2 \u0644\u0646\u0686 \u067e\u0631 \u0645\u0634\u062a\u0645\u0644 \u06c1\u06d2\u06d4<\/li>\n<li>Transferencia de barco<\/li>\n<li>Traslado desde los hoteles de Punta Cana<\/li>\n<li>El Capit\u00e1n proporciona instrucci\u00f3n y supervisi\u00f3n.<\/li>\n<li>Gu\u00eda tur\u00edstico<\/li>\n<\/ul>\n<h3>\u0634\u0645\u0648\u0644\u06cc\u062a \u0627\u0648\u0631 \u0627\u062e\u0631\u0627\u062c<\/h3>\n<h4>\u0634\u0645\u0648\u0644\u06cc\u062a<\/h4>\n<ol>\n<li>\u0633\u0627\u062d\u0644 \u0633\u0645\u0646\u062f\u0631 \u067e\u0631 \u0628\u0648\u0641\u06d2 \u0644\u0646\u0686\u06d4<\/li>\n<li>Gu\u00eda tur\u00edstico<\/li>\n<li>Catamar\u00e1n o paseo en barco<\/li>\n<li>Todos los impuestos, tarifas y cargos por manejo<\/li>\n<li>\u0645\u0642\u0627\u0645\u06cc \u0679\u06cc\u06a9\u0633<\/li>\n<li>\u0645\u0634\u0631\u0648\u0628\u0627\u062a<\/li>\n<\/ol>\n<h4>\u0627\u062e\u0631\u0627\u062c\u0627\u062a<\/h4>\n<ol>\n<li>\u062a\u062c\u0627\u0648\u06cc\u0632<\/li>\n<\/ol>\n<h3><em>\u0631\u0648\u0627\u0646\u06af\u06cc \u0627\u0648\u0631 \u0648\u0627\u067e\u0633\u06cc\u06d4<\/em><\/h3>\n<p>Se ofrece recogida en el hotel para este recorrido. En las notas, simplemente escriba el nombre del hotel para que lo recoja. Recogemos en todos los hoteles de Punta Cana.<\/p>\n<h3>Observaci\u00f3n de Ballenas 2021 en Punta Cana a la Bah\u00eda de Saman\u00e1 + Cayo Levantado (Isla Bacardi) desde los hoteles.<\/h3>\n<h3><em>\u06a9\u06cc\u0627 \u062a\u0648\u0642\u0639 \u06a9\u06cc \u062c\u0627\u0626\u06d2\u061f<\/em><\/h3>\n<p>Ac\u00e9rquese a los gentiles gigantes del mar de la Rep\u00fablica Dominicana durante esta excursi\u00f3n de observaci\u00f3n de ballenas jorobadas de 12 horas en la Bah\u00eda de S\u00e1mana. Pase un d\u00eda inolvidable observando las miles de ballenas que acuden a la isla cada a\u00f1o para aparearse, alimentarse y jugar en sus c\u00e1lidas aguas tropicales. Al observar estas hermosas criaturas, disfrutar\u00e1 de una visi\u00f3n \u00fanica de su gu\u00eda experto en observaci\u00f3n de ballenas. Termine el d\u00eda con un almuerzo incluido y tiempo en la playa en la hermosa isla de Cayo Levantado. El transporte de ida y vuelta al hotel tambi\u00e9n est\u00e1 incluido.<\/p>\n<p>Desde las 9:00 am hasta las 12: 00-mediod\u00eda Observatorio de avistamiento de ballenas y despu\u00e9s de este viaje visitaremos la isla Bacardi \/ Cayo Levantado. En la isla de Bacardi, se proporcionar\u00e1 un almuerzo buffet de estilo t\u00edpico dominicano (arroz, frijoles, pescado, ensaladas &#8230;). Cuando termina el almuerzo, se le permite nadar hasta las 4:30 p.m. El recorrido finalizar\u00e1 a las 5:00 pm en el mismo puerto desde donde comenzar\u00e1 a bordo de nuestro catamar\u00e1n y su autob\u00fas de regreso a los hoteles de Punta Cana.<\/p>\n<p>Este recorrido puede incluir o no la parada en la cascada de Lim\u00f3n. Para reservar el mismo viaje con las cascadas, HAGA CLIC AQU\u00cd.<\/p>\n<p><strong>Horario:<\/strong><\/p>\n<ul>\n<li>6:00 &#8211; 7:00 Recogida de los clientes de los diferentes hoteles.<\/li>\n<li>07:00 Salida hacia Las Canitas en Sabana de la mar<\/li>\n<li>08:15 Llegada al muelle privado<\/li>\n<li>08:15 &#8211; 8:40 Hora del desayuno (s\u00e1ndwiches, muffins, t\u00e9, caf\u00e9, jugos)<\/li>\n<li>8:45 Embarque para comenzar nuestro viaje al santuario de las ballenas jorobadas en Saman\u00e1<\/li>\n<li>11:00 B\u00fasqueda de las ballenas por un per\u00edodo de 45 minutos. Este es el momento seguido por las reglas del gobierno.<\/li>\n<li>11:45 Dir\u00edgete a Cayo Levantado en la Bah\u00eda de Saman\u00e1<\/li>\n<li>12:30 Llegada a Cayo Levantado<\/li>\n<li>13:00 Hora del almuerzo (almuerzo buffet, t\u00edpico dominicano) *<\/li>\n<li>13:45 &#8211; 15:30 Tiempo libre en Cayo Levantado<\/li>\n<li>15:00 &#8211; 15:45 A bordo nuevamente direcci\u00f3n a Miches<\/li>\n<li>17:00 Llegada a Miches y salida a los hoteles en Punta Cana<\/li>\n<li>19:30 &#8211; 20:00 Llegada a hoteles en Punta Cana<\/li>\n<\/ul>\n<p><strong>* Men\u00fa de almuerzo (t\u00edpico dominicano)<\/strong><br \/>\nArroz, pollo a la parrilla o pescado a la parrilla, ensalada, verduras, fruta fresca.<\/p>\n<p>* Los clientes que elijan agregar la parada en la cascada El Lim\u00f3n despu\u00e9s de la observaci\u00f3n de ballenas se mudar\u00e1n a la cascada y tendr\u00e1n menos tiempo para pasar en Cayo Levantado.<\/p>\n<p>Este recorrido puede incluir o no la parada en la cascada de Lim\u00f3n. Para reservar el mismo viaje con las cascadas, HAGA CLIC AQU\u00cd.<\/p>\n<h3><em>\u0622\u067e \u06a9\u0648 \u06a9\u06cc\u0627 \u0644\u0627\u0646\u0627 \u0686\u0627\u06c1\u0626\u06d2\u061f<\/em><\/h3>\n<ul>\n<li>\u06a9\u06cc\u0645\u0631\u06c1<\/li>\n<li>\u0628\u06be\u06af\u0627\u0646\u06d2 \u0648\u0627\u0644\u06d2<\/li>\n<li>\u0633\u0646\u0633\u06a9\u0631\u06cc\u0646<\/li>\n<li>\u0679\u0648\u067e\u06cc<\/li>\n<li>\u0622\u0631\u0627\u0645 \u062f\u06c1 \u067e\u062a\u0644\u0648\u0646<\/li>\n<li>\u0633\u0627\u062d\u0644 \u0633\u0645\u0646\u062f\u0631 \u067e\u0631 \u0633\u06cc\u0646\u0688\u0644<\/li>\n<li>\u067e\u06cc\u0631\u0627\u06a9\u06cc \u06a9\u0627 \u0644\u0628\u0627\u0633<\/li>\n<li>Efectivo para recuerdos<\/li>\n<\/ul>\n<h3><em>\u06c1\u0648\u0679\u0644 \u067e\u06a9 \u0627\u067e<\/em><\/h3>\n<p>Se ofrece recogida en el hotel para este recorrido. En las notas, simplemente escriba el nombre del hotel para que lo recoja. Recogemos en todos los hoteles de Punta Cana.<\/p>\n<p><strong>\u0646\u0648\u0679:<\/strong> si realiza la reserva dentro de las 24 horas de la hora de salida del tour \/ excursi\u00f3n, podemos organizar la recogida en el hotel. Una vez que se complete su compra, le enviaremos informaci\u00f3n de contacto completa (n\u00famero de tel\u00e9fono, direcci\u00f3n de correo electr\u00f3nico, etc.) para que nuestro gu\u00eda tur\u00edstico local organice los arreglos de recogida.<\/p>\n<h3><em>\u0627\u0636\u0627\u0641\u06cc \u0645\u0639\u0644\u0648\u0645\u0627\u062a \u06a9\u06cc \u062a\u0635\u062f\u06cc\u0642<\/em><\/h3>\n<ul>\n<li>\u0679\u06a9\u0679 \u0627\u0633 \u0679\u0648\u0631 \u06a9\u06cc \u0627\u062f\u0627\u0626\u06cc\u06af\u06cc \u06a9\u06d2 \u0628\u0639\u062f \u06a9\u06cc \u0631\u0633\u06cc\u062f \u06c1\u06cc\u06ba\u06d4 \u0622\u067e \u0627\u067e\u0646\u06d2 \u0641\u0648\u0646 \u067e\u0631 \u0627\u062f\u0627\u0626\u06cc\u06af\u06cc \u062f\u06a9\u06be\u0627 \u0633\u06a9\u062a\u06d2 \u06c1\u06cc\u06ba\u06d4<\/li>\n<li>\u0631\u06cc\u0632\u0631\u0648\u06cc\u0634\u0646 \u06a9\u06d2 \u0639\u0645\u0644 \u06a9\u06d2 \u0628\u0639\u062f \u0645\u06cc\u0679\u0646\u06af \u067e\u0648\u0627\u0626\u0646\u0679 \u0645\u0648\u0635\u0648\u0644 \u06c1\u0648\u06af\u0627\u06d4<\/li>\n<li>\u0628\u0686\u0648\u06ba \u06a9\u06d2 \u0633\u0627\u062a\u06be \u0627\u06cc\u06a9 \u0628\u0627\u0644\u063a \u06a9\u0627 \u06c1\u0648\u0646\u0627 \u0636\u0631\u0648\u0631\u06cc \u06c1\u06d2\u06d4<\/li>\n<li>Accesible a silla de ruedas<\/li>\n<li>Los infantes deben sentarse en el regazo<\/li>\n<li>\u0632\u06cc\u0627\u062f\u06c1 \u062a\u0631 \u0645\u0633\u0627\u0641\u0631 \u0634\u0631\u06a9\u062a \u06a9\u0631 \u0633\u06a9\u062a\u06d2 \u06c1\u06cc\u06ba\u06d4<\/li>\n<\/ul>\n<h3><em>\u0645\u0646\u0633\u0648\u062e \u06a9\u0631\u0646\u06d2 \u06a9\u06cc \u062d\u06a9\u0645\u062a \u0639\u0645\u0644\u06cc<\/em><\/h3>\n<p>\u0645\u06a9\u0645\u0644 \u0631\u0642\u0645 \u06a9\u06cc \u0648\u0627\u067e\u0633\u06cc \u06a9\u06d2 \u0644\u06cc\u06d2\u060c \u062a\u062c\u0631\u0628\u06c1 \u0634\u0631\u0648\u0639 \u06c1\u0648\u0646\u06d2 \u06a9\u06cc \u062a\u0627\u0631\u06cc\u062e \u0633\u06d2 \u06a9\u0645 \u0627\u0632 \u06a9\u0645 24 \u06af\u06be\u0646\u0679\u06d2 \u067e\u06c1\u0644\u06d2 \u0645\u0646\u0633\u0648\u062e \u06a9\u0631\u06cc\u06ba\u06d4<\/p>\n<h4>\u06c1\u0645 \u0633\u06d2 \u0631\u0627\u0628\u0637\u06c1 \u06a9\u0631\u06cc\u06ba!<br \/>\nTOUR BALLENAS SAMANA<\/h4>\n<p><em>\u0633\u06cc\u0627\u062d\u062a\u06cc \u0631\u06c1\u0646\u0645\u0627\u060c \u0633\u06cc\u0627\u062d\u062a\u06cc \u0631\u06c1\u0628\u0631 <strong>\u0645\u0642\u0627\u0645\u06cc<\/strong> \u0627\u0648\u0631 <strong>\u0642\u0648\u0645\u06cc<\/strong> \u0627\u0648\u0631 \u0645\u06c1\u0645\u0627\u0646\u0648\u06ba \u06a9\u06cc \u062e\u062f\u0645\u0627\u062a<\/em><\/p>\n<p>\u0631\u06cc\u0632\u0631\u0648\u06cc\u0634\u0646\u0632: \u0688\u0648\u0645 \u0645\u06cc\u06ba \u0679\u0648\u0631 \u0627\u0648\u0631 \u0633\u06cc\u0631\u06d4<\/p>\n<p>Tel\/Whatsapp +1-809-720-6035\u06d4<\/p>\n<p>info@bookingadventures.com.do<\/p>\n<p>Somos flexibles Configurando tours privados por <strong>Whatsapp:\u00a0<a href=\"tel:+18097206035\">+18097206035.<\/a><\/strong><\/p>\n<\/div>\n<\/div>\n<\/div>\n<\/div>\n<\/div>\n<\/div>\n\n\t\t<\/div>\n\t<\/div>\n<\/div><\/div><\/div><\/div>","protected":false},"excerpt":{"rendered":"<p>Desde los hoteles de Punta Cana, disfrutaremos de los hermosos paisajes de la Cordillera Oriental mientras conducimos hacia el norte de Punta Cana antes de llegar al peque\u00f1o pueblo pesquero de Miches, en la costa sur de la Bah\u00eda de Saman\u00e1. All\u00ed podr\u00e1 disfrutar de un desayuno r\u00e1pido antes de abordar el barco a Saman\u00e1. Navegaremos profundamente en la bah\u00eda para observar ballenas. Primero llegaremos a Cayo Levantado, tambi\u00e9n conocida como la isla de Bacardi debido a su parecido cercano a las playas que el ron Bacardi alguna vez utiliz\u00f3 para sus famosos comerciales. Cayo Levantado es un oasis tropical: una peque\u00f1a isla en medio del oc\u00e9ano con aguas turquesas y arenas blancas.<\/p>\n<p>Este recorrido puede incluir o no la parada en la cascada de Lim\u00f3n. Para reservar el mismo viaje con las cascadas, HAGA CLIC AQU\u00cd.<\/p>\n<p><strong>Por favor, seleccione la fecha de la excursi\u00f3n:<\/strong><\/p>","protected":false},"featured_media":497,"template":"","meta":[],"product_brand":[],"product_cat":[443,259,124,232],"product_tag":[390,137,162,364,260,345,201,141,391,228,147,392,357,271,393,234,280,394,236,395],"class_list":{"0":"post-10885","1":"product","2":"type-product","3":"status-publish","4":"has-post-thumbnail","6":"product_cat-tours-y-excursiones-es","7":"product_cat-tours-excursions-punta-cana-dominican-republic","8":"product_cat-tours-excursions-samana-bay-dominican-republic","9":"product_cat-whale-watching-samana","10":"product_tag-390","11":"product_tag-bacardi-island","12":"product_tag-cayo-levantado-day-pass","13":"product_tag-cheap-punta-cana-excursions","14":"product_tag-day-trip-punta-cana","15":"product_tag-half-day-whale-watching-miches","16":"product_tag-private-tours-samana","17":"product_tag-punta-cana","18":"product_tag-punta-cana-activities","19":"product_tag-punta-cana-tours","20":"product_tag-samana-bay","21":"product_tag-samana-day-trip","22":"product_tag-samana-day-trip-from-punta-cana","23":"product_tag-samana-whale-watching","24":"product_tag-whale-punta-cana","25":"product_tag-whale-samana","26":"product_tag-whale-watching-2020","27":"product_tag-whale-watching-2020-in-punta-cana-to-samana-bay-cayo-levantado-bacardi-island-from-hotels","28":"product_tag-whale-watching-dominican-republic","29":"product_tag-whale-watching-punta-cana","31":"first","32":"instock","33":"sale","34":"sold-individually","35":"shipping-taxable","36":"product-type-external"},"_links":{"self":[{"href":"https:\/\/reservandoaventuras.com\/ur\/wp-json\/wp\/v2\/product\/10885","targetHints":{"allow":["GET"]}}],"collection":[{"href":"https:\/\/reservandoaventuras.com\/ur\/wp-json\/wp\/v2\/product"}],"about":[{"href":"https:\/\/reservandoaventuras.com\/ur\/wp-json\/wp\/v2\/types\/product"}],"wp:featuredmedia":[{"embeddable":true,"href":"https:\/\/reservandoaventuras.com\/ur\/wp-json\/wp\/v2\/media\/497"}],"wp:attachment":[{"href":"https:\/\/reservandoaventuras.com\/ur\/wp-json\/wp\/v2\/media?parent=10885"}],"wp:term":[{"taxonomy":"product_brand","embeddable":true,"href":"https:\/\/reservandoaventuras.com\/ur\/wp-json\/wp\/v2\/product_brand?post=10885"},{"taxonomy":"product_cat","embeddable":true,"href":"https:\/\/reservandoaventuras.com\/ur\/wp-json\/wp\/v2\/product_cat?post=10885"},{"taxonomy":"product_tag","embeddable":true,"href":"https:\/\/reservandoaventuras.com\/ur\/wp-json\/wp\/v2\/product_tag?post=10885"}],"curies":[{"name":"wp","href":"https:\/\/api.w.org\/{rel}","templated":true}]}}