{"id":11642,"date":"2023-10-04T07:39:47","date_gmt":"2023-10-04T07:39:47","guid":{"rendered":"https:\/\/haitises.com\/?post_type=product&#038;p=11642"},"modified":"2024-04-01T14:55:18","modified_gmt":"2024-04-01T14:55:18","slug":"27-waterfalls-entrance-hiking-and-swimming","status":"publish","type":"product","link":"https:\/\/reservandoaventuras.com\/pt\/private\/27-waterfalls-entrance-hiking-and-swimming\/","title":{"rendered":"Entrada para 27 cachoeiras (caminhadas e nata\u00e7\u00e3o)"},"content":{"rendered":"<div class=\"vc_row wpb_row vc_row-fluid\" ><div class=\"wpb_column vc_column_container vc_col-sm-12\"><div class=\"vc_column-inner\"><div class=\"wpb_wrapper\"><div class=\"mkdf-section-title-holder\" style=\"text-align: left\">\n\t<div class=\"mkdf-st-inner\">\n\t\t\t\t\t<h5 class=\"mkdf-st-subtitle\" >\n\t\t\t\tLunch Included\t\t\t<\/h5>\n\t\t\t\t\t\t\t<h3 class=\"mkdf-st-title\" >\n\t\t\t\t27 Waterfalls of Damajagua Tour from Puerto Plata. Half Day Trip.\t\t\t<\/h3>\n\t\t\t\t\t<\/div>\n<\/div><\/div><\/div><\/div><\/div><div class=\"vc_row wpb_row vc_row-fluid\" ><div class=\"wpb_column vc_column_container vc_col-sm-12\"><div class=\"vc_column-inner\"><div class=\"wpb_wrapper\"><div class=\"vc_btn3-container vc_btn3-inline\" ><a class=\"vc_general vc_btn3 vc_btn3-size-md vc_btn3-shape-rounded vc_btn3-style-modern vc_btn3-color-green\" href=\"https:\/\/bookingadventures.tours\/booking.php?tour_id=36f9705bcc61386d84e226d0c35f8a49\" title=\"\" target=\"_blank\" rel=\"noopener\">AGENDE AGORA<\/a><\/div>\n\t<div class=\"wpb_text_column wpb_content_element\" >\n\t\t<div class=\"wpb_wrapper\">\n\t\t\t<h3 class=\"ui_header h1 attractions-product-info-ProductTitle__title--1qM0o\"><\/h3>\n<h4><b><i>Vis\u00e3o geral <\/i><\/b><\/h4>\n<p>Get your Tickets for a half day excursion here in the 27 Waterfall from Damajagua. Entrance tickets with Lunch and Excursion Include to Jump and swimming in the most beautiful waterfalls of the Dominican Republic. Hiking and Swimming with safety equipment to have the best experience ever!!<\/p>\n<p>After this experience, you will get Back to Location where you meet with the Tour Guide.<\/p>\n<ul>\n<li style=\"font-weight: 400;\">Taxas inclu\u00eddas<\/li>\n<li>Almo\u00e7o<\/li>\n<li>Lanches<\/li>\n<li style=\"font-weight: 400;\">Local Tour Guide in English<\/li>\n<\/ul>\n<p>&nbsp;<\/p>\n<h4><b>Inclus\u00f5es e Exclus\u00f5es<\/b><\/h4>\n<p>&nbsp;<\/p>\n<p><b>Inclus\u00f5es<\/b><\/p>\n<ol>\n<li style=\"font-weight: 400;\">27 Waterfalls of Damajagua<\/li>\n<li>Almo\u00e7o<\/li>\n<li style=\"font-weight: 400;\"><span style=\"font-weight: 400;\">Todos os impostos, taxas e encargos de manuseio<\/span><\/li>\n<li style=\"font-weight: 400;\"><span style=\"font-weight: 400;\">Impostos locais<\/span><\/li>\n<li style=\"font-weight: 400;\"><span style=\"font-weight: 400;\">Bebidas<\/span><\/li>\n<li>Lanches<\/li>\n<li style=\"font-weight: 400;\"><span style=\"font-weight: 400;\">Todas as actividades<\/span><\/li>\n<li style=\"font-weight: 400;\"><span style=\"font-weight: 400;\">Guia local<\/span><\/li>\n<\/ol>\n<p><b> Exclus\u00f5es<\/b><\/p>\n<ol>\n<li style=\"font-weight: 400;\"><span style=\"font-weight: 400;\">Gorjetas<\/span><\/li>\n<li>transportation ( Set by Contacting us)<\/li>\n<li style=\"font-weight: 400;\"><span style=\"font-weight: 400;\">Bebidas Alco\u00f3licas<\/span><\/li>\n<\/ol>\n<p>&nbsp;<\/p>\n<h4><em><strong>Partida e Retorno<\/strong><\/em><\/h4>\n<p><span style=\"font-weight: 400;\">O viajante obter\u00e1 um ponto de encontro ap\u00f3s o processo de reserva. As excurs\u00f5es come\u00e7am e terminam nos seus pontos de encontro.<\/span><\/p>\n<h4><\/h4>\n<h3 class=\"ui_header h1 attractions-product-info-ProductTitle__title--1qM0o\">27 Waterfalls of Damajagua Tour from Puerto Plata.<\/h3>\n<h4><b><i>O que esperar?<\/i><\/b><\/h4>\n<div class=\"apd_content_block\" data-tab=\"TABS_OVERVIEW\">\n<div class=\"ui_card section attractions-product-details-Overview__sectionMargin--uHktd attractions-product-details-Overview__cleanslateOverrideDT--39Ov7\"><\/div>\n<\/div>\n<div data-tab=\"TABS_WHAT_TO_EXPECT\">\n<div class=\"ui_card attractions-card-CollapsibleProductDetailsCard__cardContainer--3r2wk attractions-card-CollapsibleProductDetailsCard__cleanslateOverrideDT--2AJh0\">\n<div class=\"attractions-card-CollapsibleCard__header--IDA3r\">\n<div class=\"attractions-card-CollapsibleCard__headerSection--3gTKb\"><\/div>\n<\/div>\n<div class=\"attractions-card-CollapsibleCard__content--2Ws8q\">\n<div class=\"attractions-card-CollapsibleCard__contentWrap--374jk attractions-card-CollapsibleCard__titleUnderline--1uHze\">\n<div>Discover the secluded Damajagua Waterfalls, tucked in the hills of the Dominican Republic&#8217;s Northern Corridor, on this full-day trip from Puerto Plata. Explore the twenty-seven pristine falls, cascading over limestone, with your local guide. Get a short safety briefing, then jump, swim and slide down natural waterslides.<\/div>\n<div><\/div>\n<div>Lunch, beverages are included. A moderate 40-minute uphill hike through a beautiful jungle landscape gets you to the 12th waterfall or, if you are in excellent physical shape, choose to hike all the way to the top of the 27 waterfalls (approximately 70 minutes) and experience it all.<\/div>\n<div class=\"attractions-card-CollapsibleProductDetailsCard__cardContent--23ext\">\n<div class=\"common-text-ReadMore__readMore--3Iu8c common-text-ReadMore__variantFadeOut--1tInd\">\n<div class=\"common-text-ReadMore__content--2X4LR\">\n<div class=\"ui_columns is-desktop\">\n<div><\/div>\n<div class=\"ui_column\">Either way, your real fun begins as we head back down-river and you jump, slide and swim your way through a series of spectacular waterfalls, canyons, and azure pools, emerging with a silly grin on your face and incredible memories to cherish! The tours include jumps of up to 25 feet (8 meters) but don&#8217;t worry, the big ones have another way down if you don&#8217;t want to jump.<\/div>\n<div><\/div>\n<div class=\"ui_column\">After a 15-minute walk back to base camp and changing into your dry clothes enjoy a delicious and varied Dominican buffet lunch, which includes things like barbecued chicken and pork, stews, rice, pasta, and salads.<\/div>\n<div><\/div>\n<div class=\"ui_column\">Local rum drinks, sodas, and water are included (beer is available but not included). After the meal, say goodbye to the local guides and your best experience will be kept in mind and photos or videos for the rest of your life.<\/div>\n<\/div>\n<\/div>\n<\/div>\n<\/div>\n<\/div>\n<\/div>\n<\/div>\n<\/div>\n<h4><em><strong>O que voc\u00ea deve trazer?<\/strong><\/em><\/h4>\n<ul>\n<li style=\"font-weight: 400;\"><span style=\"font-weight: 400;\">C\u00e2mera<\/span><\/li>\n<li style=\"font-weight: 400;\"><span style=\"font-weight: 400;\">Bot\u00f5es repelentes<\/span><\/li>\n<li style=\"font-weight: 400;\"><span style=\"font-weight: 400;\">Creme solar<\/span><\/li>\n<li style=\"font-weight: 400;\"><span style=\"font-weight: 400;\">Chap\u00e9u<\/span><\/li>\n<li style=\"font-weight: 400;\"><span style=\"font-weight: 400;\">Cal\u00e7as confort\u00e1veis<\/span><\/li>\n<li style=\"font-weight: 400;\"><span style=\"font-weight: 400;\">Sapatos de caminhada para floresta<\/span><\/li>\n<li style=\"font-weight: 400;\"><span style=\"font-weight: 400;\">Sand\u00e1lias para as zonas de primavera.<\/span><\/li>\n<li style=\"font-weight: 400;\"><span style=\"font-weight: 400;\">Roupa de nata\u00e7\u00e3o<\/span><\/li>\n<\/ul>\n<p>&nbsp;<\/p>\n<h4><b><i>Recolha no hotel <\/i><\/b><\/h4>\n<p><span style=\"font-weight: 400;\">Hotel pick-up is not offered for this tour. We set Pick up contacting us by Whatsapp.<\/span><\/p>\n<p>&nbsp;<\/p>\n<p><b>N\u00e3o te:<\/b><span style=\"font-weight: 400;\"> Se a reserva for efectuada no prazo de 24 horas antes da hora de partida da excurs\u00e3o, podemos organizar o servi\u00e7o de recolha no hotel, mediante um custo adicional. Assim que a sua compra estiver conclu\u00edda, enviar-lhe-emos informa\u00e7\u00f5es de contacto completas (n\u00famero de telefone, endere\u00e7o de e-mail, etc.) para que o nosso guia tur\u00edstico local possa organizar o transporte.<\/span><\/p>\n<h4><b><i>Confirma\u00e7\u00e3o de informa\u00e7\u00f5es adicionais <\/i><\/b><\/h4>\n<ol>\n<li>Os ingressos s\u00e3o o recibo ap\u00f3s o pagamento deste passeio. Voc\u00ea pode mostrar o pagamento no seu telefone.<\/li>\n<li style=\"font-weight: 400;\"><span style=\"font-weight: 400;\">O ponto de encontro ser\u00e1 recebido ap\u00f3s o processo de reserva.<\/span><\/li>\n<li style=\"font-weight: 400;\"><span style=\"font-weight: 400;\">As crian\u00e7as devem estar acompanhadas por um adulto.<\/span><\/li>\n<li style=\"font-weight: 400;\"><span style=\"font-weight: 400;\"> N\u00e3o acess\u00edvel a cadeiras de rodas <\/span><\/li>\n<li style=\"font-weight: 400;\"><span style=\"font-weight: 400;\">Os beb\u00eas devem sentar-se no colo <\/span><\/li>\n<li style=\"font-weight: 400;\"><span style=\"font-weight: 400;\">N\u00e3o recomendado para viajantes com problemas de costas<\/span><\/li>\n<li style=\"font-weight: 400;\"><span style=\"font-weight: 400;\">N\u00e3o recomendado para viajantes gr\u00e1vidas <\/span><\/li>\n<li style=\"font-weight: 400;\"><span style=\"font-weight: 400;\"> Sem problemas card\u00edacos ou outras condi\u00e7\u00f5es m\u00e9dicas graves <\/span><\/li>\n<li style=\"font-weight: 400;\"><span style=\"font-weight: 400;\">A maioria dos viajantes pode participar<\/span><\/li>\n<\/ol>\n<h4><b><i>Pol\u00edtica de cancelamento<\/i><\/b><\/h4>\n<p>For a full refund, please read our Cancellations policies\u00a0<a href=\"https:\/\/www.ticketswhales.com\/online-booking\/\" target=\"_blank\" rel=\"noopener\" data-saferedirecturl=\"https:\/\/www.google.com\/url?q=https:\/\/www.ticketswhales.com\/online-booking\/&amp;source=gmail&amp;ust=1672529771100000&amp;usg=AOvVaw2NIGJBZ0qjB5RhPUl5Obc7\">Click here<\/a>. Funds will be lost if the reservation is cancelled the same day of the trip.<\/p>\n\n\t\t<\/div>\n\t<\/div>\n<div class=\"vc_btn3-container vc_btn3-inline\" ><a class=\"vc_general vc_btn3 vc_btn3-size-md vc_btn3-shape-rounded vc_btn3-style-modern vc_btn3-color-green\" href=\"https:\/\/bookingadventures.tours\/booking.php?tour_id=36f9705bcc61386d84e226d0c35f8a49\" title=\"\" target=\"_blank\" rel=\"noopener\">AGENDE AGORA<\/a><\/div><\/div><\/div><\/div><\/div><div class=\"vc_row wpb_row vc_row-fluid\" ><div class=\"wpb_column vc_column_container vc_col-sm-12\"><div class=\"vc_column-inner\"><div class=\"wpb_wrapper\">\n\t<div class=\"wpb_video_widget wpb_content_element vc_clearfix   vc_video-aspect-ratio-169 vc_video-el-width-100 vc_video-align-left\" >\n\t\t<div class=\"wpb_wrapper\">\n\t\t\t<h2 class=\"wpb_heading wpb_video_heading\">27 Waterfalls of Damajagua Tour from Puerto Plata:<\/h2>\n\t\t\t<div class=\"wpb_video_wrapper\"><iframe loading=\"lazy\" title=\"27 Waterfalls of Damajagua by Booking Adventures &amp; Travel Dominican Republic\" width=\"1100\" height=\"619\" src=\"https:\/\/www.youtube.com\/embed\/AVNh_we_RQE?start=17&feature=oembed\" frameborder=\"0\" allow=\"accelerometer; autoplay; clipboard-write; encrypted-media; gyroscope; picture-in-picture; web-share\" allowfullscreen><\/iframe><\/div>\n\t\t<\/div>\n\t<\/div>\n<\/div><\/div><\/div><\/div><div class=\"vc_row wpb_row vc_row-fluid\" ><div class=\"wpb_column vc_column_container vc_col-sm-12\"><div class=\"vc_column-inner\"><div class=\"wpb_wrapper\"><div class=\"vc_empty_space\"   style=\"height: 32px\"><span class=\"vc_empty_space_inner\"><\/span><\/div>\n\t<div class=\"wpb_text_column wpb_content_element\" >\n\t\t<div class=\"wpb_wrapper\">\n\t\t\t<h4>Contate-nos?<\/h4>\n<h5><em><strong>Reservando Aventuras<\/strong><\/em><\/h5>\n<p><em><strong>Moradores<\/strong>\u00a0e\u00a0<strong>Nacionais<\/strong>\u00a0Guias tur\u00edsticos e servi\u00e7os aos h\u00f3spedes<\/em><\/p>\n<p><span class=\"text-turquoise\">Reservas:<\/span>\u00a0Passeios e excurs\u00f5es em Dom. Rep.<\/p>\n<p><img decoding=\"async\" class=\"emoji\" draggable=\"false\" src=\"https:\/\/s.w.org\/images\/core\/emoji\/11.2.0\/svg\/1f4de.svg\" alt=\"\ud83d\udcde\" title=\"\">\u00a0Tel\/WhatsApp\u00a0\u00a0<a href=\"tel:+1-809-720-6035\">+1-809-720-6035<\/a>.<\/p>\n<p><img decoding=\"async\" class=\"emoji\" draggable=\"false\" src=\"https:\/\/s.w.org\/images\/core\/emoji\/11.2.0\/svg\/1f4e9.svg\" alt=\"\ud83d\udce9\" title=\"\">\u00a0<a href=\"mailto:info@bookingadventures.com.do\">info@bookingadventures.com.do<\/a><\/p>\n<p><strong>Somos Tours Privados com Configura\u00e7\u00e3o Flex\u00edvel pelo Whatsapp:\u00a0<a href=\"tel:+18097206035\">+18097206035.<\/a><\/strong><\/p>\n\n\t\t<\/div>\n\t<\/div>\n<div class=\"vc_empty_space\"   style=\"height: 32px\"><span class=\"vc_empty_space_inner\"><\/span><\/div><\/div><\/div><\/div><\/div><div class=\"vc_row wpb_row vc_row-fluid\" ><div class=\"wpb_column vc_column_container vc_col-sm-12\"><div class=\"vc_column-inner\"><div class=\"wpb_wrapper\"><div class=\"vc_btn3-container vc_btn3-inline\" ><a class=\"vc_general vc_btn3 vc_btn3-size-md vc_btn3-shape-rounded vc_btn3-style-modern vc_btn3-color-green\" href=\"https:\/\/bookingadventures.tours\/booking.php?tour_id=36f9705bcc61386d84e226d0c35f8a49\" title=\"\" target=\"_blank\" rel=\"noopener\">AGENDE AGORA<\/a><\/div><\/div><\/div><\/div><\/div>","protected":false},"excerpt":{"rendered":"<p>This excursion from 27 waterfalls of Damajagua in Puerto Plata,\u00a0 Lunch and Excursion by the 27 waterfalls, hiking and jumping into the river.<\/p>\n<p>Ecological Trip to the 27 waterfalls of Puerto Plata. Get your Tickets for a half day excursion here in the 27 Waterfall from Damajagua. Entrance tickets with Lunch and Excursion Include to Jump and swimming in the most beautiful waterfalls of the Dominican Republic. Hiking and Swimming with safety equipment to have the best experience ever!!<\/p>\n<p>&nbsp;<\/p>\n<p><strong>Seleccione a data da visita:\u00a0<\/strong><\/p>","protected":false},"featured_media":11654,"template":"","meta":[],"product_brand":[],"product_cat":[584,239,240,120,96,135,585,122,241,100],"product_tag":[242,243,244,245,246,247,248,249,250,251,252,253,254,255,256,257,258],"class_list":{"0":"post-11642","1":"product","2":"type-product","3":"status-publish","4":"has-post-thumbnail","6":"product_cat-1-puerto-plata","7":"product_cat-27-waterfalls","8":"product_cat-damajagua","9":"product_cat-fees-entrace","10":"product_cat-hiking","11":"product_cat-lunch","12":"product_cat-puerto-plata-27-waterfalls-hike","13":"product_cat-tours-and-excursions","14":"product_cat-tours-excursions-27-waterfalls-puerto-plata-dominican-republic","15":"product_cat-waterfalls","16":"product_tag-27-charcos-de-damajagua","17":"product_tag-27-waterfalls","18":"product_tag-27-waterfalls-dominican-republic","19":"product_tag-27-waterfalls-dominican-republic-facts","20":"product_tag-27-waterfalls-excursion","21":"product_tag-27-waterfalls-puerto-plata","22":"product_tag-amber-cove-cruise-terminal-27-waterfalls","23":"product_tag-amber-cove-excursions","24":"product_tag-damajagua-falls-tours","25":"product_tag-damajagua-national-park","26":"product_tag-excursion-27-waterfalls","27":"product_tag-how-to-get-to-27-waterfalls-from-puerto-plata","28":"product_tag-jumping-27-waterfalls","29":"product_tag-los-27-charcos-de-puerto-plata","30":"product_tag-puerto-plata","31":"product_tag-things-to-do-in-amber-cove","32":"product_tag-tour-27-waterfalls","34":"first","35":"instock","36":"sale","37":"sold-individually","38":"shipping-taxable","39":"product-type-external"},"_links":{"self":[{"href":"https:\/\/reservandoaventuras.com\/pt\/wp-json\/wp\/v2\/product\/11642","targetHints":{"allow":["GET"]}}],"collection":[{"href":"https:\/\/reservandoaventuras.com\/pt\/wp-json\/wp\/v2\/product"}],"about":[{"href":"https:\/\/reservandoaventuras.com\/pt\/wp-json\/wp\/v2\/types\/product"}],"wp:featuredmedia":[{"embeddable":true,"href":"https:\/\/reservandoaventuras.com\/pt\/wp-json\/wp\/v2\/media\/11654"}],"wp:attachment":[{"href":"https:\/\/reservandoaventuras.com\/pt\/wp-json\/wp\/v2\/media?parent=11642"}],"wp:term":[{"taxonomy":"product_brand","embeddable":true,"href":"https:\/\/reservandoaventuras.com\/pt\/wp-json\/wp\/v2\/product_brand?post=11642"},{"taxonomy":"product_cat","embeddable":true,"href":"https:\/\/reservandoaventuras.com\/pt\/wp-json\/wp\/v2\/product_cat?post=11642"},{"taxonomy":"product_tag","embeddable":true,"href":"https:\/\/reservandoaventuras.com\/pt\/wp-json\/wp\/v2\/product_tag?post=11642"}],"curies":[{"name":"wp","href":"https:\/\/api.w.org\/{rel}","templated":true}]}}