{"id":60,"date":"2020-06-14T11:56:47","date_gmt":"2020-06-14T11:56:47","guid":{"rendered":"https:\/\/haitises.com\/product\/import-placeholder-for-9250\/"},"modified":"2024-04-24T04:55:40","modified_gmt":"2024-04-24T04:55:40","slug":"los-haitises-tour-from-santo-domingo-samana-or-sabana-de-la-mar-full-day-trip","status":"publish","type":"product","link":"https:\/\/reservandoaventuras.com\/nb\/private\/los-haitises-tour-from-santo-domingo-samana-or-sabana-de-la-mar-full-day-trip\/","title":{"rendered":"Los Haitises-tur fra Santo Domingo, Samana eller Sabana de la mar. Heldagstur."},"content":{"rendered":"<div class=\"vc_row wpb_row vc_row-fluid\" ><div class=\"wpb_column vc_column_container vc_col-sm-12\"><div class=\"vc_column-inner\"><div class=\"wpb_wrapper\"><div class=\"mkdf-section-title-holder\" style=\"text-align: left\">\n\t<div class=\"mkdf-st-inner\">\n\t\t\t\t\t<h5 class=\"mkdf-st-subtitle\" >\n\t\t\t\tTransportation &amp; Lunch Included\t\t\t<\/h5>\n\t\t\t\t\t\t\t<h3 class=\"mkdf-st-title\" >\n\t\t\t\tLos Haitises National Park Tour from Santo domingo. full Day Trip.\t\t\t<\/h3>\n\t\t\t\t\t<\/div>\n<\/div><\/div><\/div><\/div><\/div><div class=\"vc_row wpb_row vc_row-fluid\" ><div class=\"wpb_column vc_column_container vc_col-sm-12\"><div class=\"vc_column-inner\"><div class=\"wpb_wrapper\">\n\t<div class=\"wpb_text_column wpb_content_element\" >\n\t\t<div class=\"wpb_wrapper\">\n\t\t\t<h3>Los Haitises National Park Tour from Santo Domingo. Full Day Trip.<\/h3>\n<h4><b><i>Oversikt <\/i><\/b><\/h4>\n<p>Los Haitises National Park Tour from Santo Domingo. Full Day Trip. Starting from your hotel at Santo Domingo, Boca Chica or Juan Dolio. We will drive to Samana bay where the Boat or Catamaran\u00a0 will be taken us To Los Haitises National Park. Visiting Mangroves, Caves, Pictographs and all the most beuty of Los Haitises national park with a local tour guide.<\/p>\n<p>After this experience, you will get Back to Santo Domingo\u00a0 where we pick you up.<\/p>\n<ul>\n<li style=\"font-weight: 400;\">Avgifter inkludert<\/li>\n<li>Lunsj<\/li>\n<li>Snacks<\/li>\n<li style=\"font-weight: 400;\">Local Tour Guide in English or French<\/li>\n<li>Transportation<\/li>\n<li>Boat Trip<\/li>\n<\/ul>\n<p>&nbsp;<\/p>\n<h4><b>Inkluderinger og ekskluderinger<\/b><\/h4>\n<p>&nbsp;<\/p>\n<p><b>Inkluderinger<\/b><\/p>\n<ol>\n<li style=\"font-weight: 400;\">Los Haitises Tour + Caves and Pictographs<\/li>\n<li>Lunsj<\/li>\n<li style=\"font-weight: 400;\"><span style=\"font-weight: 400;\">Alle skatter, avgifter og h\u00e5ndteringskostnader<\/span><\/li>\n<li style=\"font-weight: 400;\"><span style=\"font-weight: 400;\">Lokale skatter<\/span><\/li>\n<li style=\"font-weight: 400;\"><span style=\"font-weight: 400;\">Drikkevarer<\/span><\/li>\n<li>Snacks<\/li>\n<li style=\"font-weight: 400;\"><span style=\"font-weight: 400;\">Alle aktiviteter<\/span><\/li>\n<li style=\"font-weight: 400;\"><span style=\"font-weight: 400;\">Lokal guide<\/span><\/li>\n<\/ol>\n<p><b> Ekskluderinger<\/b><\/p>\n<ol>\n<li style=\"font-weight: 400;\"><span style=\"font-weight: 400;\">Drikkepenger<\/span><\/li>\n<li style=\"font-weight: 400;\"><span style=\"font-weight: 400;\">Alkoholholdige drinker<\/span><\/li>\n<\/ol>\n<h4><strong>Private <em>Tour &amp; Excursion <\/em>Pricing from Santo Domingo:<\/strong><\/h4>\n<p><strong><em>*Kids age 10 and under travel free. (2 adult minimum)<br \/>\n<\/em><\/strong><\/p>\n<ul>\n<li><strong><em>2 people private Tour &amp; Excursion: USD $210 per person<\/em><\/strong><strong><em><br \/>\n<\/em><\/strong><\/li>\n<li><strong><em>3\u00a0 people private Tour &amp; Excursion: USD $160 per person<\/em><\/strong><\/li>\n<li><strong><em>4\u00a0 people private Tour &amp; Excursion: USD $130 per person<\/em><\/strong><\/li>\n<li><strong><em>5 people private Tour &amp; Excursion: USD $105 per person<\/em><\/strong><\/li>\n<li><strong><em>6 people private Tour &amp; Excursion: USD $100 per person<\/em><\/strong><\/li>\n<li><strong><em>7\u00a0 people private Tour &amp; Excursion: USD $90 per person<\/em><\/strong><\/li>\n<li><strong><em>8 people private Tour &amp; Excursion: USD $80 per person<\/em><\/strong><\/li>\n<li><strong><em>9 or more people Tour &amp; Excursion: <a href=\"https:\/\/www.ticketswhales.com\/contact-us\/\" target=\"_blank\" rel=\"noopener\">Contact us<\/a><\/em><\/strong><\/li>\n<\/ul>\n<p><strong><em>*Excursion start a at the time that you set\u00a0\u00a0<\/em><\/strong><\/p>\n<h4><em><strong>Avreise og retur<\/strong><\/em><\/h4>\n<p><span style=\"font-weight: 400;\">Den reisende vil f\u00e5 et m\u00f8tepunkt etter reservasjonsprosessen. Turene starter og slutter p\u00e5 m\u00f8tepunktene dine.<\/span><\/p>\n<h4><\/h4>\n<h4><\/h4>\n<h3>Los Haitises National Park from Santo Domingo<\/h3>\n<h4><b><i>Hva \u00e5 forvente?<\/i><\/b><\/h4>\n<p><em><strong>Skaff deg billetter<\/strong><\/em> for visiting Los Haitises National Park Tour from\u00a0 Santo Domingo. Full Day Trip. Starting from Santo Domingo in a confortable transfer to\u00a0 Saman\u00e1 bay.\u00a0 transportation to port for onboard of a Boat or catamaran with a Local tour guide we visit Los Haitises, Sabana de la Mar side to Visit one of the most beautiful national parks of the Dominican Republic. <strong>Los<em>\u00a0Haitises National Park<\/em>.<\/strong><\/p>\n<p>The tour, organized by \u00abBooking Adventures\u00bb starts at the meeting point set with the Tour Guide. Come with Booking Adventures and start checking some bird-filled mangroves, rolling hills of lush vegetation and caves of <em><strong>Los Haitises nasjonalpark<\/strong><\/em>. Visiting Island with birds around. In the nesting season, we can even see the Pelecanos chicks on the nests. Getting more inside of the Rocky Islands and visiting the Caves with pictographs and petrographs from the indigenous people.<\/p>\n<p>Through the mangroves and Land at the open San Lorenzo Bay, Sabana de la Mar from where you can photograph the rugged forest landscape. Look to the water to spot <em><strong>Manater<\/strong><\/em>, krepsdyr og <em><strong>Delfiner.<\/strong><\/em><\/p>\n<div class=\"body-description secondary\">\n<p>The national park\u2019s name comes from its original inhabitants, the Taino Indians. In their language \u201cHaitises\u201d translates to highlands or Hills, a reference to the coastline\u2019s steep geological formations with Limestones. Aventure deeper into the park to explore caves such as the Cueva San Gabriel, <em><strong>Cueva de la Arena, <\/strong><\/em>og <strong><em>Cueva de la L\u00ednea.<\/em><\/strong><\/p>\n<p>These Caves in the reserve were used as shelter by the Taino Indians and, later, by hiding pirates. Look for drawings by Indians that decorate some of the walls. After visiting Los Haitises National Park we will go back to Samana or Sabana de la mar to have lunch.<\/p>\n<p>We will have a typical lunch,\u00a0 If you are vegan no worries we also have food for you!<\/p>\n<p>After Lunch, we get back to Santo Domingo!!<\/p>\n<\/div>\n<p>Hvis du \u00f8nsker en lengre eller kortere tur, har vi disse alternativene:<\/p>\n<ol>\n<li><a href=\"https:\/\/www.ticketswhales.com\/tour\/the-haitises-national-park-tour-from-samana-port\/\" target=\"_blank\" rel=\"noopener\">Just Los Haitises from Saman\u00e1 Port.<\/a><\/li>\n<li><a href=\"https:\/\/www.ticketswhales.com\/tour\/los-haitises-national-park-lunch-at-cano-hondo-from-samana-port\/\" target=\"_blank\" rel=\"noopener\">Los Haitises + Ca\u00f1o Hondo from Saman\u00e1 Port.<\/a><\/li>\n<\/ol>\n<p>&nbsp;<\/p>\n<h4><em><strong>Hva b\u00f8r du ta med?<\/strong><\/em><\/h4>\n<ul>\n<li style=\"font-weight: 400;\"><span style=\"font-weight: 400;\">kamera<\/span><\/li>\n<li style=\"font-weight: 400;\"><span style=\"font-weight: 400;\">Avvisende knopper<\/span><\/li>\n<li style=\"font-weight: 400;\"><span style=\"font-weight: 400;\">Solkrem<\/span><\/li>\n<li style=\"font-weight: 400;\"><span style=\"font-weight: 400;\">Hatt<\/span><\/li>\n<li style=\"font-weight: 400;\"><span style=\"font-weight: 400;\">Komfortable bukser<\/span><\/li>\n<li style=\"font-weight: 400;\"><span style=\"font-weight: 400;\">Tursko for skog<\/span><\/li>\n<li style=\"font-weight: 400;\"><span style=\"font-weight: 400;\">Sandaler til v\u00e5romr\u00e5dene.<\/span><\/li>\n<li style=\"font-weight: 400;\"><span style=\"font-weight: 400;\">Badet\u00f8y<\/span><\/li>\n<\/ul>\n<p>&nbsp;<\/p>\n<h4><b><i>Hotellhenting <\/i><\/b><\/h4>\n<p><span style=\"font-weight: 400;\">Hotellhenting tilbys ikke for denne turen. <\/span><\/p>\n<p>&nbsp;<\/p>\n<p><b>Merk:<\/b><span style=\"font-weight: 400;\"> Hvis du er bestilt innen 24 timer etter turens\/utfluktens avgangstid, kan vi ordne hotellhenting med ekstra kostnader. N\u00e5r kj\u00f8pet er fullf\u00f8rt, vil vi sende deg fullstendig kontaktinformasjon (telefonnummer, e-postadresse osv.) slik at v\u00e5r lokale turguide kan organisere hentingsordninger.<\/span><\/p>\n<h4><b><i>Bekreftelse av tilleggsinformasjon <\/i><\/b><\/h4>\n<ol>\n<li>Billetter er kvitteringen etter \u00e5 ha betalt denne turen. Du kan vise betalingen p\u00e5 telefonen.<\/li>\n<li style=\"font-weight: 400;\"><span style=\"font-weight: 400;\">M\u00f8tepunkt vil bli mottatt etter reservasjonsprosessen.<\/span><\/li>\n<li style=\"font-weight: 400;\"><span style=\"font-weight: 400;\">Barn m\u00e5 v\u00e6re i f\u00f8lge med en voksen.<\/span><\/li>\n<li style=\"font-weight: 400;\"><span style=\"font-weight: 400;\"> Ikke tilgjengelig for rullestolbrukere <\/span><\/li>\n<li style=\"font-weight: 400;\"><span style=\"font-weight: 400;\">Spedbarn m\u00e5 sitte p\u00e5 fanget <\/span><\/li>\n<li style=\"font-weight: 400;\"><span style=\"font-weight: 400;\">Anbefales ikke for reisende med ryggproblemer<\/span><\/li>\n<li style=\"font-weight: 400;\"><span style=\"font-weight: 400;\">Anbefales ikke for gravide reisende <\/span><\/li>\n<li style=\"font-weight: 400;\"><span style=\"font-weight: 400;\"> Ingen hjerteproblemer eller andre alvorlige medisinske tilstander <\/span><\/li>\n<li style=\"font-weight: 400;\"><span style=\"font-weight: 400;\">De fleste reisende kan delta<\/span><\/li>\n<\/ol>\n<h4><b><i>Avbestillingsregler<\/i><\/b><\/h4>\n<p><span style=\"font-weight: 400;\">For \u00e5 f\u00e5 full refusjon m\u00e5 du avbestille minst 24 timer f\u00f8r startdatoen for opplevelsen. Midler vil g\u00e5 tapt hvis reservasjonen avbestilles samme dag som turen starter.<\/span><\/p>\n\n\t\t<\/div>\n\t<\/div>\n<\/div><\/div><\/div><\/div><div class=\"vc_row wpb_row vc_row-fluid\" ><div class=\"wpb_column vc_column_container vc_col-sm-12\"><div class=\"vc_column-inner\"><div class=\"wpb_wrapper\">\n\t<div class=\"wpb_video_widget wpb_content_element vc_clearfix   vc_video-aspect-ratio-169 vc_video-el-width-100 vc_video-align-left\" >\n\t\t<div class=\"wpb_wrapper\">\n\t\t\t\n\t\t\t<div class=\"wpb_video_wrapper\"><iframe loading=\"lazy\" title=\"Los Haitises nasjonalpark, turer og utflukter fra Samana eller Sabana de la Mar. Bestill her:\" src=\"https:\/\/player.vimeo.com\/video\/346508015?dnt=1&amp;app_id=122963\" width=\"1100\" height=\"619\" frameborder=\"0\" allow=\"autoplay; fullscreen\" allowfullscreen><\/iframe><\/div>\n\t\t<\/div>\n\t<\/div>\n<\/div><\/div><\/div><\/div><div class=\"vc_row wpb_row vc_row-fluid\" ><div class=\"wpb_column vc_column_container vc_col-sm-12\"><div class=\"vc_column-inner\"><div class=\"wpb_wrapper\"><div class=\"vc_empty_space\"   style=\"height: 32px\"><span class=\"vc_empty_space_inner\"><\/span><\/div>\n\t<div class=\"wpb_text_column wpb_content_element\" >\n\t\t<div class=\"wpb_wrapper\">\n\t\t\t<h4>Kontakt oss?<\/h4>\n<h5>Booking Adventures<\/h5>\n<p><em><strong>Lokalbefolkningen<\/strong>\u00a0og\u00a0<strong>Nationals<\/strong>\u00a0Turguider og gjestetjenester<\/em><\/p>\n<p><span class=\"text-turquoise\">Reservasjoner:<\/span>\u00a0Turer og utflukter i Dom. Rep.<\/p>\n<p><img decoding=\"async\" class=\"emoji\" draggable=\"false\" src=\"https:\/\/s.w.org\/images\/core\/emoji\/11.2.0\/svg\/1f4de.svg\" alt=\"\ud83d\udcde\" title=\"\">\u00a0Tlf\/Whatsapp\u00a0\u00a0<a href=\"tel:+1-809-720-6035\">+1-809-720-6035<\/a>.<\/p>\n<p><img decoding=\"async\" class=\"emoji\" draggable=\"false\" src=\"https:\/\/s.w.org\/images\/core\/emoji\/11.2.0\/svg\/1f4e9.svg\" alt=\"\ud83d\udce9\" title=\"\">\u00a0<a href=\"mailto:info@bookingadventures.com.do\">info@bookingadventures.com.do<\/a><\/p>\n<p><strong>Vi er fleksible med private turer av Whatsapp:\u00a0<a href=\"tel:+18097206035\">+18097206035.<\/a><\/strong><\/p>\n\n\t\t<\/div>\n\t<\/div>\n<div class=\"vc_empty_space\"   style=\"height: 32px\"><span class=\"vc_empty_space_inner\"><\/span><\/div><\/div><\/div><\/div><\/div>","protected":false},"excerpt":{"rendered":"<p>This excursion from Santo Domingo to Los Haitises National Park includes Lunch and Transportation for a visit to the main caves, an exploration of 2 different mangroves ecosystems and of course fishing bird watching.<\/p>\n<p>Trip to Los Haitises National Park with a naturalist Tour guide. Visiting the Cays in Los Haitises National Park, Mangroves, Vegetation, Birding, Caves, Pictographs and the historical areas of Sabana de la Mar in Los Haitises National Park.<\/p>\n<p>&nbsp;<\/p>\n<p><strong>Please Select the date for Tour:\u00a0<\/strong><\/p>","protected":false},"featured_media":306,"template":"","meta":[],"product_brand":[],"product_cat":[286,122],"product_tag":[206,225,132,133,146,226],"class_list":{"0":"post-60","1":"product","2":"type-product","3":"status-publish","4":"has-post-thumbnail","6":"product_cat-los-haitises-tour-from-santo-domingo","7":"product_cat-tours-and-excursions","8":"product_tag-caves-los-haitises","9":"product_tag-las-terrenas","10":"product_tag-los-haitises","11":"product_tag-los-haitises-national-park","12":"product_tag-mangroves-los-haitises","13":"product_tag-transportation-los-haitises","15":"first","16":"instock","17":"sale","18":"sold-individually","19":"shipping-taxable","20":"product-type-external"},"_links":{"self":[{"href":"https:\/\/reservandoaventuras.com\/nb\/wp-json\/wp\/v2\/product\/60","targetHints":{"allow":["GET"]}}],"collection":[{"href":"https:\/\/reservandoaventuras.com\/nb\/wp-json\/wp\/v2\/product"}],"about":[{"href":"https:\/\/reservandoaventuras.com\/nb\/wp-json\/wp\/v2\/types\/product"}],"wp:featuredmedia":[{"embeddable":true,"href":"https:\/\/reservandoaventuras.com\/nb\/wp-json\/wp\/v2\/media\/306"}],"wp:attachment":[{"href":"https:\/\/reservandoaventuras.com\/nb\/wp-json\/wp\/v2\/media?parent=60"}],"wp:term":[{"taxonomy":"product_brand","embeddable":true,"href":"https:\/\/reservandoaventuras.com\/nb\/wp-json\/wp\/v2\/product_brand?post=60"},{"taxonomy":"product_cat","embeddable":true,"href":"https:\/\/reservandoaventuras.com\/nb\/wp-json\/wp\/v2\/product_cat?post=60"},{"taxonomy":"product_tag","embeddable":true,"href":"https:\/\/reservandoaventuras.com\/nb\/wp-json\/wp\/v2\/product_tag?post=60"}],"curies":[{"name":"wp","href":"https:\/\/api.w.org\/{rel}","templated":true}]}}