{"id":11469,"date":"2021-10-15T07:23:50","date_gmt":"2021-10-15T07:23:50","guid":{"rendered":"https:\/\/haitises.com\/?post_type=product&#038;p=11469"},"modified":"2021-10-15T07:24:27","modified_gmt":"2021-10-15T07:24:27","slug":"altos-de-cano-hondo-free-breakfast-for-2-guests","status":"publish","type":"product","link":"https:\/\/reservandoaventuras.com\/it\/private\/altos-de-cano-hondo-free-breakfast-for-2-guests\/","title":{"rendered":"Altos De Ca\u00f1o Hondo &#038; Free Breakfast for 2 Guests"},"content":{"rendered":"<div class=\"vc_row wpb_row vc_row-fluid\" ><div class=\"wpb_column vc_column_container vc_col-sm-12\"><div class=\"vc_column-inner\"><div class=\"wpb_wrapper\">\n\t<div class=\"wpb_text_column wpb_content_element\" >\n\t\t<div class=\"wpb_wrapper\">\n\t\t\t<p data-name-en=\"roomsize\"><strong>WiFi gratuito in camera o nella hall,\u00a0<\/strong><strong>Parcheggio gratuito, pulizie giornaliere<\/strong><\/p>\n<p data-name-en=\"roomsize\"><em>(Colazione gratuita per 2 ospiti)<\/em><\/p>\n<h4 class=\"hprt-lightbox-title\" data-et-view=\"ZdffZZLJbFcFbRAOAcEUJXDbNZRO:1\"><strong>Nel tuo bagno:<\/strong><\/h4>\n<ul class=\"hprt-lightbox-list js-lightbox-facilities\" data-nr-of-facilities=\"4\" data-et-view=\"\">\n<li class=\"hprt-lightbox-list__item js-lightbox-facility\" data-name-en=\"Shower\" data-id=\"4\">\u2022 Doccia<\/li>\n<li class=\"hprt-lightbox-list__item js-lightbox-facility\" data-name-en=\"Free Toiletries\" data-id=\"27\">\u2022 Articoli da toeletta gratuiti<\/li>\n<li class=\"hprt-lightbox-list__item js-lightbox-facility\" data-name-en=\"Bathroom\" data-id=\"38\">\u2022 Bagno privato<\/li>\n<li class=\"hprt-lightbox-list__item js-lightbox-facility\" data-name-en=\"higher level toilet\" data-id=\"151\">\u2022 WC rialzato<\/li>\n<\/ul>\n<h4 class=\"hprt-lightbox-title\"><strong>Servizi in camera:<\/strong><\/h4>\n<ul class=\"hprt-lightbox-list js-lightbox-facilities\" data-nr-of-facilities=\"10\">\n<li style=\"list-style-type: none;\">\n<ul class=\"hprt-lightbox-list js-lightbox-facilities\" data-nr-of-facilities=\"10\">\n<li class=\"hprt-lightbox-list__item js-lightbox-facility\" data-name-en=\"Balcony\" data-id=\"17\">\u2022 Balcone<\/li>\n<li class=\"hprt-lightbox-list__item js-lightbox-facility\" data-name-en=\"Garden View\" data-id=\"110\">\u2022Vista sull&#039;oceano<\/li>\n<li class=\"hprt-lightbox-list__item js-lightbox-facility\" data-name-en=\"Fan\" data-id=\"30\">\u2022 Fan<\/li>\n<li class=\"hprt-lightbox-list__item js-lightbox-facility\" data-name-en=\"Tumble dryer (machine)\" data-id=\"94\">\u2022Mobilia<\/li>\n<li>\u2022 2 letti matrimoniali<\/li>\n<li class=\"hprt-lightbox-list__item js-lightbox-facility\" data-name-en=\"Wardrobe\/Closet\" data-id=\"95\">\u2022 Guardaroba o ripostiglio<\/li>\n<\/ul>\n<\/li>\n<\/ul>\n<p>[Per saperne di pi\u00f9]<\/p>\n<div>\n<h4><strong>Accesso ospite:<\/strong><\/h4>\n<ul>\n<li>\u2022 Reception aperta 24 ore su 24<\/li>\n<li>\u2022 16 camere per non fumatori<\/li>\n<li>\u2022 Ristorante e bar<\/li>\n<li>\u2022 Personale multilingue<\/li>\n<li>\u2022 Un fiume lento e 11 piscine naturali all&#039;aperto<\/li>\n<li>\u2022 Terrazza panoramica<\/li>\n<li>\u2022Giardino<\/li>\n<li>\u2022 Area PicNic<\/li>\n<li>\u2022 Pulizie giornaliere<\/li>\n<li>\u2022 Servizio di lavanderia<\/li>\n<\/ul>\n<h2><strong><em>Comfort della camera:<\/em><\/strong><\/h2>\n<ul>\n<li>ventilatore<\/li>\n<li>Decorato individualmente<\/li>\n<li>Asciugacapelli (su richiesta)<\/li>\n<li>Acqua in bottiglia gratuita<\/li>\n<li>Balcone<\/li>\n<li>pulizia quotidiana<\/li>\n<li>Reception aperta 24 ore su 24<\/li>\n<li>Bella vista<\/li>\n<\/ul>\n<p>[\/Leggere]<\/p>\n<hr \/>\n<h2>Maggiori dettagli su Ca\u00f1o Hondo:<\/h2>\n<h2><strong><em>Fal\u00f2 e campeggio<\/em><\/strong><\/h2>\n<p>Goditi un fal\u00f2 notturno sotto una coltre di stelle... senza inquinamento luminoso, solo un cielo notturno buio e i suoni della vita della foresta tropicale.<\/p>\n<p>Oltre all&#039;ottimo servizio, puoi gustare piatti tipici locali (pesce fresco) o attivit\u00e0 all&#039;aperto ed escursioni con una guida turistica professionale locale.<\/p>\n<p>Ognuna delle nostre 16 camere prende il nome dagli uccelli che si trovano nel Parco Nazionale Los Haitises (ci sono circa 110 specie nel parco). Soprattutto le camere sono decorate individualmente, energia completamente positiva che porta un soggiorno migliore a Ca\u00f1o Hondo. Puoi goderti la vista sulla baia di San Lorenzo e sulla baia di Samana!<\/p>\n<p>&nbsp;<\/p>\n<hr \/>\n<h2>Offerte speciali Attivit\u00e0 ed escursioni Ca\u00f1o Hondo<\/h2>\n<ul>\n<li>Elenco delle attivit\u00e0 ed escursioni:<\/li>\n<li>Fodera con cerniera<\/li>\n<li>Arrampicata su parete rocciosa<\/li>\n<li>Equitazione<\/li>\n<li>Sentiero escursionistico nel Parco Nazionale (2 o 4 ore, combinabile con il kayak)<\/li>\n<li>Kayak (2 o 4 ore, pu\u00f2 essere combinato con l&#039;escursionismo)<\/li>\n<li>Visite guidate in barca a Los Haitises visitando le grotte<\/li>\n<li>Osservazione delle balene (stagione dal 15 gennaio al 30 marzo)<\/li>\n<li>Osservazione guidata degli uccelli<\/li>\n<li>Scopri il parco Los Haitises in canoa<\/li>\n<li>Cayo Levantado\/Isola Bacardi<\/li>\n<li>Cascate di El Lim\u00f3n<\/li>\n<li>Spiaggia di Frontone<\/li>\n<li>Bocca del diavolo<\/li>\n<li>ATV + Spiaggia El Valle<\/li>\n<\/ul>\n<p>Realizziamo tour privati o di gruppo, pacchetti combinati adatti ai nostri ospiti. Per maggiori informazioni su attivit\u00e0 ed escursioni non esitate a contattarci.<\/p>\n<h2><span class=\"_6ijom0\">Ca\u00f1o Hondo Accesso ospite<\/span><\/h2>\n<p>Cosa c\u2019\u00e8 intorno\u2026<\/p>\n<ol>\n<li>16 camere per non fumatori<\/li>\n<li>Ristorante e bar\/sala<\/li>\n<li>Lazy River e 15 piscine all&#039;aperto<\/li>\n<li>Parco acquatico gratuito<\/li>\n<li>Terrazza sul tetto<\/li>\n<li>Reception aperta 24 ore su 24<\/li>\n<li>pulizia quotidiana<\/li>\n<li>Viste sul giardino<\/li>\n<li>Servizio di lavanderia<\/li>\n<li>Personale multilingue<\/li>\n<li>Servizi di portineria<\/li>\n<li>Area PicNic<\/li>\n<li>Colazione a buffet gratuita, Wi-Fi gratuito nelle aree comuni e parcheggio gratuito<\/li>\n<\/ol>\n<\/div>\n\n\t\t<\/div>\n\t<\/div>\n<\/div><\/div><\/div><\/div><div class=\"vc_row wpb_row vc_row-fluid\" ><div class=\"wpb_column vc_column_container vc_col-sm-12\"><div class=\"vc_column-inner\"><div class=\"wpb_wrapper\">\n\t<div class=\"wpb_text_column wpb_content_element\" >\n\t\t<div class=\"wpb_wrapper\">\n\t\t\t<h2><em>Altre opzioni per la camera<\/em><\/h2>\n<div id=\"gtx-trans\" style=\"position: absolute; left: -6px; top: 45.275px;\">\n<div class=\"gtx-trans-icon\"><\/div>\n<\/div>\n\n\t\t<\/div>\n\t<\/div>\n<\/div><\/div><\/div><\/div><div class=\"vc_row wpb_row vc_row-fluid\" ><div class=\"wpb_column vc_column_container vc_col-sm-12\"><div class=\"vc_column-inner\"><div class=\"wpb_wrapper\"><div class=\"woocommerce columns-3\"><ul class=\"products columns-3\">\n<li class=\"product type-product post-11916 status-publish first instock product_cat-1-samana product_cat-boat-trip-los-haitises product_cat-caves product_cat-hiking product_cat-kayaking product_cat-local-tour-guides product_cat-lunch product_cat-mangroves product_cat-natural-pools-los-haitises product_cat-swimming-natural-springs product_cat-tours-and-excursions product_cat-tours-excursions-los-haitises-national-park product_cat-tours-excursions-samana-bay-dominican-republic product_tag-cano-hondo product_tag-cano-hondo-hotel product_tag-cano-hondo-tours product_tag-day-tour-cano-hondo product_tag-los-haitises product_tag-los-haitises-national-park product_tag-mangroves-los-haitises product_tag-samana-bay product_tag-samana-excursions product_tag-samana-tours has-post-thumbnail sale sold-individually shipping-taxable product-type-external\">\n\t<div class=\"mkdf-pl-inner\"><div class=\"mkdf-pl-image\">\n\t<span class=\"mkdf-onsale\">SALE<\/span>\n\t<img loading=\"lazy\" decoding=\"async\" width=\"300\" height=\"300\" src=\"https:\/\/reservandoaventuras.com\/wp-content\/uploads\/2020\/06\/cano-hondo-300x300.jpg\" class=\"attachment-woocommerce_thumbnail size-woocommerce_thumbnail\" alt=\"Haitises + Piscina tropical\" srcset=\"https:\/\/reservandoaventuras.com\/wp-content\/uploads\/2020\/06\/cano-hondo-300x300.jpg 300w, https:\/\/reservandoaventuras.com\/wp-content\/uploads\/2020\/06\/cano-hondo-100x100.jpg 100w, https:\/\/reservandoaventuras.com\/wp-content\/uploads\/2020\/06\/cano-hondo-150x150.jpg 150w, https:\/\/reservandoaventuras.com\/wp-content\/uploads\/2020\/06\/cano-hondo-550x550.jpg 550w\" sizes=\"auto, (max-width: 300px) 100vw, 300px\" title=\"\"><div class=\"mkdf-pl-text\"><div class=\"mkdf-pl-text-outer\"><div class=\"mkdf-pl-text-inner\"><a href=\"https:\/\/bookingadventures.tours\/booking.php?slug=Los_Haitises_National_Park__Lunch_at_Cao_Hondo_from_Sabana_de_la_Mar\" aria-describedby=\"woocommerce_loop_add_to_cart_link_describedby_11916\" data-quantity=\"1\" class=\"button product_type_external\" data-product_id=\"11916\" data-product_sku=\"\" aria-label=\"PRENOTA ORA\" rel=\"nofollow noopener\" target=\"_blank\">PRENOTA ORA<\/a>\t<span id=\"woocommerce_loop_add_to_cart_link_describedby_11916\" class=\"screen-reader-text\">\n\t\t\t<\/span>\n<\/div><\/div><\/div><\/div><a href=\"https:\/\/reservandoaventuras.com\/it\/private\/haitises-piscina-tropical\/\" class=\"woocommerce-LoopProduct-link woocommerce-loop-product__link\"><\/a><\/div><div class=\"mkdf-pl-text-wrapper\"><h4 class=\"mkdf-product-list-title\"><a href=\"https:\/\/reservandoaventuras.com\/it\/private\/haitises-piscina-tropical\/\">Haitises + Piscina tropical<\/a><\/h4>\n\t<span class=\"price\"><del aria-hidden=\"true\"><span class=\"woocommerce-Price-amount amount\"><bdi><span class=\"woocommerce-Price-currencySymbol\">&#36;<\/span>150.00<\/bdi><\/span><\/del> <span class=\"screen-reader-text\">Il prezzo originale era: &#036;150.00.<\/span><ins aria-hidden=\"true\"><span class=\"woocommerce-Price-amount amount\"><bdi><span class=\"woocommerce-Price-currencySymbol\">&#36;<\/span>97.50<\/bdi><\/span><\/ins><span class=\"screen-reader-text\">Il prezzo attuale \u00e8: &#036;97.50.<\/span><\/span>\n<\/div><\/li><li class=\"product type-product post-11912 status-publish instock product_cat-1-samana product_cat-boat-trip-los-haitises product_cat-tours-excursions-los-haitises-national-park product_cat-tours-excursions-samana-bay-dominican-republic product_tag-bacardi-island product_tag-bacardi-island-tours product_tag-birdwatching product_tag-boat-tour product_tag-caves-los-haitises product_tag-cayo-levantado product_tag-cayo-levantado-tour product_tag-eco-tours product_tag-excursiones-a-los-haitises-y-cayo-levantado product_tag-haitises-park-and-cayo-levantado-island product_tag-los-haitises product_tag-los-haitises-excursiones product_tag-los-haitises-excursions product_tag-los-haitises-mapa product_tag-los-haitises-mas-cayo-levantado product_tag-los-haitises-national-park product_tag-los-haitises-national-park-map product_tag-los-haitises-national-park-mas-cayo-levantado product_tag-los-haitises-national-park-tour-from-las-terrenas product_tag-los-haitises-national-park-tour-from-samana-port-bacardi-island-cayo-levantado product_tag-los-haitises-national-park-tour-from-santo-domingo product_tag-los-haitises-park-tour-cayo-levantado-island product_tag-los-haitises-samana product_tag-los-haitises-y-cayo-levantado product_tag-sabana-de-la-mar product_tag-samana product_tag-samana-excursions product_tag-samana-tours product_tag-tour-los-haitises-national-park-cayo-levantado has-post-thumbnail sale sold-individually shipping-taxable product-type-external\">\n\t<div class=\"mkdf-pl-inner\"><div class=\"mkdf-pl-image\">\n\t<span class=\"mkdf-onsale\">SALE<\/span>\n\t<img loading=\"lazy\" decoding=\"async\" width=\"274\" height=\"184\" src=\"https:\/\/reservandoaventuras.com\/wp-content\/uploads\/2020\/06\/The-Haitises-National-Park-sand-cave.jpg\" class=\"attachment-woocommerce_thumbnail size-woocommerce_thumbnail\" alt=\"Private: Los Haitises &amp; Cayo Levantado from Samana\" srcset=\"https:\/\/reservandoaventuras.com\/wp-content\/uploads\/2020\/06\/The-Haitises-National-Park-sand-cave.jpg 274w, https:\/\/reservandoaventuras.com\/wp-content\/uploads\/2020\/06\/The-Haitises-National-Park-sand-cave-64x43.jpg 64w\" sizes=\"auto, (max-width: 274px) 100vw, 274px\" title=\"\"><div class=\"mkdf-pl-text\"><div class=\"mkdf-pl-text-outer\"><div class=\"mkdf-pl-text-inner\"><a href=\"https:\/\/bookingadventures.tours\/booking.php?slug=SAMANA__LOS_HAITISES__CAYO_LEVANTADO\" aria-describedby=\"woocommerce_loop_add_to_cart_link_describedby_11912\" data-quantity=\"1\" class=\"button product_type_external\" data-product_id=\"11912\" data-product_sku=\"\" aria-label=\"PRENOTA ORA\" rel=\"nofollow noopener\" target=\"_blank\">PRENOTA ORA<\/a>\t<span id=\"woocommerce_loop_add_to_cart_link_describedby_11912\" class=\"screen-reader-text\">\n\t\t\t<\/span>\n<\/div><\/div><\/div><\/div><a href=\"https:\/\/reservandoaventuras.com\/it\/private\/private-los-haitises-cayo-levantado-from-samana\/\" class=\"woocommerce-LoopProduct-link woocommerce-loop-product__link\"><\/a><\/div><div class=\"mkdf-pl-text-wrapper\"><h4 class=\"mkdf-product-list-title\"><a href=\"https:\/\/reservandoaventuras.com\/it\/private\/private-los-haitises-cayo-levantado-from-samana\/\">Private: Los Haitises &#038; Cayo Levantado from Samana<\/a><\/h4>\n\t<span class=\"price\"><del aria-hidden=\"true\"><span class=\"woocommerce-Price-amount amount\"><bdi><span class=\"woocommerce-Price-currencySymbol\">&#36;<\/span>80.00<\/bdi><\/span><\/del> <span class=\"screen-reader-text\">Il prezzo originale era: &#036;80.00.<\/span><ins aria-hidden=\"true\"><span class=\"woocommerce-Price-amount amount\"><bdi><span class=\"woocommerce-Price-currencySymbol\">&#36;<\/span>70.00<\/bdi><\/span><\/ins><span class=\"screen-reader-text\">Il prezzo attuale \u00e8: &#036;70.00.<\/span><\/span>\n<\/div><\/li><li class=\"product type-product post-11703 status-publish last instock product_cat-1-samana product_cat-boat-trip-los-haitises product_cat-cano-hondo product_cat-cano-hondo-2021 product_cat-los-haitises-national-park product_cat-natural-pools-los-haitises product_cat-tour-excursion product_cat-tours-excursions product_cat-tours-excursions-whale-watching-samana-bay-dominican-republic product_cat-whale-miches product_cat-whale-sabana-de-la-mar product_cat-whale-samana product_cat-whale-watching product_cat-whale-watching-puerto-plata product_cat-whale-watching-punta-cana product_cat-whale-watching-samana product_cat-whale-watching-samana-bay product_tag-bacardi-island product_tag-cano-hondo product_tag-cayo-levantado product_tag-los-haitises product_tag-samana product_tag-samana-tour product_tag-whale product_tag-whale-punta-cana product_tag-whale-sabana-de-la-mar product_tag-whale-samana product_tag-whale-watching-dominican-republic product_tag-whales-in-samana product_tag-whales-trips has-post-thumbnail sale shipping-taxable product-type-external\">\n\t<div class=\"mkdf-pl-inner\"><div class=\"mkdf-pl-image\">\n\t<span class=\"mkdf-onsale\">SALE<\/span>\n\t<img loading=\"lazy\" decoding=\"async\" width=\"300\" height=\"300\" src=\"https:\/\/reservandoaventuras.com\/wp-content\/uploads\/2021\/04\/whales-123-300x300.jpg\" class=\"attachment-woocommerce_thumbnail size-woocommerce_thumbnail\" alt=\"Escursione Whale Watching Baia di Saman\u00e1 + Ca\u00f1o Hondo + Los Haitises dal porto di Saman\u00e1\" srcset=\"https:\/\/reservandoaventuras.com\/wp-content\/uploads\/2021\/04\/whales-123-300x300.jpg 300w, https:\/\/reservandoaventuras.com\/wp-content\/uploads\/2021\/04\/whales-123-100x100.jpg 100w, https:\/\/reservandoaventuras.com\/wp-content\/uploads\/2021\/04\/whales-123-150x150.jpg 150w, https:\/\/reservandoaventuras.com\/wp-content\/uploads\/2021\/04\/whales-123-85x85.jpg 85w, https:\/\/reservandoaventuras.com\/wp-content\/uploads\/2021\/04\/whales-123-550x550.jpg 550w\" sizes=\"auto, (max-width: 300px) 100vw, 300px\" title=\"\"><div class=\"mkdf-pl-text\"><div class=\"mkdf-pl-text-outer\"><div class=\"mkdf-pl-text-inner\"><a href=\"https:\/\/bookingadventures.tours\/booking.php?slug=Whale_Watching_Saman_Bay__Cao_Hondo__Los_Haitises_from_Saman_port\" aria-describedby=\"woocommerce_loop_add_to_cart_link_describedby_11703\" data-quantity=\"1\" class=\"button product_type_external\" data-product_id=\"11703\" data-product_sku=\"\" aria-label=\"PRENOTA ORA\" rel=\"nofollow noopener\" target=\"_blank\">PRENOTA ORA<\/a>\t<span id=\"woocommerce_loop_add_to_cart_link_describedby_11703\" class=\"screen-reader-text\">\n\t\t\t<\/span>\n<\/div><\/div><\/div><\/div><a href=\"https:\/\/reservandoaventuras.com\/it\/private\/excursion-whale-watching-samana-bay-cano-hondo-los-haitises-from-samana-port-3\/\" class=\"woocommerce-LoopProduct-link woocommerce-loop-product__link\"><\/a><\/div><div class=\"mkdf-pl-text-wrapper\"><h4 class=\"mkdf-product-list-title\"><a href=\"https:\/\/reservandoaventuras.com\/it\/private\/excursion-whale-watching-samana-bay-cano-hondo-los-haitises-from-samana-port-3\/\">Escursione Whale Watching Baia di Saman\u00e1 + Ca\u00f1o Hondo + Los Haitises dal porto di Saman\u00e1<\/a><\/h4>\n\t<span class=\"price\"><del aria-hidden=\"true\"><span class=\"woocommerce-Price-amount amount\"><bdi><span class=\"woocommerce-Price-currencySymbol\">&#36;<\/span>150.00<\/bdi><\/span><\/del> <span class=\"screen-reader-text\">Il prezzo originale era: &#036;150.00.<\/span><ins aria-hidden=\"true\"><span class=\"woocommerce-Price-amount amount\"><bdi><span class=\"woocommerce-Price-currencySymbol\">&#36;<\/span>140.00<\/bdi><\/span><\/ins><span class=\"screen-reader-text\">Il prezzo attuale \u00e8: &#036;140.00.<\/span><\/span>\n<\/div><\/li><\/ul>\n<\/div><\/div><\/div><\/div><\/div>","protected":false},"excerpt":{"rendered":"<h2><strong>Cano Hondo Hotel<\/strong><\/h2>\n<p><em>(Colazione gratuita per 2 ospiti)<\/em><\/p>\n<p>L&#039;Eco-Lodge \u00e8 un luogo magico, tranquillo e originale dove soggiornare. Questo hotel naturale e autentico si trova nel famoso Parco Nazionale Los Haitises a Sabana de la Mar. Tutte le nostre camere sono piene di energia positiva con una vista straordinaria sulla Baia di San Lorenzo e sulla Baia di Samana! Le camere sono dotate di bagno privato con acqua calda e ventilatore a soffitto. La colazione \u00e8 inclusa, acqua potabile e caff\u00e8 sono offerti gratuitamente durante tutta la giornata. Puoi scegliere anche dai nostri piani pasto.<br \/>\n[Per saperne di pi\u00f9]<\/p>\n<h2><strong><em><span class=\"_6ijom0\">\u00a0Cano Hondo <\/span><\/em><\/strong><em><strong>Piscine Naturali<\/strong><\/em><\/h2>\n<p>Goditi le piscine ecologiche naturali con acqua sana e rinfrescante che si fondono magnificamente con il paesaggio con la tua famiglia o i tuoi ospiti. Le piscine sono totalmente biologiche senza bisogno di cloro o prodotti chimici e sviluppano la propria ecologia naturale e un ecosistema equilibrato essendo progettate e costruite in un certo modo.<\/p>\n<h2><em><strong>Regole per i bambini di Ca\u00f1o Hondo:<\/strong><\/em><\/h2>\n<p>-I bambini dai 2 ai 10 anni pagano la tariffa bambini<br \/>\n-Sotto i 2 anni nessun addebito<\/p>\n<h2><em><strong>Ristorante Cano Hondo:\u00a0<\/strong><\/em><\/h2>\n<p>C&#039;\u00e8 un menu con numerose opzioni tra cui scegliere. \u00c8 inclusa anche una bevanda a persona per ogni pasto. Le bevande alcoliche sono disponibili a pagamento cos\u00ec come le bevande aggiuntive.<\/p>\n<p>Il menu dell&#039;hotel racconta storie bizzarre di parole indigene e storie favolose della zona. Mette in risalto anche i piatti tipici della regione come il granchio, la conchiglia e la minutas, un piccolo pesce d&#039;acqua dolce che viene gustato, localmente, condito e fritto. I succhi di frutta freschi e naturali vengono ruotati quotidianamente: lime, melone, mango, tamarindo, ananas, ecc.<br \/>\n[\/Leggere]<\/p>","protected":false},"featured_media":11534,"template":"","meta":[],"product_brand":[],"product_cat":[558,560],"product_tag":[339,521,126,340,127,447,562,342],"class_list":{"0":"post-11469","1":"product","2":"type-product","3":"status-publish","4":"has-post-thumbnail","6":"product_cat-all-rooms","7":"product_cat-hotel-cano-hondo","8":"product_tag-altos-cano-hondo","9":"product_tag-altos-de-cano-hondo","10":"product_tag-cano-hondo","11":"product_tag-cano-hondo-day-pass","12":"product_tag-cano-hondo-hotel","13":"product_tag-hotel-cano-hondo","14":"product_tag-hotel-sabana-de-la-mar","15":"product_tag-paraiso-cano-hondo","17":"first","18":"instock","19":"shipping-taxable","20":"product-type-external"},"_links":{"self":[{"href":"https:\/\/reservandoaventuras.com\/it\/wp-json\/wp\/v2\/product\/11469","targetHints":{"allow":["GET"]}}],"collection":[{"href":"https:\/\/reservandoaventuras.com\/it\/wp-json\/wp\/v2\/product"}],"about":[{"href":"https:\/\/reservandoaventuras.com\/it\/wp-json\/wp\/v2\/types\/product"}],"wp:featuredmedia":[{"embeddable":true,"href":"https:\/\/reservandoaventuras.com\/it\/wp-json\/wp\/v2\/media\/11534"}],"wp:attachment":[{"href":"https:\/\/reservandoaventuras.com\/it\/wp-json\/wp\/v2\/media?parent=11469"}],"wp:term":[{"taxonomy":"product_brand","embeddable":true,"href":"https:\/\/reservandoaventuras.com\/it\/wp-json\/wp\/v2\/product_brand?post=11469"},{"taxonomy":"product_cat","embeddable":true,"href":"https:\/\/reservandoaventuras.com\/it\/wp-json\/wp\/v2\/product_cat?post=11469"},{"taxonomy":"product_tag","embeddable":true,"href":"https:\/\/reservandoaventuras.com\/it\/wp-json\/wp\/v2\/product_tag?post=11469"}],"curies":[{"name":"wp","href":"https:\/\/api.w.org\/{rel}","templated":true}]}}