{"id":53,"date":"2020-06-14T11:56:47","date_gmt":"2020-06-14T11:56:47","guid":{"rendered":"https:\/\/haitises.com\/product\/import-placeholder-for-8984\/"},"modified":"2024-04-24T03:14:15","modified_gmt":"2024-04-24T03:14:15","slug":"samana-whale-watching-cayo-levantado-bacardi-island","status":"publish","type":"product","link":"https:\/\/reservandoaventuras.com\/hu\/private\/samana-whale-watching-cayo-levantado-bacardi-island\/","title":{"rendered":"Saman\u00e1 Whale Watching + Cayo Levantado (Bacardi Island)."},"content":{"rendered":"<div class=\"vc_row wpb_row vc_row-fluid\" ><div class=\"wpb_column vc_column_container vc_col-sm-12\"><div class=\"vc_column-inner\"><div class=\"wpb_wrapper\"><div class=\"mkdf-section-title-holder\" style=\"text-align: left\">\n\t<div class=\"mkdf-st-inner\">\n\t\t\t\t\t<h5 class=\"mkdf-st-subtitle\" >\n\t\t\t\tWhale watching Samana Bay\t\t\t<\/h5>\n\t\t\t\t\t\t\t<h3 class=\"mkdf-st-title\" >\n\t\t\t\tSaman\u00e1 Whale Watching + Cayo Levantado from Samana Port\t\t\t<\/h3>\n\t\t\t\t\t<\/div>\n<\/div><\/div><\/div><\/div><\/div><div class=\"vc_row wpb_row vc_row-fluid\" ><div class=\"wpb_column vc_column_container vc_col-sm-12\"><div class=\"vc_column-inner\"><div class=\"wpb_wrapper\">\n\t<div class=\"wpb_text_column wpb_content_element\" >\n\t\t<div class=\"wpb_wrapper\">\n\t\t\t<div class=\"vc_row wpb_row vc_row-fluid\">\n<div class=\"wpb_column vc_column_container vc_col-sm-12\">\n<div class=\"vc_column-inner\">\n<div class=\"wpb_wrapper\">\n<div class=\"wpb_text_column wpb_content_element\">\n<div class=\"wpb_wrapper\">\n<h3 class=\"mkdf-single-product-title\">Saman\u00e1 Whale Watching + Cayo Levantado (All included in Ticket price)<\/h3>\n<h4><b><i>\u00c1ttekint\u00e9s<\/i><\/b><\/h4>\n<p>Excursion for Whale watching in Samana bay starting from Samana port. Full day trip for whale watching in Samana bay and visiting the historical Island of Cayo Levantado plus Lunch on the beach.<\/p>\n<p>First, we meet in Our Office.<\/p>\n<p>Then the Excursion starts at 9:00 Am and Finishes at 5:00 Pm. After aborting our Catamaran or Boat to visit the Whales in their own habitat.<\/p>\n<p>From 9:00 Am until 12:00-noon Whale watching in the Sanctuary observatory and After this Whale trip we will visit Bacardi Island \/ Cayo Levantado. In Bacardi Island, Lunch Buffet from typical Dominican Style will be provided.<\/p>\n<p>When lunch is finished you are allowed to swim until 4:30 pm. The excursion will be finished at 5:00 pm at the same port from where it will start.<\/p>\n<p><strong>Note: This tour is Not Private. For a Private tour or just whale watching without Cayo Levantado please contact us.<\/strong><\/p>\n<ul>\n<li>Whale Watching trip<\/li>\n<li>Entrance fees to Observatory<\/li>\n<li>Includes Buffet lunch on the beach<\/li>\n<li>Boat Transfer<\/li>\n<li>The Captain provides instruction and Supervision<\/li>\n<li>Tour Guide<\/li>\n<\/ul>\n<p>&nbsp;<\/p>\n<h4><b>Befoglal\u00e1sok \u00e9s kiz\u00e1r\u00e1sok<\/b><\/h4>\n<p>&nbsp;<\/p>\n<p><b>Z\u00e1rv\u00e1nyok<\/b><\/p>\n<p>&nbsp;<\/p>\n<ol>\n<li>Buffet lunch on the beach<\/li>\n<li>Tour Guide<\/li>\n<li>Catamaran or Boat Trip<\/li>\n<li>Minden ad\u00f3, d\u00edj \u00e9s kezel\u00e9si k\u00f6lts\u00e9g<\/li>\n<li>Helyi ad\u00f3k<\/li>\n<li>Italok<\/li>\n<\/ol>\n<p><b>Kiz\u00e1r\u00e1sok<\/b><\/p>\n<ol>\n<li>h\u00e1lap\u00e9nz<\/li>\n<li>Transfer Car<\/li>\n<li>Alkoholos italok<\/li>\n<\/ol>\n<p>&nbsp;<\/p>\n<h4><em><strong>Indul\u00e1s \u00e9s vissza\u00fat<\/strong><\/em><\/h4>\n<p>A Foglal\u00e1si folyamat ut\u00e1n az utaz\u00f3 tal\u00e1lkoz\u00e1si pontot kap. A t\u00far\u00e1k tal\u00e1lkoz\u00e1si pontjainkon indulnak \u00e9s fejez\u0151dnek be.<\/p>\n<p>&nbsp;<\/p>\n<h4><b><i>Mi v\u00e1rhat\u00f3?<\/i><\/b><\/h4>\n<p>&nbsp;<\/p>\n<p><em><strong>Vedd meg a jegyeidet<\/strong><\/em> for a day Whale Watching tour in Samana bay and a wonderful lunch and beach time.<\/p>\n<p>The whale watching trips are organized by \u201cBooking Adventures\u201d starts at the meeting point set with the Tour Guide. Lunch at the beach and you can stay as long as you want swimming around. If you are Vegan we also can set some food for you.<\/p>\n<p><strong>Timetable:<\/strong><\/p>\n<p>8:45 AM \u2013 5:00 PM<\/p>\n<p>&nbsp;<\/p>\n<h4><em><strong>Mit vigy\u00e9l magaddal?<\/strong><\/em><\/h4>\n<ul>\n<li>kamera<\/li>\n<li>Riaszt\u00f3 bimb\u00f3k<\/li>\n<li>naptej<\/li>\n<li>Kalap<\/li>\n<li>K\u00e9nyelmes nadr\u00e1g<\/li>\n<li>Sandals to the \u00a0beach<\/li>\n<li>\u00dasz\u00f3ruha<\/li>\n<li>Cash for souvenirs<\/li>\n<\/ul>\n<p>&nbsp;<\/p>\n<h4><b><i>Sz\u00e1llodai \u00e1tv\u00e9tel<\/i><\/b><\/h4>\n<p>Ezen a t\u00far\u00e1n nem k\u00edn\u00e1lnak transzfert a sz\u00e1llod\u00e1b\u00f3l.<\/p>\n<p>&nbsp;<\/p>\n<p><b>Jegyzet:<\/b>\u00a0Ha a t\u00fara\/kir\u00e1ndul\u00e1s indul\u00e1si id\u0151pontj\u00e1t\u00f3l sz\u00e1m\u00edtott 24 \u00f3r\u00e1n bel\u00fcl lefoglalja, fel\u00e1r ellen\u00e9ben gondoskodunk a sz\u00e1llodai \u00e1tv\u00e9telr\u0151l. Amint a v\u00e1s\u00e1rl\u00e1s befejez\u0151d\u00f6tt, elk\u00fcldj\u00fck \u00d6nnek a helyi idegenvezet\u0151nk teljes el\u00e9rhet\u0151s\u00e9gi adatait (telefonsz\u00e1m, e-mail c\u00edm stb.), hogy megszervezhess\u00fck az \u00e1tv\u00e9tel megszervez\u00e9s\u00e9t.<\/p>\n<h4><b><i>Tov\u00e1bbi inform\u00e1ci\u00f3k meger\u0151s\u00edt\u00e9se<\/i><\/b><\/h4>\n<ol>\n<li>A jegyek a t\u00fara befizet\u00e9s\u00e9t k\u00f6vet\u0151 nyugt\u00e1k. A fizet\u00e9st a telefonon tudod megjelen\u00edteni.<\/li>\n<li>A tal\u00e1lkoz\u00e1si pontot a foglal\u00e1si folyamat ut\u00e1n veszik \u00e1t.<\/li>\n<li>A gyermekeket feln\u0151tt k\u00eds\u00e9ret\u00e9ben kell biztos\u00edtani.<\/li>\n<li>wheelchair accessible<\/li>\n<li>A csecsem\u0151knek \u00f6lben kell \u00fclni\u00fck<\/li>\n<li>A legt\u00f6bb utaz\u00f3 r\u00e9szt vehet<\/li>\n<\/ol>\n<h4><b><i>Lemond\u00e1si felt\u00e9telek<\/i><\/b><\/h4>\n<p>A teljes visszat\u00e9r\u00edt\u00e9shez legal\u00e1bb 24 \u00f3r\u00e1val az \u00e9lm\u00e9ny kezdete el\u0151tt mondd le.<\/p>\n<\/div>\n<\/div>\n<\/div>\n<\/div>\n<\/div>\n<\/div>\n<div class=\"vc_row wpb_row vc_row-fluid\">\n<div class=\"wpb_column vc_column_container vc_col-sm-12\">\n<div class=\"vc_column-inner\">\n<div class=\"wpb_wrapper\">\n<div class=\"wpb_text_column wpb_content_element\">\n<div class=\"wpb_wrapper\">\n<p>&nbsp;<\/p>\n<\/div>\n<\/div>\n<\/div>\n<\/div>\n<\/div>\n<\/div>\n\n\t\t<\/div>\n\t<\/div>\n<\/div><\/div><\/div><\/div><div class=\"vc_row wpb_row vc_row-fluid\" ><div class=\"wpb_column vc_column_container vc_col-sm-12\"><div class=\"vc_column-inner\"><div class=\"wpb_wrapper\"><div class=\"vc_empty_space\"   style=\"height: 32px\"><span class=\"vc_empty_space_inner\"><\/span><\/div>\n\t<div class=\"wpb_video_widget wpb_content_element vc_clearfix   vc_video-aspect-ratio-169 vc_video-el-width-100 vc_video-align-left\" >\n\t\t<div class=\"wpb_wrapper\">\n\t\t\t\n\t\t\t<div class=\"wpb_video_wrapper\"><iframe loading=\"lazy\" title=\"Whales Watching Samana Bay Dominican Republic\" src=\"https:\/\/player.vimeo.com\/video\/337838231?dnt=1&amp;app_id=122963\" width=\"1100\" height=\"619\" frameborder=\"0\" allow=\"autoplay; fullscreen\" allowfullscreen><\/iframe><\/div>\n\t\t<\/div>\n\t<\/div>\n<div class=\"vc_empty_space\"   style=\"height: 32px\"><span class=\"vc_empty_space_inner\"><\/span><\/div><\/div><\/div><\/div><\/div><div class=\"vc_row wpb_row vc_row-fluid\" ><div class=\"wpb_column vc_column_container vc_col-sm-12\"><div class=\"vc_column-inner\"><div class=\"wpb_wrapper\"><div class=\"vc_empty_space\"   style=\"height: 32px\"><span class=\"vc_empty_space_inner\"><\/span><\/div>\n\t<div class=\"wpb_text_column wpb_content_element\" >\n\t\t<div class=\"wpb_wrapper\">\n\t\t\t<h4>L\u00e9pjen kapcsolatba vel\u00fcnk?<\/h4>\n<h5>Kalandok foglal\u00e1sa<\/h5>\n<p><em><strong>Helyiek<\/strong>\u00a0\u00e9s\u00a0<strong>Nemzetiek<\/strong>\u00a0Idegenvezet\u0151k \u00e9s vend\u00e9gszolg\u00e1ltat\u00e1sok<\/em><\/p>\n<p><span class=\"text-turquoise\">Foglal\u00e1sok:<\/span>\u00a0T\u00far\u00e1k \u00e9s kir\u00e1ndul\u00e1sok Dom. Rep.<\/p>\n<p><img decoding=\"async\" class=\"emoji\" draggable=\"false\" src=\"https:\/\/s.w.org\/images\/core\/emoji\/11.2.0\/svg\/1f4de.svg\" alt=\"\ud83d\udcde\" title=\"\">\u00a0Tel\/Whatsapp\u00a0\u00a0<a href=\"tel:+1-809-720-6035\">+1-809-720-6035<\/a>.<\/p>\n<p><img decoding=\"async\" class=\"emoji\" draggable=\"false\" src=\"https:\/\/s.w.org\/images\/core\/emoji\/11.2.0\/svg\/1f4e9.svg\" alt=\"\ud83d\udce9\" title=\"\">\u00a0<a href=\"mailto:info@bookingadventures.com.do\">info@bookingadventures.com.do<\/a><\/p>\n<p><strong>Rugalmasan \u00e1ll\u00edtjuk be a Whatsapp priv\u00e1t t\u00far\u00e1it:\u00a0<a href=\"tel:+18097206035\">+18097206035.<\/a><\/strong><\/p>\n\n\t\t<\/div>\n\t<\/div>\n<div class=\"vc_empty_space\"   style=\"height: 32px\"><span class=\"vc_empty_space_inner\"><\/span><\/div><\/div><\/div><\/div><\/div>","protected":false},"excerpt":{"rendered":"<p class=\"mkdf-single-product-title\">Saman\u00e1 Whale Watching + Cayo Levantado tour starting from Samana port with Local naturalist tour guide. Visiting the Humpback whales in the sanctuary and after whale watching in Samana Bay, Visit Bacardi island for a Lunch and beach time.<\/p>\n<p>After this trip,\u00a0 we will bring you back to the meeting point where we started.<\/p>\n<p>&nbsp;<\/p>\n<p><em><strong>Check the Days available for this Excursion:<\/strong><\/em><\/p>","protected":false},"featured_media":254,"template":"","meta":[],"product_brand":[],"product_cat":[122,124,232],"product_tag":[137,139,233,225,147,148,143,234,235,236,237,238],"class_list":{"0":"post-53","1":"product","2":"type-product","3":"status-publish","4":"has-post-thumbnail","6":"product_cat-tours-and-excursions","7":"product_cat-tours-excursions-samana-bay-dominican-republic","8":"product_cat-whale-watching-samana","9":"product_tag-bacardi-island","10":"product_tag-cayo-levantado","11":"product_tag-las-galeras","12":"product_tag-las-terrenas","13":"product_tag-samana-bay","14":"product_tag-samana-excursions","15":"product_tag-samana-tours","16":"product_tag-whale-samana","17":"product_tag-whale-tours","18":"product_tag-whale-watching-dominican-republic","19":"product_tag-whale-watching-excursion","20":"product_tag-whale-watching-samana","22":"first","23":"instock","24":"sale","25":"sold-individually","26":"shipping-taxable","27":"product-type-external"},"_links":{"self":[{"href":"https:\/\/reservandoaventuras.com\/hu\/wp-json\/wp\/v2\/product\/53","targetHints":{"allow":["GET"]}}],"collection":[{"href":"https:\/\/reservandoaventuras.com\/hu\/wp-json\/wp\/v2\/product"}],"about":[{"href":"https:\/\/reservandoaventuras.com\/hu\/wp-json\/wp\/v2\/types\/product"}],"wp:featuredmedia":[{"embeddable":true,"href":"https:\/\/reservandoaventuras.com\/hu\/wp-json\/wp\/v2\/media\/254"}],"wp:attachment":[{"href":"https:\/\/reservandoaventuras.com\/hu\/wp-json\/wp\/v2\/media?parent=53"}],"wp:term":[{"taxonomy":"product_brand","embeddable":true,"href":"https:\/\/reservandoaventuras.com\/hu\/wp-json\/wp\/v2\/product_brand?post=53"},{"taxonomy":"product_cat","embeddable":true,"href":"https:\/\/reservandoaventuras.com\/hu\/wp-json\/wp\/v2\/product_cat?post=53"},{"taxonomy":"product_tag","embeddable":true,"href":"https:\/\/reservandoaventuras.com\/hu\/wp-json\/wp\/v2\/product_tag?post=53"}],"curies":[{"name":"wp","href":"https:\/\/api.w.org\/{rel}","templated":true}]}}