{"id":127,"date":"2020-06-14T11:57:48","date_gmt":"2020-06-14T11:57:48","guid":{"rendered":"https:\/\/haitises.com\/product\/import-placeholder-for-9348\/"},"modified":"2024-04-22T15:40:44","modified_gmt":"2024-04-22T15:40:44","slug":"atv-samana-adventures-atv-tours-excursions-in-samana-dominican-republic-atv-el-valle-beach-waterfalls","status":"publish","type":"product","link":"https:\/\/reservandoaventuras.com\/hu\/private\/atv-samana-kalandok-atv-turak-kirandulasok-samanaban-dominikai-koztarsasag-atv-el-valle-beach-vizesesek\/","title":{"rendered":"ATV Samana Adventures - ATV t\u00far\u00e1k \u00e9s kir\u00e1ndul\u00e1sok Samana Dominikai K\u00f6zt\u00e1rsas\u00e1gban. ATV + El Valle strand \u00e9s v\u00edzes\u00e9sek"},"content":{"rendered":"<div class=\"vc_row wpb_row vc_row-fluid\" ><div class=\"wpb_column vc_column_container vc_col-sm-12\"><div class=\"vc_column-inner\"><div class=\"wpb_wrapper\"><div class=\"mkdf-section-title-holder\" style=\"text-align: left\">\n\t<div class=\"mkdf-st-inner\">\n\t\t\t\t\t<h5 class=\"mkdf-st-subtitle\" >\n\t\t\t\tEb\u00e9d a The Beach-en\t\t\t<\/h5>\n\t\t\t\t\t\t\t<h3 class=\"mkdf-st-title\" >\n\t\t\t\tATV Samana Adventures - ATV t\u00far\u00e1k \u00e9s kir\u00e1ndul\u00e1sok Samana, Dominikai K\u00f6zt\u00e1rsas\u00e1g. ATV + El Valle strand \u00e9s v\u00edzes\u00e9sek\t\t\t<\/h3>\n\t\t\t\t\t<\/div>\n<\/div><\/div><\/div><\/div><\/div><div class=\"vc_row wpb_row vc_row-fluid\" ><div class=\"wpb_column vc_column_container vc_col-sm-12\"><div class=\"vc_column-inner\"><div class=\"wpb_wrapper\">\n\t<div class=\"wpb_text_column wpb_content_element\" >\n\t\t<div class=\"wpb_wrapper\">\n\t\t\t<h3 class=\"ui_header h1 attractions-product-info-ProductTitle__title--1qM0o\">ATV Samana Adventures - ATV t\u00far\u00e1k \u00e9s kir\u00e1ndul\u00e1sok Samana Dominikai K\u00f6zt\u00e1rsas\u00e1gban. ATV + El Valle strand \u00e9s v\u00edzes\u00e9sek.<\/h3>\n<h4><b><i>\u00c1ttekint\u00e9s <\/i><\/b><\/h4>\n<p>Szerezze be jegyeit egy f\u00e9lnapos kir\u00e1ndul\u00e1sra Samana-ban az ATV Tours-on. <span style=\"font-family: Arial, Helvetica, sans-serif;\"><span style=\"color: #4b291d;\">\u00a0T<\/span>A kir\u00e1ndul\u00e1s indul az irod\u00e1nkban k\u00f6zel Samana f\u0151 dokk. vezet\u00e9s ut\u00e1n 30 perc lesz\u00fcnk L\u00e1togat\u00e1s Tree House \u00f6kol\u00f3gus az \u00faton a v\u00edzes\u00e9sek. A v\u00edzes\u00e9sekhez val\u00f3 t\u00far\u00e1z\u00e1s ut\u00e1n kb. 10 perc. <\/span><\/p>\n<p><span style=\"font-family: Arial, Helvetica, sans-serif;\">Az El Valle strandon eb\u00e9del\u00fcnk. A 4,5 \u00f3r\u00e1s tev\u00e9kenys\u00e9g ut\u00e1n visszamegy\u00fcnk a tal\u00e1lkoz\u00e1si pontunkra Saman\u00e1ba.\u00a0<\/span><\/p>\n<p>&nbsp;<\/p>\n<h4><b>Befoglal\u00e1sok \u00e9s kiz\u00e1r\u00e1sok<\/b><\/h4>\n<p>&nbsp;<\/p>\n<p><b>Z\u00e1rv\u00e1nyok<\/b><\/p>\n<ol>\n<li style=\"font-weight: 400;\">Atv 2 ember egy szem\u00e9lyben.<\/li>\n<li>Eb\u00e9d a tengerparton<\/li>\n<li style=\"font-weight: 400;\"><span style=\"font-weight: 400;\">Minden ad\u00f3, d\u00edj \u00e9s kezel\u00e9si k\u00f6lts\u00e9g<\/span><\/li>\n<li style=\"font-weight: 400;\"><span style=\"font-weight: 400;\">Helyi ad\u00f3k<\/span><\/li>\n<li style=\"font-weight: 400;\"><span style=\"font-weight: 400;\">Italok<\/span><\/li>\n<li>R\u00e1gcs\u00e1lnival\u00f3k<\/li>\n<li>V\u00edzes\u00e9sek l\u00e1togat\u00e1s<\/li>\n<li>El Valle strand<\/li>\n<li>Tree House l\u00e1togat\u00e1s<\/li>\n<li style=\"font-weight: 400;\"><span style=\"font-weight: 400;\">Minden tev\u00e9kenys\u00e9g<\/span><\/li>\n<li style=\"font-weight: 400;\"><span style=\"font-weight: 400;\">Helyi idegenvezet\u0151<\/span><\/li>\n<\/ol>\n<p><b> Kiz\u00e1r\u00e1sok<\/b><\/p>\n<ol>\n<li style=\"font-weight: 400;\"><span style=\"font-weight: 400;\">h\u00e1lap\u00e9nz<\/span><\/li>\n<li>sz\u00e1ll\u00edt\u00e1s a sz\u00e1llod\u00e1t\u00f3l ( L\u00e9pjen kapcsolatba vel\u00fcnk).<\/li>\n<li style=\"font-weight: 400;\"><span style=\"font-weight: 400;\">Alkoholos italok<\/span><\/li>\n<\/ol>\n<p>&nbsp;<\/p>\n<h4><em><strong>Indul\u00e1s \u00e9s vissza\u00fat<\/strong><\/em><\/h4>\n<p><span style=\"font-weight: 400;\">Az utaz\u00f3 a foglal\u00e1si folyamat ut\u00e1n kap egy tal\u00e1lkoz\u00e1si pontot. A t\u00far\u00e1k a tal\u00e1lkoz\u00e1si pontokon kezd\u0151dnek \u00e9s fejez\u0151dnek be.<\/span><\/p>\n<h4><\/h4>\n<h3 class=\"ui_header h1 attractions-product-info-ProductTitle__title--1qM0o\">ATV Samana Adventures - ATV t\u00far\u00e1k \u00e9s kir\u00e1ndul\u00e1sok Samana Dominikai K\u00f6zt\u00e1rsas\u00e1gban. ATV + El Valle strand \u00e9s v\u00edzes\u00e9sek.<\/h3>\n<h4><b><i>Mi v\u00e1rhat\u00f3?<\/i><\/b><\/h4>\n<div data-tab=\"TABS_WHAT_TO_EXPECT\">\n<div class=\"ui_card attractions-card-CollapsibleProductDetailsCard__cardContainer--3r2wk attractions-card-CollapsibleProductDetailsCard__cleanslateOverrideDT--2AJh0\">\n<div class=\"attractions-card-CollapsibleCard__header--IDA3r\">\n<div class=\"attractions-card-CollapsibleCard__headerSection--3gTKb\"><\/div>\n<\/div>\n<div class=\"attractions-card-CollapsibleCard__content--2Ws8q\">\n<div class=\"attractions-card-CollapsibleCard__contentWrap--374jk attractions-card-CollapsibleCard__titleUnderline--1uHze\">\n<div class=\"attractions-card-CollapsibleProductDetailsCard__cardContent--23ext\">\n<div class=\"common-text-ReadMore__readMore--3Iu8c common-text-ReadMore__variantFadeOut--1tInd\">\n<div class=\"common-text-ReadMore__content--2X4LR\">\n<div class=\"ui_columns is-desktop\">\n<div class=\"ui_column\">Az Atv beind\u00edt\u00e1sa. \u00cdgy k\u00e9szen \u00e1llsz arra, hogy \u00e1tkelj az orsz\u00e1gon, \u00e9s k\u00f6zelr\u0151l l\u00e1sd a Saman\u00e1-f\u00e9lszigetet. Az ATV j\u00e1rm\u0171vel kereszt\u00fclhajtasz n\u00e9h\u00e1ny r\u00f6g\u00f6s terepen, \u00e9s megl\u00e1togatunk egy dominikai csal\u00e1dot, ahol egy gyors meg\u00e1ll\u00f3t tartunk, hogy lef\u00e9nyk\u00e9pezz\u00fck a fah\u00e1z \u00f6kol\u00f3gus\u00e1t, megiszunk egy j\u00f3 dominikai k\u00e1v\u00e9t \u00e9s \u00e9lvezz\u00fck a finom term\u00e9szetes csokol\u00e1d\u00e9t.<\/div>\n<div class=\"ui_column\">Miut\u00e1n folytatjuk accross egy kis falu, ahol \u00e9lvezheti a melegs\u00e9g a nat\u00edv dominikai emberek az \u00faton, hogy l\u00e1togasson el a v\u00edzes\u00e9sek LULU, T\u00far\u00e1z\u00e1s a v\u00edzes\u00e9sek 10 perc \u00e9s a tanul\u00e1s az erd\u0151 a Dominikai K\u00f6zt\u00e1rsas\u00e1g egyik legegzotikusabb helyeken a r\u00e9gi\u00f3ban.<\/div>\n<div><\/div>\n<div class=\"ui_column\">Visszat\u00e9rve a terepj\u00e1r\u00f3nkhoz, megl\u00e1togatjuk az egyik legszebb strandot Samana k\u00f6rny\u00e9k\u00e9n. El Valle Beach!  Ahol k\u00f6r\u00fclbel\u00fcl 1 \u00f3ra 15 percig fogunk meg\u00e1llni, hogy \u00e9lvezz\u00fck a Playa El Valle strand var\u00e1zslatos feh\u00e9r homokj\u00e1t \u00e9s krist\u00e1lytiszta t\u00fcrkizk\u00e9k viz\u00e9t. Itt megpihenhet, ihat, \u00faszhat, felfedezhet, vagy csak hever\u00e9szhet a napon, ha szeretn\u00e9.  B\u00fcf\u00e9 lesz K\u00e9sz a tipikus dominikai \u00e9telekkel, \u00e9s ha veg\u00e1n vagy, tudasd vel\u00fcnk. Van \u00e9tel mindenki sz\u00e1m\u00e1ra!<\/div>\n<\/div>\n<div>4,5 \u00f3ra ut\u00e1n visszautazunk Samana v\u00e1ros\u00e1ba.<\/div>\n<div class=\"ui_columns is-desktop\">\n<div class=\"ui_column\"><\/div>\n<\/div>\n<\/div>\n<\/div>\n<\/div>\n<\/div>\n<\/div>\n<\/div>\n<\/div>\n<h4><em><strong>Mit vigy\u00e9l magaddal?<\/strong><\/em><\/h4>\n<ul>\n<li style=\"font-weight: 400;\"><span style=\"font-weight: 400;\">kamera<\/span><\/li>\n<li style=\"font-weight: 400;\"><span style=\"font-weight: 400;\">Riaszt\u00f3 bimb\u00f3k<\/span><\/li>\n<li style=\"font-weight: 400;\"><span style=\"font-weight: 400;\">naptej<\/span><\/li>\n<li style=\"font-weight: 400;\"><span style=\"font-weight: 400;\">Kalap<\/span><\/li>\n<li style=\"font-weight: 400;\"><span style=\"font-weight: 400;\">K\u00e9nyelmes nadr\u00e1g<\/span><\/li>\n<li style=\"font-weight: 400;\"><span style=\"font-weight: 400;\">Erdei t\u00faracip\u0151<\/span><\/li>\n<li style=\"font-weight: 400;\"><span style=\"font-weight: 400;\">Szand\u00e1lok a tavaszi ter\u00fcletekre.<\/span><\/li>\n<li style=\"font-weight: 400;\"><span style=\"font-weight: 400;\">\u00dasz\u00f3ruha<\/span><\/li>\n<\/ul>\n<p>&nbsp;<\/p>\n<h4><b><i>Sz\u00e1llodai \u00e1tv\u00e9tel <\/i><\/b><\/h4>\n<p><span style=\"font-weight: 400;\">Ezen a t\u00far\u00e1n a sz\u00e1llodai felsz\u00e1ll\u00e1st nem biztos\u00edtjuk. Be\u00e1ll\u00edtjuk Pick up kapcsolatba l\u00e9pve vel\u00fcnk Whatsapp.<\/span><\/p>\n<p>&nbsp;<\/p>\n<p><b>Jegyzet:<\/b><span style=\"font-weight: 400;\"> Ha a t\u00fara\/kir\u00e1ndul\u00e1s indul\u00e1si id\u0151pontj\u00e1t\u00f3l sz\u00e1m\u00edtott 24 \u00f3r\u00e1n bel\u00fcl lefoglalja, fel\u00e1r ellen\u00e9ben gondoskodunk a sz\u00e1llodai \u00e1tv\u00e9telr\u0151l. Amint a v\u00e1s\u00e1rl\u00e1s befejez\u0151d\u00f6tt, elk\u00fcldj\u00fck \u00d6nnek a helyi idegenvezet\u0151nk teljes el\u00e9rhet\u0151s\u00e9gi adatait (telefonsz\u00e1m, e-mail c\u00edm stb.), hogy megszervezhess\u00fck az \u00e1tv\u00e9tel megszervez\u00e9s\u00e9t.<\/span><\/p>\n<h4><b><i>Tov\u00e1bbi inform\u00e1ci\u00f3k meger\u0151s\u00edt\u00e9se <\/i><\/b><\/h4>\n<ol>\n<li>A jegyek a t\u00fara befizet\u00e9s\u00e9t k\u00f6vet\u0151 nyugt\u00e1k. A fizet\u00e9st a telefonon tudod megjelen\u00edteni.<\/li>\n<li style=\"font-weight: 400;\"><span style=\"font-weight: 400;\">A tal\u00e1lkoz\u00e1si pontot a foglal\u00e1si folyamat ut\u00e1n veszik \u00e1t.<\/span><\/li>\n<li style=\"font-weight: 400;\"><span style=\"font-weight: 400;\">A gyermekeket feln\u0151tt k\u00eds\u00e9ret\u00e9ben kell biztos\u00edtani.<\/span><\/li>\n<li style=\"font-weight: 400;\"><span style=\"font-weight: 400;\"> Kerekessz\u00e9kkel nem megk\u00f6zel\u00edthet\u0151 <\/span><\/li>\n<li style=\"font-weight: 400;\"><span style=\"font-weight: 400;\">A csecsem\u0151knek \u00f6lben kell \u00fclni\u00fck <\/span><\/li>\n<li style=\"font-weight: 400;\"><span style=\"font-weight: 400;\">H\u00e1tprobl\u00e9m\u00e1kkal k\u00fczd\u0151 utaz\u00f3knak nem aj\u00e1nlott<\/span><\/li>\n<li style=\"font-weight: 400;\"><span style=\"font-weight: 400;\">Terhes utaz\u00f3knak nem aj\u00e1nlott <\/span><\/li>\n<li style=\"font-weight: 400;\"><span style=\"font-weight: 400;\"> Nincsenek sz\u00edvprobl\u00e9m\u00e1k vagy egy\u00e9b s\u00falyos eg\u00e9szs\u00e9g\u00fcgyi \u00e1llapotok <\/span><\/li>\n<li style=\"font-weight: 400;\"><span style=\"font-weight: 400;\">A legt\u00f6bb utaz\u00f3 r\u00e9szt vehet<\/span><\/li>\n<\/ol>\n<h4><b><i>Lemond\u00e1si felt\u00e9telek<\/i><\/b><\/h4>\n<p><span style=\"font-weight: 400;\">A teljes visszat\u00e9r\u00edt\u00e9shez legal\u00e1bb 24 \u00f3r\u00e1val az \u00e9lm\u00e9ny kezdete el\u0151tt mondd le. Az \u00f6sszeg elveszik, ha a foglal\u00e1st az utaz\u00e1s napj\u00e1n lemondj\u00e1k.<\/span><\/p>\n\n\t\t<\/div>\n\t<\/div>\n<\/div><\/div><\/div><\/div><div class=\"vc_row wpb_row vc_row-fluid\" ><div class=\"wpb_column vc_column_container vc_col-sm-12\"><div class=\"vc_column-inner\"><div class=\"wpb_wrapper\">\n\t<div class=\"wpb_video_widget wpb_content_element vc_clearfix   vc_video-aspect-ratio-169 vc_video-el-width-100 vc_video-align-left\" >\n\t\t<div class=\"wpb_wrapper\">\n\t\t\t<h2 class=\"wpb_heading wpb_video_heading\">Samana a Booking Adventures-szel:<\/h2>\n\t\t\t<div class=\"wpb_video_wrapper\"><iframe loading=\"lazy\" title=\"Dominikai desztin\u00e1ci\u00f3 Samana Zipline, ATV kir\u00e1ndul\u00e1sok\" width=\"1100\" height=\"619\" src=\"https:\/\/www.youtube.com\/embed\/8Ybh1xtnr2M?feature=oembed\" frameborder=\"0\" allow=\"accelerometer; autoplay; encrypted-media; gyroscope; picture-in-picture\" allowfullscreen><\/iframe><\/div>\n\t\t<\/div>\n\t<\/div>\n<\/div><\/div><\/div><\/div><div class=\"vc_row wpb_row vc_row-fluid\" ><div class=\"wpb_column vc_column_container vc_col-sm-12\"><div class=\"vc_column-inner\"><div class=\"wpb_wrapper\"><div class=\"vc_empty_space\"   style=\"height: 32px\"><span class=\"vc_empty_space_inner\"><\/span><\/div>\n\t<div class=\"wpb_text_column wpb_content_element\" >\n\t\t<div class=\"wpb_wrapper\">\n\t\t\t<h4>L\u00e9pjen kapcsolatba vel\u00fcnk?<\/h4>\n<h5><em><strong>Kalandok foglal\u00e1sa<\/strong><\/em><\/h5>\n<p><em><strong>Helyiek<\/strong>\u00a0\u00e9s\u00a0<strong>Nemzetiek<\/strong>\u00a0Idegenvezet\u0151k \u00e9s vend\u00e9gszolg\u00e1ltat\u00e1sok<\/em><\/p>\n<p><span class=\"text-turquoise\">Foglal\u00e1sok:<\/span>\u00a0T\u00far\u00e1k \u00e9s kir\u00e1ndul\u00e1sok Dom. Rep.<\/p>\n<p><img decoding=\"async\" class=\"emoji\" draggable=\"false\" src=\"https:\/\/s.w.org\/images\/core\/emoji\/11.2.0\/svg\/1f4de.svg\" alt=\"\ud83d\udcde\" title=\"\">\u00a0Tel\/Whatsapp\u00a0\u00a0<a href=\"tel:+1-809-720-6035\">+1-809-720-6035<\/a>.<\/p>\n<p><img decoding=\"async\" class=\"emoji\" draggable=\"false\" src=\"https:\/\/s.w.org\/images\/core\/emoji\/11.2.0\/svg\/1f4e9.svg\" alt=\"\ud83d\udce9\" title=\"\">\u00a0<a href=\"mailto:info@bookingadventures.com.do\">info@bookingadventures.com.do<\/a><\/p>\n<p><strong>Rugalmasan \u00e1ll\u00edtjuk be a Whatsapp priv\u00e1t t\u00far\u00e1it:\u00a0<a href=\"tel:+18097206035\">+18097206035.<\/a><\/strong><\/p>\n\n\t\t<\/div>\n\t<\/div>\n<div class=\"vc_empty_space\"   style=\"height: 32px\"><span class=\"vc_empty_space_inner\"><\/span><\/div><\/div><\/div><\/div><\/div>","protected":false},"excerpt":{"rendered":"<div class=\"ui_columns is-desktop\">\n<div class=\"ui_column\">Ez az Atv-\u00e9lm\u00e9ny Samana City Centerben kezd\u0151dik. Az Atv-vel a LULU v\u00edzes\u00e9sekhez vezet\u00fcnk, a Tree House Ecolodge mellett elhaladva eg\u00e9szen az El Valle Beach-ig.<\/div>\n<div class=\"ui_column\">El Valle Beach!  Ahol k\u00f6r\u00fclbel\u00fcl 1 \u00f3ra 15 percig meg\u00e1llunk, hogy \u00e9lvezz\u00fck a Playa El Valle strand var\u00e1zslatos feh\u00e9r homokj\u00e1t \u00e9s krist\u00e1lytiszta t\u00fcrkizk\u00e9k viz\u00e9t. Ott pihenhet, ihat, \u00faszhat, felfedezhet, vagy csak hever\u00e9szhet a napon, ha szeretn\u00e9. Egy b\u00fcf\u00e9 lesz K\u00e9szen \u00e1ll a tipikus dominikai \u00e9telekkel, \u00e9s ha veg\u00e1n vagy, tudasd vel\u00fcnk. Mindenkinek van \u00e9tel\u00fcnk!<\/div>\n<div><\/div>\n<\/div>\n<div>4,5 \u00f3ra ut\u00e1n visszautazunk Samana v\u00e1ros\u00e1ba.<\/div>\n<p>. T\u00far\u00e1z\u00e1s \u00e9s \u00fasz\u00e1s biztons\u00e1gi felszerel\u00e9ssel, hogy a valaha volt legjobb \u00e9lm\u00e9ny legyen!!!<\/p>\n<p>&nbsp;<\/p>\n<p><strong>K\u00e9rj\u00fck, v\u00e1lassza ki a t\u00fara id\u0151pontj\u00e1t:\u00a0<\/strong><\/p>","protected":false},"featured_media":392,"template":"","meta":[],"product_brand":[],"product_cat":[317,318,319,120,96,320,135,321,122,100],"product_tag":[322,323,324,325,157,326,201,142,327,148,143,328],"class_list":{"0":"post-127","1":"product","2":"type-product","3":"status-publish","4":"has-post-thumbnail","6":"product_cat-atv-adventures","7":"product_cat-atv-fourwheels","8":"product_cat-atv-tours-excursions-adventures","9":"product_cat-fees-entrace","10":"product_cat-hiking","11":"product_cat-lulu-waterfalls","12":"product_cat-lunch","13":"product_cat-things-to-do-in-samana-province","14":"product_cat-tours-and-excursions","15":"product_cat-waterfalls","16":"product_tag-atv-samana-excursion","17":"product_tag-atv-tours-excursions-in-samana-dominican-republic","18":"product_tag-atv-fourwheels","19":"product_tag-atv-tours-excursions-adventures","20":"product_tag-el-valle-beach","21":"product_tag-lulu-waterfalls","22":"product_tag-private-tours-samana","23":"product_tag-samana","24":"product_tag-samana-atv","25":"product_tag-samana-excursions","26":"product_tag-samana-tours","27":"product_tag-tree-house-samana","29":"first","30":"instock","31":"sale","32":"sold-individually","33":"shipping-taxable","34":"product-type-external"},"_links":{"self":[{"href":"https:\/\/reservandoaventuras.com\/hu\/wp-json\/wp\/v2\/product\/127","targetHints":{"allow":["GET"]}}],"collection":[{"href":"https:\/\/reservandoaventuras.com\/hu\/wp-json\/wp\/v2\/product"}],"about":[{"href":"https:\/\/reservandoaventuras.com\/hu\/wp-json\/wp\/v2\/types\/product"}],"wp:featuredmedia":[{"embeddable":true,"href":"https:\/\/reservandoaventuras.com\/hu\/wp-json\/wp\/v2\/media\/392"}],"wp:attachment":[{"href":"https:\/\/reservandoaventuras.com\/hu\/wp-json\/wp\/v2\/media?parent=127"}],"wp:term":[{"taxonomy":"product_brand","embeddable":true,"href":"https:\/\/reservandoaventuras.com\/hu\/wp-json\/wp\/v2\/product_brand?post=127"},{"taxonomy":"product_cat","embeddable":true,"href":"https:\/\/reservandoaventuras.com\/hu\/wp-json\/wp\/v2\/product_cat?post=127"},{"taxonomy":"product_tag","embeddable":true,"href":"https:\/\/reservandoaventuras.com\/hu\/wp-json\/wp\/v2\/product_tag?post=127"}],"curies":[{"name":"wp","href":"https:\/\/api.w.org\/{rel}","templated":true}]}}