{"id":562,"date":"2020-06-25T15:24:34","date_gmt":"2020-06-25T15:24:34","guid":{"rendered":"https:\/\/haitises.com\/?post_type=product&#038;p=562"},"modified":"2024-04-17T17:28:59","modified_gmt":"2024-04-17T17:28:59","slug":"los-haitises-excursion-en-kayak-4-horas","status":"publish","type":"product","link":"https:\/\/reservandoaventuras.com\/en\/private\/los-haitises-kayak-excursion-4-hours\/","title":{"rendered":"Los Haitises Kayak Excursion 4 hours"},"content":{"rendered":"<div class=\"vc_row wpb_row vc_row-fluid\" ><div class=\"wpb_column vc_column_container vc_col-sm-12\"><div class=\"vc_column-inner\"><div class=\"wpb_wrapper\"><div class=\"vc_empty_space\"   style=\"height: 32px\"><span class=\"vc_empty_space_inner\"><\/span><\/div><\/div><\/div><\/div><\/div><div class=\"vc_row wpb_row vc_row-fluid\" ><div class=\"wpb_column vc_column_container vc_col-sm-12\"><div class=\"vc_column-inner\"><div class=\"wpb_wrapper\"><div class=\"mkdf-section-title-holder\" style=\"text-align: left\">\n\t<div class=\"mkdf-st-inner\">\n\t\t\t\t\t<h5 class=\"mkdf-st-subtitle\" >\n\t\t\t\tMangroves, caves and more.\t\t\t<\/h5>\n\t\t\t\t\t\t\t<\/div>\n<\/div><\/div><\/div><\/div><\/div><div class=\"vc_row wpb_row vc_row-fluid\" ><div class=\"wpb_column vc_column_container vc_col-sm-12\"><div class=\"vc_column-inner\"><div class=\"wpb_wrapper\"><div class=\"vc_empty_space\"   style=\"height: 32px\"><span class=\"vc_empty_space_inner\"><\/span><\/div><\/div><\/div><\/div><\/div><div class=\"vc_row wpb_row vc_row-fluid\" ><div class=\"wpb_column vc_column_container vc_col-sm-12\"><div class=\"vc_column-inner\"><div class=\"wpb_wrapper\">\n\t<div class=\"wpb_text_column wpb_content_element\" >\n\t\t<div class=\"wpb_wrapper\">\n\t\t\t<h2>Kayak in Los Haitises with Ca\u00f1o Hondo tour guide 4 hours<\/h2>\n<h3>Description<\/h3>\n<p>Mangrove kayaking in Los Haitises National Park with a local guide for 4 hours. Visiting mangroves, caves, pictographs on the Ca\u00f1o Hondo River and an overview of San Lorenzo Bay in Los Haitises National Park, Sabana de la Mar area, Ca\u00f1o Hondo. In case of a short trip: kayak Los Haitises 2 hours<\/p>\n<ul>\n<li>The guide provides instruction and supervision.<\/li>\n<li>Kayaks and paddles available Double for two people and Simple for one person.<\/li>\n<\/ul>\n<h3>Inclusions and exclusions<\/h3>\n<h4>Inclusions<\/h4>\n<ol>\n<li>kayak trip<\/li>\n<li>Excursions to the caves<\/li>\n<li>All taxes, fees and handling charges<\/li>\n<li>Local taxes<\/li>\n<li>Local guide<\/li>\n<\/ol>\n<h4>Exclusions<\/h4>\n<ol>\n<li>Tips<\/li>\n<li>Transport<\/li>\n<li>Lunch is not included.<\/li>\n<li>Alcoholic beverages<\/li>\n<\/ol>\n<h3><em>Departure and return<\/em><\/h3>\n<p>The traveler will get a meeting point after the booking process. Tours begin and end at our meeting points.<\/p>\n<h3><em>What to expect?<\/em><\/h3>\n<p>Get your tickets to visit 4 hours by kayak to the Ca\u00f1o Hondo River Forest (mangroves), Rocky Islands, Bird Watching and Caves with the local tour guide.<\/p>\n<p>We get all the types of equipment necessary for your safety (life jackets, etc.), and the action begins by kayak from the Ca\u00f1o Hondo River.<\/p>\n<p>El recorrido, organizado por \u00abBooking Adventures\u00bb, comienza en el punto de encuentro establecido con el gu\u00eda tur\u00edstico. Tomando los kayaks y atravesando manglares, pasando por antiguas cuevas piratas y por bosques protegidos en esta pintoresca reserva a partir del \u00e1rea de los Hoteles Ca\u00f1o Hondo o de Sabana de la Mar.<\/p>\n<p>Come with Booking Adventures and start seeing some bird-filled mangroves, rolling hills of lush vegetation and caves of Los Haitises National Park. Take a kayak excursion from the Ca\u00f1o Hondo River, Sabana de la Mar. Through the mangroves and land into the open bay of San Lorenzo, from where you can photograph the rugged forested landscape. Look out into the water to see manatees, crustaceans and dolphins.<\/p>\n<p>El nombre del parque nacional proviene de sus habitantes originales, los indios ta\u00ednos. En su idioma, \u00abHaitises\u00bb se traduce como tierras altas o colinas, una referencia a las empinadas formaciones geol\u00f3gicas de la costa con calizas. Avent\u00farate m\u00e1s en el parque para explorar cuevas como la Cueva de la Arena y la Cueva de la L\u00ednea. Las cuevas en la reserva fueron utilizadas como refugio por los indios ta\u00ednos y, m\u00e1s tarde, por los piratas para esconderse. Busque dibujos de indios que decoran algunas de las paredes.<\/p>\n<p>In case you like this shorter trip, we have a second option: kayak in Los Haitises 2 hours<\/p>\n<p>The Tour ends at the starting point in Los Haitises National Park. We recommend this trip at 6:00 am in case you want to see manatees, crustaceans and dolphins.<\/p>\n<p>6:00 AM is early, so there are no boats in Los Haitises National Park yet.<\/p>\n<h3><em>What should you bring?<\/em><\/h3>\n<ul>\n<li>Camera<\/li>\n<li>Repellents<\/li>\n<li>Sunscreen<\/li>\n<li>HatComfortable pants<\/li>\n<li>Sandals<\/li>\n<li>Swimsuit<\/li>\n<\/ul>\n<h3><em>Hotel pickup<\/em><\/h3>\n<p>Hotel pickup is not offered for this tour.<\/p>\n<p><strong>Note<\/strong>- If you book within 24 hours of the tour\/excursion departure time, we can arrange hotel pickup with additional charges. Once your purchase is complete, we will send you complete contact information (phone number, email address, etc.) for our local tour guide to arrange pickup arrangements.<\/p>\n<h3><em>Confirmation of additional information<\/em><\/h3>\n<ul>\n<li>The tickets are the Receipt after paying for this Tour. You can show the payment on your phone.<\/li>\n<li>The meeting point will be received after the reservation process.<\/li>\n<li>Children must be accompanied by an adult.<\/li>\n<li>Not wheelchair accessible<\/li>\n<li>Infants should sit in a baby seat or with an adult<\/li>\n<li>Not recommended for travelers with back problems.<\/li>\n<li>Not recommended for pregnant women.<\/li>\n<li>No heart problems or other serious medical conditions.<\/li>\n<li>Most travelers can participate.<\/li>\n<\/ul>\n<h3><em>Cancellation policy<\/em><\/h3>\n<p>For a full refund, cancel at least 24 hours before the experience start date.<\/p>\n<h3><em>Contact us?<\/em><\/h3>\n<p>Booking Adventures<br \/>\nLocal and national tour guides and guest services<\/p>\n<p>Reservations: Tours and Excursions in Dom. Reps.<\/p>\n<p>\ud83d\udcde Tel\/Whatsapp +1-809-720-6035.<\/p>\n<p>\ud83d\udce9 info@bookingadventures.com.do<\/p>\n<p>We do private tours with flexibility by Whatsapp: +18097206035.<\/p>\n\n\t\t<\/div>\n\t<\/div>\n<\/div><\/div><\/div><\/div>","protected":false},"excerpt":{"rendered":"<p>Excursion to Los Haitises National Park starting from Sabana de la Mar in the Ca\u00f1o Hondo area, visiting mangroves, caves, pictographs and rock formations.<\/p>\n<p>This tour can be set up with the Hiking Routes clip here. Learn the real story of the history of Los Haitises National Park with locals.<\/p>\n<p><strong>Please select the date for the Tour:<\/strong><\/p>","protected":false},"featured_media":229,"template":"","meta":[],"product_brand":[],"product_cat":[144,443,123,124],"product_tag":[126,127,145,150,197,198,199,132,133,200,201,114,147,148],"class_list":{"0":"post-562","1":"product","2":"type-product","3":"status-publish","4":"has-post-thumbnail","6":"product_cat-kayaking","7":"product_cat-tours-y-excursiones-es","8":"product_cat-tours-excursions-los-haitises-national-park","9":"product_cat-tours-excursions-samana-bay-dominican-republic","10":"product_tag-cano-hondo","11":"product_tag-cano-hondo-hotel","12":"product_tag-day-tour-cano-hondo","13":"product_tag-kayak-dominican-republic","14":"product_tag-kayaking-dominican-republic","15":"product_tag-kayaking-los-haitises","16":"product_tag-kayaks","17":"product_tag-los-haitises","18":"product_tag-los-haitises-national-park","19":"product_tag-los-haitises-tours","20":"product_tag-private-tours-samana","21":"product_tag-sabana-de-la-mar","22":"product_tag-samana-bay","23":"product_tag-samana-excursions","25":"first","26":"instock","27":"sale","28":"sold-individually","29":"shipping-taxable","30":"product-type-external"},"_links":{"self":[{"href":"https:\/\/reservandoaventuras.com\/en\/wp-json\/wp\/v2\/product\/562","targetHints":{"allow":["GET"]}}],"collection":[{"href":"https:\/\/reservandoaventuras.com\/en\/wp-json\/wp\/v2\/product"}],"about":[{"href":"https:\/\/reservandoaventuras.com\/en\/wp-json\/wp\/v2\/types\/product"}],"wp:featuredmedia":[{"embeddable":true,"href":"https:\/\/reservandoaventuras.com\/en\/wp-json\/wp\/v2\/media\/229"}],"wp:attachment":[{"href":"https:\/\/reservandoaventuras.com\/en\/wp-json\/wp\/v2\/media?parent=562"}],"wp:term":[{"taxonomy":"product_brand","embeddable":true,"href":"https:\/\/reservandoaventuras.com\/en\/wp-json\/wp\/v2\/product_brand?post=562"},{"taxonomy":"product_cat","embeddable":true,"href":"https:\/\/reservandoaventuras.com\/en\/wp-json\/wp\/v2\/product_cat?post=562"},{"taxonomy":"product_tag","embeddable":true,"href":"https:\/\/reservandoaventuras.com\/en\/wp-json\/wp\/v2\/product_tag?post=562"}],"curies":[{"name":"wp","href":"https:\/\/api.w.org\/{rel}","templated":true}]}}