{"id":562,"date":"2020-06-25T15:24:34","date_gmt":"2020-06-25T15:24:34","guid":{"rendered":"https:\/\/haitises.com\/?post_type=product&#038;p=562"},"modified":"2024-04-17T17:28:59","modified_gmt":"2024-04-17T17:28:59","slug":"los-haitises-excursion-en-kayak-4-horas","status":"publish","type":"product","link":"https:\/\/reservandoaventuras.com\/el\/private\/los-haitises-\u03b5\u03ba\u03b4\u03c1\u03bf\u03bc\u03ae-\u03bc\u03b5-\u03ba\u03b1\u03b3\u03b9\u03ac\u03ba-4-\u03ce\u03c1\u03b5\u03c2\/","title":{"rendered":"\u0395\u03ba\u03b4\u03c1\u03bf\u03bc\u03ae \u03bc\u03b5 \u03ba\u03b1\u03b3\u03b9\u03ac\u03ba Los Haitises 4 \u03ce\u03c1\u03b5\u03c2"},"content":{"rendered":"<div class=\"vc_row wpb_row vc_row-fluid\" ><div class=\"wpb_column vc_column_container vc_col-sm-12\"><div class=\"vc_column-inner\"><div class=\"wpb_wrapper\"><div class=\"vc_empty_space\"   style=\"height: 32px\"><span class=\"vc_empty_space_inner\"><\/span><\/div><\/div><\/div><\/div><\/div><div class=\"vc_row wpb_row vc_row-fluid\" ><div class=\"wpb_column vc_column_container vc_col-sm-12\"><div class=\"vc_column-inner\"><div class=\"wpb_wrapper\"><div class=\"mkdf-section-title-holder\" style=\"text-align: left\">\n\t<div class=\"mkdf-st-inner\">\n\t\t\t\t\t<h5 class=\"mkdf-st-subtitle\" >\n\t\t\t\t\u039c\u03b1\u03b3\u03ba\u03c1\u03cc\u03b2\u03b9\u03b1, \u03c3\u03c0\u03b7\u03bb\u03b9\u03ad\u03c2 \u03ba\u03b1\u03b9 \u03c0\u03bf\u03bb\u03bb\u03ac \u03ac\u03bb\u03bb\u03b1.\t\t\t<\/h5>\n\t\t\t\t\t\t\t<\/div>\n<\/div><\/div><\/div><\/div><\/div><div class=\"vc_row wpb_row vc_row-fluid\" ><div class=\"wpb_column vc_column_container vc_col-sm-12\"><div class=\"vc_column-inner\"><div class=\"wpb_wrapper\"><div class=\"vc_empty_space\"   style=\"height: 32px\"><span class=\"vc_empty_space_inner\"><\/span><\/div><\/div><\/div><\/div><\/div><div class=\"vc_row wpb_row vc_row-fluid\" ><div class=\"wpb_column vc_column_container vc_col-sm-12\"><div class=\"vc_column-inner\"><div class=\"wpb_wrapper\">\n\t<div class=\"wpb_text_column wpb_content_element\" >\n\t\t<div class=\"wpb_wrapper\">\n\t\t\t<h2>\u039a\u03b1\u03b3\u03b9\u03ac\u03ba \u03c3\u03c4\u03b9\u03c2 \u039b\u03bf\u03c2 \u0391\u03ca\u03c4\u03af\u03c3\u03b5\u03c2 \u03bc\u03b5 \u03be\u03b5\u03bd\u03b1\u03b3\u03cc Ca\u00f1o Hondo 4 \u03ce\u03c1\u03b5\u03c2<\/h2>\n<h3>\u03a0\u03b5\u03c1\u03b9\u03b3\u03c1\u03b1\u03c6\u03ae<\/h3>\n<p>Mangrove kayaking \u03c3\u03c4\u03bf \u0395\u03b8\u03bd\u03b9\u03ba\u03cc \u03a0\u03ac\u03c1\u03ba\u03bf Los Haitises \u03bc\u03b5 \u03c4\u03bf\u03c0\u03b9\u03ba\u03cc \u03bf\u03b4\u03b7\u03b3\u03cc \u03b3\u03b9\u03b1 4 \u03ce\u03c1\u03b5\u03c2. \u0395\u03c0\u03af\u03c3\u03ba\u03b5\u03c8\u03b7 \u03c3\u03b5 \u03bc\u03b1\u03b3\u03b3\u03c1\u03cc\u03b2\u03b9\u03b1, \u03c3\u03c0\u03b7\u03bb\u03b9\u03ad\u03c2, \u03b5\u03b9\u03ba\u03bf\u03bd\u03bf\u03b3\u03c1\u03b1\u03c6\u03ae\u03bc\u03b1\u03c4\u03b1 \u03c3\u03c4\u03bf\u03bd \u03c0\u03bf\u03c4\u03b1\u03bc\u03cc Ca\u00f1o Hondo \u03ba\u03b1\u03b9 \u03bc\u03b9\u03b1 \u03b5\u03c0\u03b9\u03c3\u03ba\u03cc\u03c0\u03b7\u03c3\u03b7 \u03c4\u03bf\u03c5 \u03ba\u03cc\u03bb\u03c0\u03bf\u03c5 San Lorenzo \u03c3\u03c4\u03bf \u0395\u03b8\u03bd\u03b9\u03ba\u03cc \u03a0\u03ac\u03c1\u03ba\u03bf Los Haitises, \u03c0\u03b5\u03c1\u03b9\u03bf\u03c7\u03ae Sabana de la Mar, Ca\u00f1o Hondo. \u03a3\u03b5 \u03c0\u03b5\u03c1\u03af\u03c0\u03c4\u03c9\u03c3\u03b7 \u03c3\u03cd\u03bd\u03c4\u03bf\u03bc\u03bf\u03c5 \u03c4\u03b1\u03be\u03b9\u03b4\u03b9\u03bf\u03cd: \u03ba\u03b1\u03b3\u03b9\u03ac\u03ba Los Haitises 2 \u03ce\u03c1\u03b5\u03c2<\/p>\n<ul>\n<li>\u039f \u03bf\u03b4\u03b7\u03b3\u03cc\u03c2 \u03c0\u03b1\u03c1\u03ad\u03c7\u03b5\u03b9 \u03bf\u03b4\u03b7\u03b3\u03af\u03b5\u03c2 \u03ba\u03b1\u03b9 \u03b5\u03c0\u03bf\u03c0\u03c4\u03b5\u03af\u03b1.<\/li>\n<li>\u0394\u03b9\u03b1\u03b8\u03ad\u03c3\u03b9\u03bc\u03b1 \u03ba\u03b1\u03b3\u03b9\u03ac\u03ba \u03ba\u03b1\u03b9 \u03ba\u03bf\u03c5\u03c0\u03b9\u03ac \u0394\u03af\u03ba\u03bb\u03b9\u03bd\u03bf \u03b3\u03b9\u03b1 \u03b4\u03cd\u03bf \u03ac\u03c4\u03bf\u03bc\u03b1 \u03ba\u03b1\u03b9 \u0391\u03c0\u03bb\u03cc \u03b3\u03b9\u03b1 \u03ad\u03bd\u03b1 \u03ac\u03c4\u03bf\u03bc\u03bf.<\/li>\n<\/ul>\n<h3>\u03a3\u03c5\u03bc\u03c0\u03b5\u03c1\u03b9\u03bb\u03ae\u03c8\u03b5\u03b9\u03c2 \u03ba\u03b1\u03b9 \u03b5\u03be\u03b1\u03b9\u03c1\u03ad\u03c3\u03b5\u03b9\u03c2<\/h3>\n<h4>\u03a3\u03c5\u03bc\u03c0\u03b5\u03c1\u03b9\u03bb\u03ae\u03c8\u03b5\u03b9\u03c2<\/h4>\n<ol>\n<li>\u03c4\u03b1\u03be\u03af\u03b4\u03b9 \u03bc\u03b5 \u03ba\u03b1\u03b3\u03b9\u03ac\u03ba<\/li>\n<li>\u0395\u03ba\u03b4\u03c1\u03bf\u03bc\u03ad\u03c2 \u03c3\u03c4\u03b1 \u03c3\u03c0\u03ae\u03bb\u03b1\u03b9\u03b1<\/li>\n<li>\u038c\u03bb\u03bf\u03b9 \u03bf\u03b9 \u03c6\u03cc\u03c1\u03bf\u03b9, \u03c4\u03b1 \u03c4\u03ad\u03bb\u03b7 \u03ba\u03b1\u03b9 \u03c4\u03b1 \u03ad\u03be\u03bf\u03b4\u03b1 \u03b4\u03b9\u03b5\u03ba\u03c0\u03b5\u03c1\u03b1\u03af\u03c9\u03c3\u03b7\u03c2<\/li>\n<li>\u03a4\u03bf\u03c0\u03b9\u03ba\u03bf\u03af \u03c6\u03cc\u03c1\u03bf\u03b9<\/li>\n<li>\u03a4\u03bf\u03c0\u03b9\u03ba\u03cc\u03c2 \u03bf\u03b4\u03b7\u03b3\u03cc\u03c2<\/li>\n<\/ol>\n<h4>\u0395\u03be\u03b1\u03b9\u03c1\u03ad\u03c3\u03b5\u03b9\u03c2<\/h4>\n<ol>\n<li>\u0391\u03bd\u03b1\u03c4\u03c1\u03bf\u03c0\u03ae<\/li>\n<li>\u039c\u03b5\u03c4\u03b1\u03c6\u03bf\u03c1\u03ac<\/li>\n<li>\u0394\u03b5\u03bd \u03c0\u03b5\u03c1\u03b9\u03bb\u03b1\u03bc\u03b2\u03ac\u03bd\u03b5\u03c4\u03b1\u03b9 \u03bc\u03b5\u03c3\u03b7\u03bc\u03b5\u03c1\u03b9\u03b1\u03bd\u03cc \u03b3\u03b5\u03cd\u03bc\u03b1.<\/li>\n<li>\u0391\u03bb\u03ba\u03bf\u03bf\u03bb\u03bf\u03cd\u03c7\u03b1 \u03c0\u03bf\u03c4\u03ac<\/li>\n<\/ol>\n<h3><em>\u0391\u03bd\u03b1\u03c7\u03ce\u03c1\u03b7\u03c3\u03b7 \u03ba\u03b1\u03b9 \u03b5\u03c0\u03b9\u03c3\u03c4\u03c1\u03bf\u03c6\u03ae<\/em><\/h3>\n<p>\u039f \u03c4\u03b1\u03be\u03b9\u03b4\u03b9\u03ce\u03c4\u03b7\u03c2 \u03b8\u03b1 \u03bb\u03ac\u03b2\u03b5\u03b9 \u03ad\u03bd\u03b1 \u03c3\u03b7\u03bc\u03b5\u03af\u03bf \u03c3\u03c5\u03bd\u03ac\u03bd\u03c4\u03b7\u03c3\u03b7\u03c2 \u03bc\u03b5\u03c4\u03ac \u03c4\u03b7 \u03b4\u03b9\u03b1\u03b4\u03b9\u03ba\u03b1\u03c3\u03af\u03b1 \u03ba\u03c1\u03ac\u03c4\u03b7\u03c3\u03b7\u03c2. \u039f\u03b9 \u03b5\u03ba\u03b4\u03c1\u03bf\u03bc\u03ad\u03c2 \u03be\u03b5\u03ba\u03b9\u03bd\u03bf\u03cd\u03bd \u03ba\u03b1\u03b9 \u03c4\u03b5\u03bb\u03b5\u03b9\u03ce\u03bd\u03bf\u03c5\u03bd \u03c3\u03c4\u03b1 \u03c3\u03b7\u03bc\u03b5\u03af\u03b1 \u03c3\u03c5\u03bd\u03ac\u03bd\u03c4\u03b7\u03c3\u03ae\u03c2 \u03bc\u03b1\u03c2.<\/p>\n<h3><em>\u03a4\u03b9 \u03bd\u03b1 \u03c0\u03b5\u03c1\u03b9\u03bc\u03ad\u03bd\u03b5\u03c4\u03b5;<\/em><\/h3>\n<p>\u03a0\u03c1\u03bf\u03bc\u03b7\u03b8\u03b5\u03c5\u03c4\u03b5\u03af\u03c4\u03b5 \u03c4\u03b1 \u03b5\u03b9\u03c3\u03b9\u03c4\u03ae\u03c1\u03b9\u03ac \u03c3\u03b1\u03c2 \u03b3\u03b9\u03b1 \u03bd\u03b1 \u03b5\u03c0\u03b9\u03c3\u03ba\u03b5\u03c6\u03b8\u03b5\u03af\u03c4\u03b5 4 \u03ce\u03c1\u03b5\u03c2 \u03bc\u03b5 \u03ba\u03b1\u03b3\u03b9\u03ac\u03ba \u03c3\u03c4\u03bf \u03b4\u03ac\u03c3\u03bf\u03c2 \u03c4\u03bf\u03c5 \u03c0\u03bf\u03c4\u03b1\u03bc\u03bf\u03cd Ca\u00f1o Hondo (\u03bc\u03b1\u03b3\u03ba\u03c1\u03cc\u03b2\u03b9\u03b1), \u03c4\u03b1 \u0392\u03c1\u03b1\u03c7\u03ce\u03b4\u03b7 \u03bd\u03b7\u03c3\u03b9\u03ac, \u03c4\u03b7\u03bd \u03a0\u03b1\u03c1\u03b1\u03c4\u03ae\u03c1\u03b7\u03c3\u03b7 \u03a0\u03c4\u03b7\u03bd\u03ce\u03bd \u03ba\u03b1\u03b9 \u03c4\u03b9\u03c2 \u03a3\u03c0\u03b7\u03bb\u03b9\u03ad\u03c2 \u03bc\u03b5 \u03c4\u03bf\u03bd \u03c4\u03bf\u03c0\u03b9\u03ba\u03cc \u03be\u03b5\u03bd\u03b1\u03b3\u03cc.<\/p>\n<p>\u03a0\u03b1\u03af\u03c1\u03bd\u03bf\u03c5\u03bc\u03b5 \u03cc\u03bb\u03b1 \u03c4\u03b1 \u03b5\u03af\u03b4\u03b7 \u03b5\u03be\u03bf\u03c0\u03bb\u03b9\u03c3\u03bc\u03bf\u03cd \u03c0\u03bf\u03c5 \u03b5\u03af\u03bd\u03b1\u03b9 \u03b1\u03c0\u03b1\u03c1\u03b1\u03af\u03c4\u03b7\u03c4\u03bf \u03b3\u03b9\u03b1 \u03c4\u03b7\u03bd \u03b1\u03c3\u03c6\u03ac\u03bb\u03b5\u03b9\u03ac \u03c3\u03b1\u03c2 (\u03c3\u03c9\u03c3\u03af\u03b2\u03b9\u03b1 \u03ba.\u03bb\u03c0.), \u03ba\u03b1\u03b9 \u03b7 \u03b4\u03c1\u03ac\u03c3\u03b7 \u03be\u03b5\u03ba\u03b9\u03bd\u03ac \u03bc\u03b5 \u03ba\u03b1\u03b3\u03b9\u03ac\u03ba \u03b1\u03c0\u03cc \u03c4\u03bf\u03bd \u03c0\u03bf\u03c4\u03b1\u03bc\u03cc Ca\u00f1o Hondo.<\/p>\n<p>El recorrido, organizado por \u00abBooking Adventures\u00bb, comienza en el punto de encuentro establecido con el gu\u00eda tur\u00edstico. Tomando los kayaks y atravesando manglares, pasando por antiguas cuevas piratas y por bosques protegidos en esta pintoresca reserva a partir del \u00e1rea de los Hoteles Ca\u00f1o Hondo o de Sabana de la Mar.<\/p>\n<p>\u0395\u03bb\u03ac\u03c4\u03b5 \u03bc\u03b5 \u03c4\u03bf Booking Adventures \u03ba\u03b1\u03b9 \u03b1\u03c1\u03c7\u03af\u03c3\u03c4\u03b5 \u03bd\u03b1 \u03b2\u03bb\u03ad\u03c0\u03b5\u03c4\u03b5 \u03bc\u03b5\u03c1\u03b9\u03ba\u03ac \u03bc\u03b1\u03b3\u03b3\u03c1\u03cc\u03b2\u03b9\u03b1 \u03b3\u03b5\u03bc\u03ac\u03c4\u03b1 \u03c0\u03bf\u03c5\u03bb\u03b9\u03ac, \u03ba\u03c5\u03bc\u03b1\u03c4\u03b9\u03c3\u03c4\u03bf\u03cd\u03c2 \u03bb\u03cc\u03c6\u03bf\u03c5\u03c2 \u03bc\u03b5 \u03c0\u03bb\u03bf\u03cd\u03c3\u03b9\u03b1 \u03b2\u03bb\u03ac\u03c3\u03c4\u03b7\u03c3\u03b7 \u03ba\u03b1\u03b9 \u03c3\u03c0\u03b7\u03bb\u03b9\u03ad\u03c2 \u03c4\u03bf\u03c5 \u0395\u03b8\u03bd\u03b9\u03ba\u03bf\u03cd \u03a0\u03ac\u03c1\u03ba\u03bf\u03c5 Los Haitises. \u039a\u03ac\u03bd\u03c4\u03b5 \u03bc\u03b9\u03b1 \u03b5\u03ba\u03b4\u03c1\u03bf\u03bc\u03ae \u03bc\u03b5 \u03ba\u03b1\u03b3\u03b9\u03ac\u03ba \u03b1\u03c0\u03cc \u03c4\u03bf\u03bd \u03c0\u03bf\u03c4\u03b1\u03bc\u03cc Ca\u00f1o Hondo, Sabana de la Mar. \u039c\u03ad\u03c3\u03b1 \u03b1\u03c0\u03cc \u03c4\u03b1 \u03bc\u03b1\u03b3\u03b3\u03c1\u03cc\u03b2\u03b9\u03b1 \u03ba\u03b1\u03b9 \u03c0\u03c1\u03bf\u03c3\u03b3\u03b5\u03b9\u03c9\u03b8\u03b5\u03af\u03c4\u03b5 \u03c3\u03c4\u03bf\u03bd \u03b1\u03bd\u03bf\u03b9\u03c7\u03c4\u03cc \u03ba\u03cc\u03bb\u03c0\u03bf \u03c4\u03bf\u03c5 San Lorenzo, \u03b1\u03c0\u03cc \u03cc\u03c0\u03bf\u03c5 \u03bc\u03c0\u03bf\u03c1\u03b5\u03af\u03c4\u03b5 \u03bd\u03b1 \u03c6\u03c9\u03c4\u03bf\u03b3\u03c1\u03b1\u03c6\u03af\u03c3\u03b5\u03c4\u03b5 \u03c4\u03bf \u03b1\u03c0\u03cc\u03ba\u03c1\u03b7\u03bc\u03bd\u03bf \u03b4\u03b1\u03c3\u03c9\u03bc\u03ad\u03bd\u03bf \u03c4\u03bf\u03c0\u03af\u03bf. \u039a\u03bf\u03b9\u03c4\u03ac\u03be\u03c4\u03b5 \u03ad\u03be\u03c9 \u03c3\u03c4\u03bf \u03bd\u03b5\u03c1\u03cc \u03b3\u03b9\u03b1 \u03bd\u03b1 \u03b4\u03b5\u03af\u03c4\u03b5 \u03bc\u03b1\u03bd\u03b1\u03c4\u03af\u03b4\u03b5\u03c2, \u03ba\u03b1\u03c1\u03ba\u03b9\u03bd\u03bf\u03b5\u03b9\u03b4\u03ae \u03ba\u03b1\u03b9 \u03b4\u03b5\u03bb\u03c6\u03af\u03bd\u03b9\u03b1.<\/p>\n<p>El nombre del parque nacional proviene de sus habitantes originales, los indios ta\u00ednos. En su idioma, \u00abHaitises\u00bb se traduce como tierras altas o colinas, una referencia a las empinadas formaciones geol\u00f3gicas de la costa con calizas. Avent\u00farate m\u00e1s en el parque para explorar cuevas como la Cueva de la Arena y la Cueva de la L\u00ednea. Las cuevas en la reserva fueron utilizadas como refugio por los indios ta\u00ednos y, m\u00e1s tarde, por los piratas para esconderse. Busque dibujos de indios que decoran algunas de las paredes.<\/p>\n<p>\u03a3\u03b5 \u03c0\u03b5\u03c1\u03af\u03c0\u03c4\u03c9\u03c3\u03b7 \u03c0\u03bf\u03c5 \u03c3\u03b1\u03c2 \u03b1\u03c1\u03ad\u03c3\u03b5\u03b9 \u03b1\u03c5\u03c4\u03cc \u03c4\u03bf \u03bc\u03b9\u03ba\u03c1\u03cc\u03c4\u03b5\u03c1\u03bf \u03c4\u03b1\u03be\u03af\u03b4\u03b9, \u03ad\u03c7\u03bf\u03c5\u03bc\u03b5 \u03bc\u03b9\u03b1 \u03b4\u03b5\u03cd\u03c4\u03b5\u03c1\u03b7 \u03b5\u03c0\u03b9\u03bb\u03bf\u03b3\u03ae: \u03ba\u03b1\u03b3\u03b9\u03ac\u03ba \u03c3\u03c4\u03bf Los Haitises 2 \u03ce\u03c1\u03b5\u03c2<\/p>\n<p>\u0397 \u03c0\u03b5\u03c1\u03b9\u03ae\u03b3\u03b7\u03c3\u03b7 \u03c4\u03b5\u03bb\u03b5\u03b9\u03ce\u03bd\u03b5\u03b9 \u03c3\u03c4\u03bf \u03c3\u03b7\u03bc\u03b5\u03af\u03bf \u03b5\u03ba\u03ba\u03af\u03bd\u03b7\u03c3\u03b7\u03c2 \u03c3\u03c4\u03bf \u0395\u03b8\u03bd\u03b9\u03ba\u03cc \u03a0\u03ac\u03c1\u03ba\u03bf Los Haitises. \u03a3\u03b1\u03c2 \u03c0\u03c1\u03bf\u03c4\u03b5\u03af\u03bd\u03bf\u03c5\u03bc\u03b5 \u03b1\u03c5\u03c4\u03cc \u03c4\u03bf \u03c4\u03b1\u03be\u03af\u03b4\u03b9 \u03c3\u03c4\u03b9\u03c2 6:00 \u03c0.\u03bc. \u03c3\u03b5 \u03c0\u03b5\u03c1\u03af\u03c0\u03c4\u03c9\u03c3\u03b7 \u03c0\u03bf\u03c5 \u03b8\u03ad\u03bb\u03b5\u03c4\u03b5 \u03bd\u03b1 \u03b4\u03b5\u03af\u03c4\u03b5 \u03bc\u03b1\u03bd\u03ac\u03c4\u03b5\u03c2, \u03ba\u03b1\u03c1\u03ba\u03b9\u03bd\u03bf\u03b5\u03b9\u03b4\u03ae \u03ba\u03b1\u03b9 \u03b4\u03b5\u03bb\u03c6\u03af\u03bd\u03b9\u03b1.<\/p>\n<p>6:00 \u03c0.\u03bc. \u03b5\u03af\u03bd\u03b1\u03b9 \u03bd\u03c9\u03c1\u03af\u03c2, \u03b5\u03c0\u03bf\u03bc\u03ad\u03bd\u03c9\u03c2 \u03b4\u03b5\u03bd \u03c5\u03c0\u03ac\u03c1\u03c7\u03bf\u03c5\u03bd \u03b1\u03ba\u03cc\u03bc\u03b7 \u03b2\u03ac\u03c1\u03ba\u03b5\u03c2 \u03c3\u03c4\u03bf \u0395\u03b8\u03bd\u03b9\u03ba\u03cc \u03a0\u03ac\u03c1\u03ba\u03bf Los Haitises.<\/p>\n<h3><em>\u03a4\u03b9 \u03c0\u03c1\u03ad\u03c0\u03b5\u03b9 \u03bd\u03b1 \u03c6\u03ad\u03c1\u03b5\u03c4\u03b5;<\/em><\/h3>\n<ul>\n<li>\u039a\u03ac\u03bc\u03b5\u03c1\u03b1<\/li>\n<li>\u0391\u03c0\u03c9\u03b8\u03b7\u03c4\u03b9\u03ba\u03ac<\/li>\n<li>\u0391\u03bd\u03c4\u03b7\u03bb\u03b9\u03b1\u03ba\u03cc<\/li>\n<li>\u039a\u03b1\u03c0\u03ad\u03bb\u03bf \u0386\u03bd\u03b5\u03c4\u03bf \u03c0\u03b1\u03bd\u03c4\u03b5\u03bb\u03cc\u03bd\u03b9<\/li>\n<li>\u03a3\u03b1\u03bd\u03b4\u03ac\u03bb\u03b9\u03b1<\/li>\n<li>\u039a\u03bf\u03bb\u03c5\u03bc\u03b2\u03b7\u03c4\u03b9\u03ba\u03cc \u03ba\u03bf\u03c3\u03c4\u03bf\u03cd\u03bc\u03b9<\/li>\n<\/ul>\n<h3><em>\u03a0\u03b1\u03c1\u03b1\u03bb\u03b1\u03b2\u03ae \u03b1\u03c0\u03cc \u03c4\u03bf \u03be\u03b5\u03bd\u03bf\u03b4\u03bf\u03c7\u03b5\u03af\u03bf<\/em><\/h3>\n<p>\u0397 \u03c0\u03b1\u03c1\u03b1\u03bb\u03b1\u03b2\u03ae \u03b1\u03c0\u03cc \u03c4\u03bf \u03be\u03b5\u03bd\u03bf\u03b4\u03bf\u03c7\u03b5\u03af\u03bf \u03b4\u03b5\u03bd \u03c0\u03c1\u03bf\u03c3\u03c6\u03ad\u03c1\u03b5\u03c4\u03b1\u03b9 \u03b3\u03b9\u03b1 \u03b1\u03c5\u03c4\u03ae \u03c4\u03b7\u03bd \u03b5\u03ba\u03b4\u03c1\u03bf\u03bc\u03ae.<\/p>\n<p><strong>\u03a3\u03b7\u03bc\u03b5\u03af\u03c9\u03c3\u03b7<\/strong>- \u0395\u03ac\u03bd \u03ba\u03ac\u03bd\u03b5\u03c4\u03b5 \u03ba\u03c1\u03ac\u03c4\u03b7\u03c3\u03b7 \u03b5\u03bd\u03c4\u03cc\u03c2 24 \u03c9\u03c1\u03ce\u03bd \u03b1\u03c0\u03cc \u03c4\u03b7\u03bd \u03ce\u03c1\u03b1 \u03b1\u03bd\u03b1\u03c7\u03ce\u03c1\u03b7\u03c3\u03b7\u03c2 \u03c4\u03b7\u03c2 \u03c0\u03b5\u03c1\u03b9\u03ae\u03b3\u03b7\u03c3\u03b7\u03c2\/\u03b5\u03ba\u03b4\u03c1\u03bf\u03bc\u03ae\u03c2, \u03bc\u03c0\u03bf\u03c1\u03bf\u03cd\u03bc\u03b5 \u03bd\u03b1 \u03ba\u03b1\u03bd\u03bf\u03bd\u03af\u03c3\u03bf\u03c5\u03bc\u03b5 \u03c4\u03b7\u03bd \u03c0\u03b1\u03c1\u03b1\u03bb\u03b1\u03b2\u03ae \u03c4\u03bf\u03c5 \u03be\u03b5\u03bd\u03bf\u03b4\u03bf\u03c7\u03b5\u03af\u03bf\u03c5 \u03bc\u03b5 \u03b5\u03c0\u03b9\u03c0\u03bb\u03ad\u03bf\u03bd \u03c7\u03c1\u03b5\u03ce\u03c3\u03b5\u03b9\u03c2. \u039c\u03cc\u03bb\u03b9\u03c2 \u03bf\u03bb\u03bf\u03ba\u03bb\u03b7\u03c1\u03c9\u03b8\u03b5\u03af \u03b7 \u03b1\u03b3\u03bf\u03c1\u03ac \u03c3\u03b1\u03c2, \u03b8\u03b1 \u03c3\u03b1\u03c2 \u03c3\u03c4\u03b5\u03af\u03bb\u03bf\u03c5\u03bc\u03b5 \u03c0\u03bb\u03ae\u03c1\u03b7 \u03c3\u03c4\u03bf\u03b9\u03c7\u03b5\u03af\u03b1 \u03b5\u03c0\u03b9\u03ba\u03bf\u03b9\u03bd\u03c9\u03bd\u03af\u03b1\u03c2 (\u03b1\u03c1\u03b9\u03b8\u03bc\u03cc\u03c2 \u03c4\u03b7\u03bb\u03b5\u03c6\u03ce\u03bd\u03bf\u03c5, \u03b4\u03b9\u03b5\u03cd\u03b8\u03c5\u03bd\u03c3\u03b7 email, \u03ba.\u03bb\u03c0.) \u03b3\u03b9\u03b1 \u03c4\u03bf\u03bd \u03c4\u03bf\u03c0\u03b9\u03ba\u03cc \u03bc\u03b1\u03c2 \u03be\u03b5\u03bd\u03b1\u03b3\u03cc \u03b3\u03b9\u03b1 \u03bd\u03b1 \u03ba\u03b1\u03bd\u03bf\u03bd\u03af\u03c3\u03bf\u03c5\u03bc\u03b5 \u03c4\u03b9\u03c2 \u03c1\u03c5\u03b8\u03bc\u03af\u03c3\u03b5\u03b9\u03c2 \u03c0\u03b1\u03c1\u03b1\u03bb\u03b1\u03b2\u03ae\u03c2.<\/p>\n<h3><em>\u0395\u03c0\u03b9\u03b2\u03b5\u03b2\u03b1\u03af\u03c9\u03c3\u03b7 \u03c0\u03c1\u03cc\u03c3\u03b8\u03b5\u03c4\u03c9\u03bd \u03c0\u03bb\u03b7\u03c1\u03bf\u03c6\u03bf\u03c1\u03b9\u03ce\u03bd<\/em><\/h3>\n<ul>\n<li>\u03a4\u03b1 \u03b5\u03b9\u03c3\u03b9\u03c4\u03ae\u03c1\u03b9\u03b1 \u03b5\u03af\u03bd\u03b1\u03b9 \u0391\u03c0\u03cc\u03b4\u03b5\u03b9\u03be\u03b7 \u03bc\u03b5\u03c4\u03ac \u03c4\u03b7\u03bd \u03c0\u03bb\u03b7\u03c1\u03c9\u03bc\u03ae \u03b3\u03b9\u03b1 \u03b1\u03c5\u03c4\u03ae \u03c4\u03b7\u03bd \u03a0\u03b5\u03c1\u03b9\u03ae\u03b3\u03b7\u03c3\u03b7. \u039c\u03c0\u03bf\u03c1\u03b5\u03af\u03c4\u03b5 \u03bd\u03b1 \u03b4\u03b5\u03af\u03be\u03b5\u03c4\u03b5 \u03c4\u03b7\u03bd \u03c0\u03bb\u03b7\u03c1\u03c9\u03bc\u03ae \u03c3\u03c4\u03bf \u03c4\u03b7\u03bb\u03ad\u03c6\u03c9\u03bd\u03cc \u03c3\u03b1\u03c2.<\/li>\n<li>\u03a4\u03bf \u03c3\u03b7\u03bc\u03b5\u03af\u03bf \u03c3\u03c5\u03bd\u03ac\u03bd\u03c4\u03b7\u03c3\u03b7\u03c2 \u03b8\u03b1 \u03bb\u03ac\u03b2\u03b5\u03c4\u03b5 \u03bc\u03b5\u03c4\u03ac \u03c4\u03b7 \u03b4\u03b9\u03b1\u03b4\u03b9\u03ba\u03b1\u03c3\u03af\u03b1 \u03ba\u03c1\u03ac\u03c4\u03b7\u03c3\u03b7\u03c2.<\/li>\n<li>\u03a4\u03b1 \u03c0\u03b1\u03b9\u03b4\u03b9\u03ac \u03c0\u03c1\u03ad\u03c0\u03b5\u03b9 \u03bd\u03b1 \u03c3\u03c5\u03bd\u03bf\u03b4\u03b5\u03cd\u03bf\u03bd\u03c4\u03b1\u03b9 \u03b1\u03c0\u03cc \u03b5\u03bd\u03ae\u03bb\u03b9\u03ba\u03b1.<\/li>\n<li>\u0394\u03b5\u03bd \u03b5\u03af\u03bd\u03b1\u03b9 \u03c0\u03c1\u03bf\u03c3\u03b2\u03ac\u03c3\u03b9\u03bc\u03bf \u03c3\u03b5 \u03b1\u03bd\u03b1\u03c0\u03b7\u03c1\u03b9\u03ba\u03cc \u03b1\u03bc\u03b1\u03be\u03af\u03b4\u03b9\u03bf<\/li>\n<li>\u03a4\u03b1 \u03b2\u03c1\u03ad\u03c6\u03b7 \u03c0\u03c1\u03ad\u03c0\u03b5\u03b9 \u03bd\u03b1 \u03ba\u03ac\u03b8\u03bf\u03bd\u03c4\u03b1\u03b9 \u03c3\u03b5 \u03b2\u03c1\u03b5\u03c6\u03b9\u03ba\u03cc \u03ba\u03ac\u03b8\u03b9\u03c3\u03bc\u03b1 \u03ae \u03bc\u03b5 \u03ad\u03bd\u03b1\u03bd \u03b5\u03bd\u03ae\u03bb\u03b9\u03ba\u03b1<\/li>\n<li>\u0394\u03b5\u03bd \u03c3\u03c5\u03bd\u03b9\u03c3\u03c4\u03ac\u03c4\u03b1\u03b9 \u03b3\u03b9\u03b1 \u03c4\u03b1\u03be\u03b9\u03b4\u03b9\u03ce\u03c4\u03b5\u03c2 \u03bc\u03b5 \u03c0\u03c1\u03bf\u03b2\u03bb\u03ae\u03bc\u03b1\u03c4\u03b1 \u03c3\u03c4\u03b7\u03bd \u03c0\u03bb\u03ac\u03c4\u03b7.<\/li>\n<li>\u0394\u03b5\u03bd \u03c3\u03c5\u03bd\u03b9\u03c3\u03c4\u03ac\u03c4\u03b1\u03b9 \u03b3\u03b9\u03b1 \u03ad\u03b3\u03ba\u03c5\u03b5\u03c2 \u03b3\u03c5\u03bd\u03b1\u03af\u03ba\u03b5\u03c2.<\/li>\n<li>\u0394\u03b5\u03bd \u03c5\u03c0\u03ac\u03c1\u03c7\u03bf\u03c5\u03bd \u03ba\u03b1\u03c1\u03b4\u03b9\u03b1\u03ba\u03ac \u03c0\u03c1\u03bf\u03b2\u03bb\u03ae\u03bc\u03b1\u03c4\u03b1 \u03ae \u03ac\u03bb\u03bb\u03b5\u03c2 \u03c3\u03bf\u03b2\u03b1\u03c1\u03ad\u03c2 \u03b9\u03b1\u03c4\u03c1\u03b9\u03ba\u03ad\u03c2 \u03c0\u03b1\u03b8\u03ae\u03c3\u03b5\u03b9\u03c2.<\/li>\n<li>\u039f\u03b9 \u03c0\u03b5\u03c1\u03b9\u03c3\u03c3\u03cc\u03c4\u03b5\u03c1\u03bf\u03b9 \u03c4\u03b1\u03be\u03b9\u03b4\u03b9\u03ce\u03c4\u03b5\u03c2 \u03bc\u03c0\u03bf\u03c1\u03bf\u03cd\u03bd \u03bd\u03b1 \u03c3\u03c5\u03bc\u03bc\u03b5\u03c4\u03ac\u03c3\u03c7\u03bf\u03c5\u03bd.<\/li>\n<\/ul>\n<h3><em>\u03a0\u03bf\u03bb\u03b9\u03c4\u03b9\u03ba\u03ae \u03b1\u03ba\u03cd\u03c1\u03c9\u03c3\u03b7\u03c2<\/em><\/h3>\n<p>\u0393\u03b9\u03b1 \u03c0\u03bb\u03ae\u03c1\u03b7 \u03b5\u03c0\u03b9\u03c3\u03c4\u03c1\u03bf\u03c6\u03ae \u03c7\u03c1\u03b7\u03bc\u03ac\u03c4\u03c9\u03bd, \u03c0\u03b1\u03c1\u03b1\u03ba\u03b1\u03bb\u03b5\u03af\u03c3\u03c4\u03b5 \u03bd\u03b1 \u03c4\u03bf \u03b1\u03ba\u03c5\u03c1\u03ce\u03c3\u03b5\u03c4\u03b5 \u03c4\u03bf\u03c5\u03bb\u03ac\u03c7\u03b9\u03c3\u03c4\u03bf\u03bd 24 \u03ce\u03c1\u03b5\u03c2 \u03c0\u03c1\u03b9\u03bd \u03b1\u03c0\u03cc \u03c4\u03b7\u03bd \u03b7\u03bc\u03b5\u03c1\u03bf\u03bc\u03b7\u03bd\u03af\u03b1 \u03ad\u03bd\u03b1\u03c1\u03be\u03b7\u03c2 \u03c4\u03b7\u03c2 \u03b5\u03bc\u03c0\u03b5\u03b9\u03c1\u03af\u03b1\u03c2.<\/p>\n<h3><em>\u0395\u03c0\u03b9\u03ba\u03bf\u03b9\u03bd\u03c9\u03bd\u03ae\u03c3\u03c4\u03b5 \u03bc\u03b1\u03b6\u03af \u03bc\u03b1\u03c2?<\/em><\/h3>\n<p>\u039a\u03c1\u03b1\u03c4\u03ae\u03c3\u03b5\u03b9\u03c2 \u03c0\u03b5\u03c1\u03b9\u03c0\u03ad\u03c4\u03b5\u03b9\u03b5\u03c2<br \/>\n\u03a4\u03bf\u03c0\u03b9\u03ba\u03bf\u03af \u03ba\u03b1\u03b9 \u03b5\u03b8\u03bd\u03b9\u03ba\u03bf\u03af \u03be\u03b5\u03bd\u03b1\u03b3\u03bf\u03af \u03ba\u03b1\u03b9 \u03c5\u03c0\u03b7\u03c1\u03b5\u03c3\u03af\u03b5\u03c2 \u03b5\u03c0\u03b9\u03c3\u03ba\u03b5\u03c0\u03c4\u03ce\u03bd<\/p>\n<p>\u039a\u03c1\u03b1\u03c4\u03ae\u03c3\u03b5\u03b9\u03c2: \u0395\u03ba\u03b4\u03c1\u03bf\u03bc\u03ad\u03c2 \u03ba\u03b1\u03b9 \u03c0\u03b5\u03c1\u03b9\u03b7\u03b3\u03ae\u03c3\u03b5\u03b9\u03c2 \u03c3\u03c4\u03b7\u03bd Dom. Reps.<\/p>\n<p>\u03a4\u03b7\u03bb \/ Whatsapp + 1-809-720-6035.<\/p>\n<p>\ud83d\udce9 info@bookingadventures.com.do<\/p>\n<p>\u039a\u03ac\u03bd\u03bf\u03c5\u03bc\u03b5 \u03b9\u03b4\u03b9\u03c9\u03c4\u03b9\u03ba\u03ad\u03c2 \u03b5\u03ba\u03b4\u03c1\u03bf\u03bc\u03ad\u03c2 \u03bc\u03b5 \u03b5\u03c5\u03b5\u03bb\u03b9\u03be\u03af\u03b1 \u03b1\u03c0\u03cc Whatsapp: +18097206035.<\/p>\n\n\t\t<\/div>\n\t<\/div>\n<\/div><\/div><\/div><\/div>","protected":false},"excerpt":{"rendered":"<p>\u0395\u03ba\u03b4\u03c1\u03bf\u03bc\u03ae \u03c3\u03c4\u03bf \u0395\u03b8\u03bd\u03b9\u03ba\u03cc \u03a0\u03ac\u03c1\u03ba\u03bf Los Haitises \u03be\u03b5\u03ba\u03b9\u03bd\u03ce\u03bd\u03c4\u03b1\u03c2 \u03b1\u03c0\u03cc \u03c4\u03b7 Sabana de la Mar \u03c3\u03c4\u03b7\u03bd \u03c0\u03b5\u03c1\u03b9\u03bf\u03c7\u03ae Ca\u00f1o Hondo, \u03b5\u03c0\u03af\u03c3\u03ba\u03b5\u03c8\u03b7 \u03bc\u03b1\u03b3\u03b3\u03c1\u03cc\u03b2\u03b9\u03b1, \u03c3\u03c0\u03b7\u03bb\u03b9\u03ad\u03c2, \u03b5\u03b9\u03ba\u03bf\u03bd\u03bf\u03b3\u03c1\u03ac\u03bc\u03bc\u03b1\u03c4\u03b1 \u03ba\u03b1\u03b9 \u03b2\u03c1\u03b1\u03c7\u03ce\u03b4\u03b5\u03b9\u03c2 \u03c3\u03c7\u03b7\u03bc\u03b1\u03c4\u03b9\u03c3\u03bc\u03bf\u03cd\u03c2.<\/p>\n<p>\u0391\u03c5\u03c4\u03ae \u03b7 \u03c0\u03b5\u03c1\u03b9\u03ae\u03b3\u03b7\u03c3\u03b7 \u03bc\u03c0\u03bf\u03c1\u03b5\u03af \u03bd\u03b1 \u03c1\u03c5\u03b8\u03bc\u03b9\u03c3\u03c4\u03b5\u03af \u03bc\u03b5 \u03c4\u03bf \u03b1\u03c0\u03cc\u03c3\u03c0\u03b1\u03c3\u03bc\u03b1 \u0394\u03b9\u03b1\u03b4\u03c1\u03bf\u03bc\u03ad\u03c2 \u03a0\u03b5\u03b6\u03bf\u03c0\u03bf\u03c1\u03af\u03b1\u03c2 \u03b5\u03b4\u03ce. \u039c\u03ac\u03b8\u03b5\u03c4\u03b5 \u03c4\u03b7\u03bd \u03c0\u03c1\u03b1\u03b3\u03bc\u03b1\u03c4\u03b9\u03ba\u03ae \u03b9\u03c3\u03c4\u03bf\u03c1\u03af\u03b1 \u03c4\u03b7\u03c2 \u03b9\u03c3\u03c4\u03bf\u03c1\u03af\u03b1\u03c2 \u03c4\u03bf\u03c5 \u0395\u03b8\u03bd\u03b9\u03ba\u03bf\u03cd \u03a0\u03ac\u03c1\u03ba\u03bf\u03c5 Los Haitises \u03bc\u03b5 \u03c4\u03bf\u03c5\u03c2 \u03bd\u03c4\u03cc\u03c0\u03b9\u03bf\u03c5\u03c2.<\/p>\n<p><strong>\u0395\u03c0\u03b9\u03bb\u03ad\u03be\u03c4\u03b5 \u03c4\u03b7\u03bd \u03b7\u03bc\u03b5\u03c1\u03bf\u03bc\u03b7\u03bd\u03af\u03b1 \u03b3\u03b9\u03b1 \u03c4\u03b7\u03bd \u03b5\u03ba\u03b4\u03c1\u03bf\u03bc\u03ae:<\/strong><\/p>","protected":false},"featured_media":229,"template":"","meta":[],"product_brand":[],"product_cat":[144,443,123,124],"product_tag":[126,127,145,150,197,198,199,132,133,200,201,114,147,148],"class_list":{"0":"post-562","1":"product","2":"type-product","3":"status-publish","4":"has-post-thumbnail","6":"product_cat-kayaking","7":"product_cat-tours-y-excursiones-es","8":"product_cat-tours-excursions-los-haitises-national-park","9":"product_cat-tours-excursions-samana-bay-dominican-republic","10":"product_tag-cano-hondo","11":"product_tag-cano-hondo-hotel","12":"product_tag-day-tour-cano-hondo","13":"product_tag-kayak-dominican-republic","14":"product_tag-kayaking-dominican-republic","15":"product_tag-kayaking-los-haitises","16":"product_tag-kayaks","17":"product_tag-los-haitises","18":"product_tag-los-haitises-national-park","19":"product_tag-los-haitises-tours","20":"product_tag-private-tours-samana","21":"product_tag-sabana-de-la-mar","22":"product_tag-samana-bay","23":"product_tag-samana-excursions","25":"first","26":"instock","27":"sale","28":"sold-individually","29":"shipping-taxable","30":"product-type-external"},"_links":{"self":[{"href":"https:\/\/reservandoaventuras.com\/el\/wp-json\/wp\/v2\/product\/562","targetHints":{"allow":["GET"]}}],"collection":[{"href":"https:\/\/reservandoaventuras.com\/el\/wp-json\/wp\/v2\/product"}],"about":[{"href":"https:\/\/reservandoaventuras.com\/el\/wp-json\/wp\/v2\/types\/product"}],"wp:featuredmedia":[{"embeddable":true,"href":"https:\/\/reservandoaventuras.com\/el\/wp-json\/wp\/v2\/media\/229"}],"wp:attachment":[{"href":"https:\/\/reservandoaventuras.com\/el\/wp-json\/wp\/v2\/media?parent=562"}],"wp:term":[{"taxonomy":"product_brand","embeddable":true,"href":"https:\/\/reservandoaventuras.com\/el\/wp-json\/wp\/v2\/product_brand?post=562"},{"taxonomy":"product_cat","embeddable":true,"href":"https:\/\/reservandoaventuras.com\/el\/wp-json\/wp\/v2\/product_cat?post=562"},{"taxonomy":"product_tag","embeddable":true,"href":"https:\/\/reservandoaventuras.com\/el\/wp-json\/wp\/v2\/product_tag?post=562"}],"curies":[{"name":"wp","href":"https:\/\/api.w.org\/{rel}","templated":true}]}}