{"id":11469,"date":"2021-10-15T07:23:50","date_gmt":"2021-10-15T07:23:50","guid":{"rendered":"https:\/\/haitises.com\/?post_type=product&#038;p=11469"},"modified":"2021-10-15T07:24:27","modified_gmt":"2021-10-15T07:24:27","slug":"altos-de-cano-hondo-free-breakfast-for-2-guests","status":"publish","type":"product","link":"https:\/\/reservandoaventuras.com\/de\/private\/altos-de-cano-hondo-free-breakfast-for-2-guests\/","title":{"rendered":"Altos De Ca\u00f1o Hondo &#038; Free Breakfast for 2 Guests"},"content":{"rendered":"<div class=\"vc_row wpb_row vc_row-fluid\" ><div class=\"wpb_column vc_column_container vc_col-sm-12\"><div class=\"vc_column-inner\"><div class=\"wpb_wrapper\">\n\t<div class=\"wpb_text_column wpb_content_element\" >\n\t\t<div class=\"wpb_wrapper\">\n\t\t\t<p data-name-en=\"roomsize\"><strong>Kostenloses WiFi auf dem Zimmer oder in der Lobby,\u00a0<\/strong><strong>Kostenloses Parken, T\u00e4gliche Haushaltsf\u00fchrung<\/strong><\/p>\n<p data-name-en=\"roomsize\"><em>(Kostenloses Fr\u00fchst\u00fcck f\u00fcr 2 G\u00e4ste)<\/em><\/p>\n<h4 class=\"hprt-lightbox-title\" data-et-view=\"ZdffZZLJbFcFbRAOAcEUJXDbNZRO:1\"><strong>In Ihrem Badezimmer:<\/strong><\/h4>\n<ul class=\"hprt-lightbox-list js-lightbox-facilities\" data-nr-of-facilities=\"4\" data-et-view=\"\">\n<li class=\"hprt-lightbox-list__item js-lightbox-facility\" data-name-en=\"Shower\" data-id=\"4\">- Dusche<\/li>\n<li class=\"hprt-lightbox-list__item js-lightbox-facility\" data-name-en=\"Free Toiletries\" data-id=\"27\">- Kostenlose Toilettenartikel<\/li>\n<li class=\"hprt-lightbox-list__item js-lightbox-facility\" data-name-en=\"Bathroom\" data-id=\"38\">- Eigenes Badezimmer<\/li>\n<li class=\"hprt-lightbox-list__item js-lightbox-facility\" data-name-en=\"higher level toilet\" data-id=\"151\">- Erh\u00f6hte Toilette<\/li>\n<\/ul>\n<h4 class=\"hprt-lightbox-title\"><strong>Ausstattung der Zimmer:<\/strong><\/h4>\n<ul class=\"hprt-lightbox-list js-lightbox-facilities\" data-nr-of-facilities=\"10\">\n<li style=\"list-style-type: none;\">\n<ul class=\"hprt-lightbox-list js-lightbox-facilities\" data-nr-of-facilities=\"10\">\n<li class=\"hprt-lightbox-list__item js-lightbox-facility\" data-name-en=\"Balcony\" data-id=\"17\">- Balkon<\/li>\n<li class=\"hprt-lightbox-list__item js-lightbox-facility\" data-name-en=\"Garden View\" data-id=\"110\">- Blick aufs Meer<\/li>\n<li class=\"hprt-lightbox-list__item js-lightbox-facility\" data-name-en=\"Fan\" data-id=\"30\">\u2022 Fan<\/li>\n<li class=\"hprt-lightbox-list__item js-lightbox-facility\" data-name-en=\"Tumble dryer (machine)\" data-id=\"94\">- M\u00f6bel<\/li>\n<li>- 2 Doppelbetten<\/li>\n<li class=\"hprt-lightbox-list__item js-lightbox-facility\" data-name-en=\"Wardrobe\/Closet\" data-id=\"95\">- Kleiderschrank oder Garderobe<\/li>\n<\/ul>\n<\/li>\n<\/ul>\n<p>[weiter lesen]<\/p>\n<div>\n<h4><strong>Zugang f\u00fcr G\u00e4ste:<\/strong><\/h4>\n<ul>\n<li>- 24-Stunden-Rezeption<\/li>\n<li>- 16 rauchfreie G\u00e4stezimmer<\/li>\n<li>- Restaurant und Bar<\/li>\n<li>- Mehrsprachiges Personal<\/li>\n<li>- Ein Faulenzer und 11 Naturpools im Freien<\/li>\n<li>- Dachterrasse<\/li>\n<li>- Garten<\/li>\n<li>- Picknickplatz<\/li>\n<li>- T\u00e4gliche Haushaltsf\u00fchrung<\/li>\n<li>- W\u00e4schereidienst<\/li>\n<\/ul>\n<h2><strong><em>Zimmer-Komfort:<\/em><\/strong><\/h2>\n<ul>\n<li>Deckenventilator<\/li>\n<li>Individuell dekoriert<\/li>\n<li>Haartrockner (auf Anfrage)<\/li>\n<li>Kostenloses Wasser in Flaschen<\/li>\n<li>Balkon<\/li>\n<li>T\u00e4gliche Haushaltsf\u00fchrung<\/li>\n<li>24-Stunden-Rezeption<\/li>\n<li>Sch\u00f6ne Aussicht<\/li>\n<\/ul>\n<p>[\/read]<\/p>\n<hr \/>\n<h2>Mehr Details \u00fcber Ca\u00f1o Hondo:<\/h2>\n<h2><strong><em>Lagerfeuer &amp; Camping<\/em><\/strong><\/h2>\n<p>Genie\u00dfen Sie ein n\u00e4chtliches Lagerfeuer unter dem Sternenhimmel... keine Lichtverschmutzung, nur ein dunkler Nachthimmel und die Ger\u00e4usche des tropischen Waldlebens.<\/p>\n<p>Neben dem hervorragenden Service k\u00f6nnen Sie die typische lokale K\u00fcche (frische Meeresfr\u00fcchte) oder Outdoor-Aktivit\u00e4ten und Ausfl\u00fcge mit einem professionellen lokalen Reiseleiter genie\u00dfen.<\/p>\n<p>Jedes unserer 16 Zimmer ist nach V\u00f6geln benannt, die im Nationalpark Los Haitises zu finden sind (es gibt etwa 110 Arten im Park). Vor allem die Zimmer sind individuell eingerichtet, voll positive Energie, die auf besseren Aufenthalt im Ca\u00f1o Hondo bringt. Sie k\u00f6nnen den Blick auf die San Lorenzo Bay und die Samana Bay genie\u00dfen!<\/p>\n<p>&nbsp;<\/p>\n<hr \/>\n<h2>Sonderangebote Ca\u00f1o Hondo Aktivit\u00e4ten &amp; Ausfl\u00fcge<\/h2>\n<ul>\n<li>Liste der Aktivit\u00e4ten und Exkursionen:<\/li>\n<li>Seilrutschen<\/li>\n<li>Klettern an der Felswand<\/li>\n<li>Reiten<\/li>\n<li>Wanderweg im Nationalpark (2 oder 4 Stunden, kann mit Kajakfahren kombiniert werden)<\/li>\n<li>Kajakfahren (2 oder 4 Stunden, kann mit Wandern kombiniert werden)<\/li>\n<li>Gef\u00fchrte Bootstouren in Los Haitises zu den H\u00f6hlen<\/li>\n<li>Walbeobachtung (Saison vom 15. Januar bis 30. M\u00e4rz)<\/li>\n<li>Gef\u00fchrte Vogelbeobachtung<\/li>\n<li>Entdecken Sie den Park Los Haitises mit dem Kanu<\/li>\n<li>Cayo Levantado\/Bacardi-Insel<\/li>\n<li>Wasserf\u00e4lle El Limon<\/li>\n<li>Fronton Strand<\/li>\n<li>Boca del Diablo<\/li>\n<li>ATV + Strand von El Valle<\/li>\n<\/ul>\n<p>Wir machen eine private oder Gruppe Touren, kombinierte Pakete, die zu unseren G\u00e4sten passen. F\u00fcr weitere Informationen \u00fcber Aktivit\u00e4ten und Ausfl\u00fcge, kontaktieren Sie uns bitte.<\/p>\n<h2><span class=\"_6ijom0\">Ca\u00f1o Hondo G\u00e4stezugang<\/span><\/h2>\n<p>Was ist um ...<\/p>\n<ol>\n<li>16 rauchfreie G\u00e4stezimmer<\/li>\n<li>Restaurant und Bar\/Lounge<\/li>\n<li>Lazy River und 15 Au\u00dfenbecken<\/li>\n<li>Kostenloser Wasserpark<\/li>\n<li>Dachterrasse<\/li>\n<li>24-Stunden-Rezeption<\/li>\n<li>T\u00e4gliche Haushaltsf\u00fchrung<\/li>\n<li>Garten-Ansichten<\/li>\n<li>W\u00e4schereidienst<\/li>\n<li>Mehrsprachiges Personal<\/li>\n<li>Concierge-Dienste<\/li>\n<li>Picknickplatz<\/li>\n<li>Kostenloses Fr\u00fchst\u00fccksbuffet, kostenloses WiFi in den \u00f6ffentlichen Bereichen und kostenlose Parkpl\u00e4tze<\/li>\n<\/ol>\n<\/div>\n\n\t\t<\/div>\n\t<\/div>\n<\/div><\/div><\/div><\/div><div class=\"vc_row wpb_row vc_row-fluid\" ><div class=\"wpb_column vc_column_container vc_col-sm-12\"><div class=\"vc_column-inner\"><div class=\"wpb_wrapper\">\n\t<div class=\"wpb_text_column wpb_content_element\" >\n\t\t<div class=\"wpb_wrapper\">\n\t\t\t<h2><em>Andere Zimmer Optionen<\/em><\/h2>\n<div id=\"gtx-trans\" style=\"position: absolute; left: -6px; top: 45.275px;\">\n<div class=\"gtx-trans-icon\"><\/div>\n<\/div>\n\n\t\t<\/div>\n\t<\/div>\n<\/div><\/div><\/div><\/div><div class=\"vc_row wpb_row vc_row-fluid\" ><div class=\"wpb_column vc_column_container vc_col-sm-12\"><div class=\"vc_column-inner\"><div class=\"wpb_wrapper\"><div class=\"woocommerce columns-3\"><ul class=\"products columns-3\">\n<li class=\"product type-product post-11916 status-publish first instock product_cat-1-samana product_cat-boat-trip-los-haitises product_cat-caves product_cat-hiking product_cat-kayaking product_cat-local-tour-guides product_cat-lunch product_cat-mangroves product_cat-natural-pools-los-haitises product_cat-swimming-natural-springs product_cat-tours-and-excursions product_cat-tours-excursions-los-haitises-national-park product_cat-tours-excursions-samana-bay-dominican-republic product_tag-cano-hondo product_tag-cano-hondo-hotel product_tag-cano-hondo-tours product_tag-day-tour-cano-hondo product_tag-los-haitises product_tag-los-haitises-national-park product_tag-mangroves-los-haitises product_tag-samana-bay product_tag-samana-excursions product_tag-samana-tours has-post-thumbnail sale sold-individually shipping-taxable product-type-external\">\n\t<div class=\"mkdf-pl-inner\"><div class=\"mkdf-pl-image\">\n\t<span class=\"mkdf-onsale\">SALE<\/span>\n\t<img loading=\"lazy\" decoding=\"async\" width=\"300\" height=\"300\" src=\"https:\/\/reservandoaventuras.com\/wp-content\/uploads\/2020\/06\/cano-hondo-300x300.jpg\" class=\"attachment-woocommerce_thumbnail size-woocommerce_thumbnail\" alt=\"Haitises + Tropischer Pool\" srcset=\"https:\/\/reservandoaventuras.com\/wp-content\/uploads\/2020\/06\/cano-hondo-300x300.jpg 300w, https:\/\/reservandoaventuras.com\/wp-content\/uploads\/2020\/06\/cano-hondo-100x100.jpg 100w, https:\/\/reservandoaventuras.com\/wp-content\/uploads\/2020\/06\/cano-hondo-150x150.jpg 150w, https:\/\/reservandoaventuras.com\/wp-content\/uploads\/2020\/06\/cano-hondo-550x550.jpg 550w\" sizes=\"auto, (max-width: 300px) 100vw, 300px\" title=\"\"><div class=\"mkdf-pl-text\"><div class=\"mkdf-pl-text-outer\"><div class=\"mkdf-pl-text-inner\"><a href=\"https:\/\/bookingadventures.tours\/booking.php?slug=Los_Haitises_National_Park__Lunch_at_Cao_Hondo_from_Sabana_de_la_Mar\" aria-describedby=\"woocommerce_loop_add_to_cart_link_describedby_11916\" data-quantity=\"1\" class=\"button product_type_external\" data-product_id=\"11916\" data-product_sku=\"\" aria-label=\"JETZT BUCHEN\" rel=\"nofollow noopener\" target=\"_blank\">JETZT BUCHEN<\/a>\t<span id=\"woocommerce_loop_add_to_cart_link_describedby_11916\" class=\"screen-reader-text\">\n\t\t\t<\/span>\n<\/div><\/div><\/div><\/div><a href=\"https:\/\/reservandoaventuras.com\/de\/private\/los-haitises-nationalpark-mittagessen-in-cano-hondo-vom-hafen-von-samana\/\" class=\"woocommerce-LoopProduct-link woocommerce-loop-product__link\"><\/a><\/div><div class=\"mkdf-pl-text-wrapper\"><h4 class=\"mkdf-product-list-title\"><a href=\"https:\/\/reservandoaventuras.com\/de\/private\/los-haitises-nationalpark-mittagessen-in-cano-hondo-vom-hafen-von-samana\/\">Haitises + Tropischer Pool<\/a><\/h4>\n\t<span class=\"price\"><del aria-hidden=\"true\"><span class=\"woocommerce-Price-amount amount\"><bdi><span class=\"woocommerce-Price-currencySymbol\">&#36;<\/span>150.00<\/bdi><\/span><\/del> <span class=\"screen-reader-text\">Urspr\u00fcnglicher Preis war: &#036;150.00<\/span><ins aria-hidden=\"true\"><span class=\"woocommerce-Price-amount amount\"><bdi><span class=\"woocommerce-Price-currencySymbol\">&#36;<\/span>97.50<\/bdi><\/span><\/ins><span class=\"screen-reader-text\">Aktueller Preis ist: &#036;97.50.<\/span><\/span>\n<\/div><\/li><li class=\"product type-product post-11912 status-publish instock product_cat-1-samana product_cat-boat-trip-los-haitises product_cat-tours-excursions-los-haitises-national-park product_cat-tours-excursions-samana-bay-dominican-republic product_tag-bacardi-island product_tag-bacardi-island-tours product_tag-birdwatching product_tag-boat-tour product_tag-caves-los-haitises product_tag-cayo-levantado product_tag-cayo-levantado-tour product_tag-eco-tours product_tag-excursiones-a-los-haitises-y-cayo-levantado product_tag-haitises-park-and-cayo-levantado-island product_tag-los-haitises product_tag-los-haitises-excursiones product_tag-los-haitises-excursions product_tag-los-haitises-mapa product_tag-los-haitises-mas-cayo-levantado product_tag-los-haitises-national-park product_tag-los-haitises-national-park-map product_tag-los-haitises-national-park-mas-cayo-levantado product_tag-los-haitises-national-park-tour-from-las-terrenas product_tag-los-haitises-national-park-tour-from-samana-port-bacardi-island-cayo-levantado product_tag-los-haitises-national-park-tour-from-santo-domingo product_tag-los-haitises-park-tour-cayo-levantado-island product_tag-los-haitises-samana product_tag-los-haitises-y-cayo-levantado product_tag-sabana-de-la-mar product_tag-samana product_tag-samana-excursions product_tag-samana-tours product_tag-tour-los-haitises-national-park-cayo-levantado has-post-thumbnail sale sold-individually shipping-taxable product-type-external\">\n\t<div class=\"mkdf-pl-inner\"><div class=\"mkdf-pl-image\">\n\t<span class=\"mkdf-onsale\">SALE<\/span>\n\t<img loading=\"lazy\" decoding=\"async\" width=\"274\" height=\"184\" src=\"https:\/\/reservandoaventuras.com\/wp-content\/uploads\/2020\/06\/The-Haitises-National-Park-sand-cave.jpg\" class=\"attachment-woocommerce_thumbnail size-woocommerce_thumbnail\" alt=\"Private: Los Haitises &amp; Cayo Levantado from Samana\" srcset=\"https:\/\/reservandoaventuras.com\/wp-content\/uploads\/2020\/06\/The-Haitises-National-Park-sand-cave.jpg 274w, https:\/\/reservandoaventuras.com\/wp-content\/uploads\/2020\/06\/The-Haitises-National-Park-sand-cave-64x43.jpg 64w\" sizes=\"auto, (max-width: 274px) 100vw, 274px\" title=\"\"><div class=\"mkdf-pl-text\"><div class=\"mkdf-pl-text-outer\"><div class=\"mkdf-pl-text-inner\"><a href=\"https:\/\/bookingadventures.tours\/booking.php?slug=SAMANA__LOS_HAITISES__CAYO_LEVANTADO\" aria-describedby=\"woocommerce_loop_add_to_cart_link_describedby_11912\" data-quantity=\"1\" class=\"button product_type_external\" data-product_id=\"11912\" data-product_sku=\"\" aria-label=\"JETZT BUCHEN\" rel=\"nofollow noopener\" target=\"_blank\">JETZT BUCHEN<\/a>\t<span id=\"woocommerce_loop_add_to_cart_link_describedby_11912\" class=\"screen-reader-text\">\n\t\t\t<\/span>\n<\/div><\/div><\/div><\/div><a href=\"https:\/\/reservandoaventuras.com\/de\/private\/private-tour-zum-nationalpark-los-haitises-von-samana-port-bacardi-island-cayo-levantado\/\" class=\"woocommerce-LoopProduct-link woocommerce-loop-product__link\"><\/a><\/div><div class=\"mkdf-pl-text-wrapper\"><h4 class=\"mkdf-product-list-title\"><a href=\"https:\/\/reservandoaventuras.com\/de\/private\/private-tour-zum-nationalpark-los-haitises-von-samana-port-bacardi-island-cayo-levantado\/\">Privat: Los Haitises &amp; Cayo Levantado von Samana aus<\/a><\/h4>\n\t<span class=\"price\"><del aria-hidden=\"true\"><span class=\"woocommerce-Price-amount amount\"><bdi><span class=\"woocommerce-Price-currencySymbol\">&#36;<\/span>80.00<\/bdi><\/span><\/del> <span class=\"screen-reader-text\">Urspr\u00fcnglicher Preis war: &#036;80.00<\/span><ins aria-hidden=\"true\"><span class=\"woocommerce-Price-amount amount\"><bdi><span class=\"woocommerce-Price-currencySymbol\">&#36;<\/span>70.00<\/bdi><\/span><\/ins><span class=\"screen-reader-text\">Aktueller Preis ist: &#036;70.00.<\/span><\/span>\n<\/div><\/li><li class=\"product type-product post-11703 status-publish last instock product_cat-1-samana product_cat-boat-trip-los-haitises product_cat-cano-hondo product_cat-cano-hondo-2021 product_cat-los-haitises-national-park product_cat-natural-pools-los-haitises product_cat-tour-excursion product_cat-tours-excursions product_cat-tours-excursions-whale-watching-samana-bay-dominican-republic product_cat-whale-miches product_cat-whale-sabana-de-la-mar product_cat-whale-samana product_cat-whale-watching product_cat-whale-watching-puerto-plata product_cat-whale-watching-punta-cana product_cat-whale-watching-samana product_cat-whale-watching-samana-bay product_tag-bacardi-island product_tag-cano-hondo product_tag-cayo-levantado product_tag-los-haitises product_tag-samana product_tag-samana-tour product_tag-whale product_tag-whale-punta-cana product_tag-whale-sabana-de-la-mar product_tag-whale-samana product_tag-whale-watching-dominican-republic product_tag-whales-in-samana product_tag-whales-trips has-post-thumbnail sale shipping-taxable product-type-external\">\n\t<div class=\"mkdf-pl-inner\"><div class=\"mkdf-pl-image\">\n\t<span class=\"mkdf-onsale\">SALE<\/span>\n\t<img loading=\"lazy\" decoding=\"async\" width=\"300\" height=\"300\" src=\"https:\/\/reservandoaventuras.com\/wp-content\/uploads\/2021\/04\/whales-123-300x300.jpg\" class=\"attachment-woocommerce_thumbnail size-woocommerce_thumbnail\" alt=\"Ausflug Walbeobachtung Saman\u00e1-Bucht + Ca\u00f1o Hondo + Los Haitises ab Hafen Saman\u00e1\" srcset=\"https:\/\/reservandoaventuras.com\/wp-content\/uploads\/2021\/04\/whales-123-300x300.jpg 300w, https:\/\/reservandoaventuras.com\/wp-content\/uploads\/2021\/04\/whales-123-100x100.jpg 100w, https:\/\/reservandoaventuras.com\/wp-content\/uploads\/2021\/04\/whales-123-150x150.jpg 150w, https:\/\/reservandoaventuras.com\/wp-content\/uploads\/2021\/04\/whales-123-85x85.jpg 85w, https:\/\/reservandoaventuras.com\/wp-content\/uploads\/2021\/04\/whales-123-550x550.jpg 550w\" sizes=\"auto, (max-width: 300px) 100vw, 300px\" title=\"\"><div class=\"mkdf-pl-text\"><div class=\"mkdf-pl-text-outer\"><div class=\"mkdf-pl-text-inner\"><a href=\"https:\/\/bookingadventures.tours\/booking.php?slug=Whale_Watching_Saman_Bay__Cao_Hondo__Los_Haitises_from_Saman_port\" aria-describedby=\"woocommerce_loop_add_to_cart_link_describedby_11703\" data-quantity=\"1\" class=\"button product_type_external\" data-product_id=\"11703\" data-product_sku=\"\" aria-label=\"JETZT BUCHEN\" rel=\"nofollow noopener\" target=\"_blank\">JETZT BUCHEN<\/a>\t<span id=\"woocommerce_loop_add_to_cart_link_describedby_11703\" class=\"screen-reader-text\">\n\t\t\t<\/span>\n<\/div><\/div><\/div><\/div><a href=\"https:\/\/reservandoaventuras.com\/de\/private\/ausflug-walbeobachtung-samana-bucht-cano-hondo-los-haitises-vom-samana-hafen\/\" class=\"woocommerce-LoopProduct-link woocommerce-loop-product__link\"><\/a><\/div><div class=\"mkdf-pl-text-wrapper\"><h4 class=\"mkdf-product-list-title\"><a href=\"https:\/\/reservandoaventuras.com\/de\/private\/ausflug-walbeobachtung-samana-bucht-cano-hondo-los-haitises-vom-samana-hafen\/\">Ausflug Walbeobachtung Saman\u00e1-Bucht + Ca\u00f1o Hondo + Los Haitises ab Hafen Saman\u00e1<\/a><\/h4>\n\t<span class=\"price\"><del aria-hidden=\"true\"><span class=\"woocommerce-Price-amount amount\"><bdi><span class=\"woocommerce-Price-currencySymbol\">&#36;<\/span>150.00<\/bdi><\/span><\/del> <span class=\"screen-reader-text\">Urspr\u00fcnglicher Preis war: &#036;150.00<\/span><ins aria-hidden=\"true\"><span class=\"woocommerce-Price-amount amount\"><bdi><span class=\"woocommerce-Price-currencySymbol\">&#36;<\/span>140.00<\/bdi><\/span><\/ins><span class=\"screen-reader-text\">Aktueller Preis ist: &#036;140.00.<\/span><\/span>\n<\/div><\/li><\/ul>\n<\/div><\/div><\/div><\/div><\/div>","protected":false},"excerpt":{"rendered":"<h2><strong>Hotel Ca\u00f1o Hondo<\/strong><\/h2>\n<p><em>(Kostenloses Fr\u00fchst\u00fcck f\u00fcr 2 G\u00e4ste)<\/em><\/p>\n<p>Die Eco-Lodge ist ein magischer, friedlicher und origineller Ort, an dem man \u00fcbernachten kann. Dieses nat\u00fcrliche und authentische Hotel befindet sich im ber\u00fchmten Nationalpark Los Haitises in Sabana de la Mar. Alle unsere Zimmer sind voller positiver Energie und bieten einen atemberaubenden Blick auf die Bucht von San Lorenzo und die Bucht von Samana! Die Zimmer haben ein eigenes Bad mit Warmwasser und einen Deckenventilator. Das Fr\u00fchst\u00fcck ist im Preis inbegriffen, kostenloses Trinkwasser und Kaffee werden den ganzen Tag \u00fcber angeboten. Sie k\u00f6nnen auch aus unseren Speisepl\u00e4nen w\u00e4hlen.<br \/>\n[weiter lesen]<\/p>\n<h2><strong><em><span class=\"_6ijom0\">\u00a0Cano Hondo <\/span><\/em><\/strong><em><strong>Naturschwimmb\u00e4der<\/strong><\/em><\/h2>\n<p>Genie\u00dfen Sie mit Ihrer Familie oder Ihren G\u00e4sten nat\u00fcrliche \u00d6ko-Pools mit gesundem und erfrischendem Wasser, die sich wunderbar in die Landschaft einf\u00fcgen. Die Pools sind vollst\u00e4ndig biologisch und ben\u00f6tigen kein Chlor oder Chemikalien, die ihre eigene nat\u00fcrliche \u00d6kologie und ein ausgewogenes \u00d6kosystem entwickeln, indem sie auf eine bestimmte Art und Weise entworfen und gebaut werden.<\/p>\n<h2><em><strong>Ca\u00f1o Hondo Kinderregeln:<\/strong><\/em><\/h2>\n<p>-Kinder von 2-10 Jahren zahlen den Kindertarif<br \/>\n-Unter 2 Jahre alt kostenlos<\/p>\n<h2><em><strong>Ca\u00f1o Hondo Restaurant:\u00a0<\/strong><\/em><\/h2>\n<p>Es gibt ein Men\u00fc mit zahlreichen Optionen, aus denen Sie w\u00e4hlen k\u00f6nnen. Zu jeder Mahlzeit ist au\u00dferdem ein Getr\u00e4nk pro Person inbegriffen. Alkoholische Getr\u00e4nke sind gegen eine Geb\u00fchr erh\u00e4ltlich, ebenso wie zus\u00e4tzliche Getr\u00e4nke.<\/p>\n<p>Die Speisekarte des Hotels erz\u00e4hlt skurrile Geschichten \u00fcber einheimische W\u00f6rter und sagenhafte Geschichten der Region. Sie hebt auch die typischen Gerichte der Region wie Krabben, Muscheln und Minutas hervor, einen kleinen S\u00fc\u00dfwasserfisch, der vor Ort gerne gew\u00fcrzt und gebraten wird. Frische nat\u00fcrliche Fruchts\u00e4fte werden t\u00e4glich gewechselt: Limette, Melone, Mango, Tamarinde, Ananas usw.<br \/>\n[\/read]<\/p>","protected":false},"featured_media":11534,"template":"","meta":[],"product_brand":[],"product_cat":[558,560],"product_tag":[339,521,126,340,127,447,562,342],"class_list":{"0":"post-11469","1":"product","2":"type-product","3":"status-publish","4":"has-post-thumbnail","6":"product_cat-all-rooms","7":"product_cat-hotel-cano-hondo","8":"product_tag-altos-cano-hondo","9":"product_tag-altos-de-cano-hondo","10":"product_tag-cano-hondo","11":"product_tag-cano-hondo-day-pass","12":"product_tag-cano-hondo-hotel","13":"product_tag-hotel-cano-hondo","14":"product_tag-hotel-sabana-de-la-mar","15":"product_tag-paraiso-cano-hondo","17":"first","18":"instock","19":"shipping-taxable","20":"product-type-external"},"_links":{"self":[{"href":"https:\/\/reservandoaventuras.com\/de\/wp-json\/wp\/v2\/product\/11469","targetHints":{"allow":["GET"]}}],"collection":[{"href":"https:\/\/reservandoaventuras.com\/de\/wp-json\/wp\/v2\/product"}],"about":[{"href":"https:\/\/reservandoaventuras.com\/de\/wp-json\/wp\/v2\/types\/product"}],"wp:featuredmedia":[{"embeddable":true,"href":"https:\/\/reservandoaventuras.com\/de\/wp-json\/wp\/v2\/media\/11534"}],"wp:attachment":[{"href":"https:\/\/reservandoaventuras.com\/de\/wp-json\/wp\/v2\/media?parent=11469"}],"wp:term":[{"taxonomy":"product_brand","embeddable":true,"href":"https:\/\/reservandoaventuras.com\/de\/wp-json\/wp\/v2\/product_brand?post=11469"},{"taxonomy":"product_cat","embeddable":true,"href":"https:\/\/reservandoaventuras.com\/de\/wp-json\/wp\/v2\/product_cat?post=11469"},{"taxonomy":"product_tag","embeddable":true,"href":"https:\/\/reservandoaventuras.com\/de\/wp-json\/wp\/v2\/product_tag?post=11469"}],"curies":[{"name":"wp","href":"https:\/\/api.w.org\/{rel}","templated":true}]}}