{"id":11700,"date":"2023-10-04T07:40:34","date_gmt":"2023-10-04T07:40:34","guid":{"rendered":"https:\/\/haitises.com\/?post_type=product&#038;p=11700"},"modified":"2024-03-28T19:42:53","modified_gmt":"2024-03-28T19:42:53","slug":"hiking-trails-in-barahona-dominican-republic-cachote-mountains-tropical-fruits-swim-3","status":"publish","type":"product","link":"https:\/\/reservandoaventuras.com\/cy\/private\/hiking-trails-in-barahona-dominican-republic-cachote-mountains-tropical-fruits-swim-3\/","title":{"rendered":"Llwybrau cerdded yn Barahona (Gweriniaeth Dominica). Mynyddoedd Cachoote, Ffrwythau Trofannol a Nofio"},"content":{"rendered":"<p><span style=\"vertical-align: inherit;\"><span style=\"vertical-align: inherit;\"><div class=\"vc_row wpb_row vc_row-fluid\" ><\/div> <div class=\"wpb_column vc_column_container vc_col-sm-12\"><div class=\"vc_column-inner\"><div class=\"wpb_wrapper\"><\/div><\/div><\/div> <div class=\"mkdf-section-title-holder\" style=\"text-align: left\">\n\t<div class=\"mkdf-st-inner\">\n\t\t\t\t\t\t\t<h3 class=\"mkdf-st-title\" >\n\t\t\t\tRutas de senderismo en Barahona (Rep\u00fablica Dominicana).\t\t\t<\/h3>\n\t\t\t\t\t<\/div>\n<\/div> [\/ vc_column] [\/ vc_row] <div class=\"vc_row wpb_row vc_row-fluid\" ><\/div> <div class=\"wpb_column vc_column_container vc_col-sm-12\"><div class=\"vc_column-inner\"><div class=\"wpb_wrapper\"><\/div><\/div><\/div> \n\t<div class=\"wpb_text_column wpb_content_element\" >\n\t\t<div class=\"wpb_wrapper\">\n\t\t\t\n\t\t<\/div>\n\t<\/div>\n<\/span><\/span><\/p>\n<h4><b><i><span style=\"vertical-align: inherit;\"><span style=\"vertical-align: inherit;\">Visi\u00f3n general<\/span><\/span><\/i><\/b><\/h4>\n<p><span style=\"vertical-align: inherit;\"><span style=\"vertical-align: inherit;\">Disfruta de un d\u00eda de caminata en la Sierra de Cachote, Barahona. <\/span><span style=\"vertical-align: inherit;\">Partiendo de Paraiso Comunity. <\/span><span style=\"vertical-align: inherit;\">Aprendiendo sobre \u00e1reas de plantaciones de caf\u00e9. <\/span><span style=\"vertical-align: inherit;\">Nadar en manantiales naturales y una de las playas m\u00e1s hermosas de Rep\u00fablica Dominicana con fotos esc\u00e9nicas.<\/span><\/span><\/p>\n<h4><b><span style=\"vertical-align: inherit;\"><span style=\"vertical-align: inherit;\">Cynhwysiant a gwaharddiadau<\/span><\/span><\/b><\/h4>\n<p>&nbsp;<\/p>\n<p><b><span style=\"vertical-align: inherit;\"><span style=\"vertical-align: inherit;\">Cynhwysion<\/span><\/span><\/b><\/p>\n<ol>\n<li><span style=\"vertical-align: inherit;\"><span style=\"vertical-align: inherit;\">Gu\u00eda local con experiencia en seguridad en la zona.<\/span><\/span><\/li>\n<li><span style=\"vertical-align: inherit;\"><span style=\"vertical-align: inherit;\">Transporte privado para grupos peque\u00f1os.<\/span><\/span><\/li>\n<li><span style=\"vertical-align: inherit;\"><span style=\"vertical-align: inherit;\">Todos los impuestos, tarifas y cargos por manejo.<\/span><\/span><\/li>\n<li><span style=\"vertical-align: inherit;\"><span style=\"vertical-align: inherit;\">Recojo \/ Transporte de su hotel (zona de Barahona \/ Para\u00edso \/ Los Patos)<\/span><\/span><\/li>\n<li><span style=\"vertical-align: inherit;\"><span style=\"vertical-align: inherit;\">Gu\u00eda local que habla ingl\u00e9s o franc\u00e9s.<\/span><\/span><\/li>\n<li>Cinio arferol (math brechdanau) a photel o dd\u0175r<\/li>\n<li>Trethi lleol<\/li>\n<li>Heicio<\/li>\n<li>Pyllau Naturiol<\/li>\n<\/ol>\n<p><b>Gwaharddiadau<\/b><\/p>\n<ol>\n<li>Diolchgarwch<\/li>\n<li>Pob Diodydd<\/li>\n<li>Pob gwasanaeth heb ei grybwyll yn benodol<\/li>\n<li>Treuliau personol ac awgrymiadau<\/li>\n<\/ol>\n<h4><em><strong>Gadael a Dychwelyd<\/strong><\/em><\/h4>\n<p>Bydd y teithiwr yn cael man cyfarfod ar \u00f4l y Broses Archebu. Mae teithiau&#039;n cychwyn ac yn gorffen yn eich mannau cyfarfod.<\/p>\n<p>Anhawster: Canolig-Anodd<br \/>\nHyd y daith: 5-6 awr<br \/>\nUchder: 800 metr<br \/>\nGadael y Gwesty: 08.00 AM<br \/>\nDychwelyd i&#039;r Gwesty: 05.00 PM<\/p>\n<h2 class=\"styles__heading___mD4_3\" data-radium=\"true\">Llwybrau cerdded yn Barahona (Gweriniaeth Ddominicaidd). Mynyddoedd Cachoote, Ffrwythau Trofannol a Nofio<\/h2>\n<h4><em>Beth i&#039;w Ddisgwyl?<\/em><\/h4>\n<p>Byddwn yn cychwyn ar y daith gerdded hon yn nhref Ojeda, sy&#039;n enwog am ei chynhyrchiad gwych o ffrwythau a llysiau nodweddiadol Carib\u00efaidd. Ar hyd y ffordd, gallwn flasu afocados, orennau, grawnffrwyth, lemonau, guavas, mangoes, papayas, sapotes, a soursop!<\/p>\n<p>Ar \u00f4l 1 awr a hanner o ddringo, byddwn yn cyrraedd golygfa drawiadol dros dref Para\u00edso, y Riosito, a mynyddoedd uchel Cachote.<\/p>\n<p>Byddwn yn parhau i ddringo mewn hinsawdd oerach a mwy llaith nes i ni gyrraedd tref Barrio Nuevo lle byddwn yn cael cinio.<\/p>\n<p>Yn y prynhawn byddwn yn croesi fferm goffi godidog ar ben y mynydd sydd 800 metr uwchben lefel y m\u00f4r. Yna byddwn yn mynd i lawr am 1 awr nes i ni gyrraedd ceunant Riosito lle gallwn ymdrochi mewn pwll naturiol hardd wedi&#039;i amgylchynu gan y goedwig drofannol.<\/p>\n<p>Parhewch i gerdded trwy ddyffryn Riosito i orffen y diwrnod yn ymdrochi ar draeth Paraiso.<\/p>\n<h4><em><strong>Beth ddylech chi ddod?<\/strong><\/em><\/h4>\n<ul>\n<li>camera<\/li>\n<li>blagur ymlid<\/li>\n<li>eli haul<\/li>\n<li>Toiled<\/li>\n<li>Het<\/li>\n<li>Pants cyfforddus<\/li>\n<li>Esgidiau cerdded ar gyfer coedwig<\/li>\n<li>Sandalau i ardaloedd y Gwanwyn.<\/li>\n<li>Gwisgo nofio<\/li>\n<\/ul>\n<p>&nbsp;<\/p>\n<h4><b><i>Pickup Gwesty<\/i><\/b><\/h4>\n<p>Cynigir gwasanaeth casglu gwesty ar gyfer y daith hon. Codi\/Cludiant o&#039;ch gwesty (ardal Barahona\/Paraiso\/Los Patos).<\/p>\n<p><b>Nodyn:<\/b> Os cewch eich archebu o fewn 24 awr i amser gadael y daith\/Gwibdaith, gallwn drefnu i chi godi&#039;ch gwesty. Rydyn ni&#039;n codi yn ardaloedd Barahona. Unwaith y bydd eich pryniant wedi&#039;i gwblhau, byddwn yn anfon gwybodaeth gyswllt gyflawn atoch (rhif ff\u00f4n, cyfeiriad e-bost, ac ati) ar gyfer ein canllaw Taith leol i drefnu trefniadau casglu.<\/p>\n<h4><b><i>Gwybodaeth Ychwanegol Cadarnhad<\/i><\/b><\/h4>\n<ol>\n<li>Tocynnau yw&#039;r Derbynneb ar \u00f4l talu&#039;r Daith hon. Gallwch ddangos y taliad ar eich ff\u00f4n.<\/li>\n<li><span style=\"vertical-align: inherit;\"><span style=\"vertical-align: inherit;\">Derbynnir y man cyfarfod ar \u00f4l y broses archebu.<\/span><\/span><\/li>\n<li><span style=\"vertical-align: inherit;\"><span style=\"vertical-align: inherit;\">Rhaid i blant fod yng nghwmni oedolyn.<\/span><\/span><\/li>\n<li><span style=\"vertical-align: inherit;\"><span style=\"vertical-align: inherit;\">Ddim yn hygyrch i gadeiriau olwyn<\/span><\/span><\/li>\n<li><span style=\"vertical-align: inherit;\"><span style=\"vertical-align: inherit;\">Los beb\u00e9s deben sentarse en el regazo<\/span><\/span><\/li>\n<li><span style=\"vertical-align: inherit;\"><span style=\"vertical-align: inherit;\">Heb ei argymell ar gyfer teithwyr \u00e2 phroblemau cefn.<\/span><\/span><\/li>\n<li><span style=\"vertical-align: inherit;\"><span style=\"vertical-align: inherit;\">No recomendado para viajeras embarazadas.<\/span><\/span><\/li>\n<li><span style=\"vertical-align: inherit;\"><span style=\"vertical-align: inherit;\">Sin problemas card\u00edacos ni otras afecciones m\u00e9dicas graves<\/span><\/span><\/li>\n<li><span style=\"vertical-align: inherit;\"><span style=\"vertical-align: inherit;\">Gall y rhan fwyaf o deithwyr gymryd rhan<\/span><\/span><\/li>\n<\/ol>\n<h4><b><i><span style=\"vertical-align: inherit;\"><span style=\"vertical-align: inherit;\">Polisi canslo<\/span><\/span><\/i><\/b><\/h4>\n<p><span style=\"vertical-align: inherit;\"><span style=\"vertical-align: inherit;\">Para obtener un reembolso completo, cancele al menos 72 horas antes de la fecha de inicio de la experiencia. <\/span><span style=\"vertical-align: inherit;\">Los fondos se perder\u00e1n si la reserva se cancela el mismo d\u00eda del viaje. [\/ Vc_column_text] [\/ vc_column] [\/ vc_row]<\/span><\/span><\/p>","protected":false},"excerpt":{"rendered":"<p><span style=\"vertical-align: inherit;\"><span style=\"vertical-align: inherit;\">Compre un boleto de un d\u00eda a Bah\u00eda las \u00c1guilas desde Barahona. <\/span><span style=\"vertical-align: inherit;\">Conduciendo por el parque nacional Jaragua y rumbo a Cabo Rojo, donde un bote lo espera. <\/span><span style=\"vertical-align: inherit;\">Despu\u00e9s de un viaje de 15 minutos en bote, llegar\u00e1 a la hermosa y aislada Bah\u00eda de las \u00c1guilas, considerada la playa m\u00e1s hermosa del pa\u00eds. <\/span><span style=\"vertical-align: inherit;\">El almuerzo se servir\u00e1 en la playa y tendr\u00e1 la oportunidad de nadar o simplemente relajarse en la playa. <\/span><span style=\"vertical-align: inherit;\">Disfrute de la pr\u00edstina arena blanca de esta playa de 8 km de longitud.<\/span><\/span><\/p>\n<p>&nbsp;<\/p>\n<p><strong><span style=\"vertical-align: inherit;\"><span style=\"vertical-align: inherit;\">Seleccione el d\u00eda para este viaje:<\/span><\/span><\/strong><\/p>","protected":false},"featured_media":11131,"template":"","meta":[],"product_brand":[],"product_cat":[478,135],"product_tag":[479,407,480,481],"class_list":{"0":"post-11700","1":"product","2":"type-product","3":"status-publish","4":"has-post-thumbnail","6":"product_cat-barahona","7":"product_cat-lunch","8":"product_tag-barahona-hiking","9":"product_tag-barahona-tours","10":"product_tag-cachote-tour","11":"product_tag-paraiso-tour","13":"first","14":"instock","15":"sale","16":"sold-individually","17":"shipping-taxable","18":"product-type-external"},"_links":{"self":[{"href":"https:\/\/reservandoaventuras.com\/cy\/wp-json\/wp\/v2\/product\/11700","targetHints":{"allow":["GET"]}}],"collection":[{"href":"https:\/\/reservandoaventuras.com\/cy\/wp-json\/wp\/v2\/product"}],"about":[{"href":"https:\/\/reservandoaventuras.com\/cy\/wp-json\/wp\/v2\/types\/product"}],"wp:featuredmedia":[{"embeddable":true,"href":"https:\/\/reservandoaventuras.com\/cy\/wp-json\/wp\/v2\/media\/11131"}],"wp:attachment":[{"href":"https:\/\/reservandoaventuras.com\/cy\/wp-json\/wp\/v2\/media?parent=11700"}],"wp:term":[{"taxonomy":"product_brand","embeddable":true,"href":"https:\/\/reservandoaventuras.com\/cy\/wp-json\/wp\/v2\/product_brand?post=11700"},{"taxonomy":"product_cat","embeddable":true,"href":"https:\/\/reservandoaventuras.com\/cy\/wp-json\/wp\/v2\/product_cat?post=11700"},{"taxonomy":"product_tag","embeddable":true,"href":"https:\/\/reservandoaventuras.com\/cy\/wp-json\/wp\/v2\/product_tag?post=11700"}],"curies":[{"name":"wp","href":"https:\/\/api.w.org\/{rel}","templated":true}]}}